{"id":1527,"date":"2021-04-25T17:26:14","date_gmt":"2021-04-25T17:26:14","guid":{"rendered":"https:\/\/www.grounddatabank.com\/?page_id=1527"},"modified":"2024-08-15T05:57:00","modified_gmt":"2024-08-15T05:57:00","slug":"persoonlijk-advies","status":"publish","type":"page","link":"https:\/\/www.grounddatabank.com\/hr\/osobni-savjet\/","title":{"rendered":"osobni savjet"},"content":{"rendered":"<div data-elementor-type=\"wp-page\" data-elementor-id=\"1527\" class=\"elementor elementor-1527\">\n\t\t\t\t\t\t<section class=\"elementor-section elementor-top-section elementor-element elementor-element-b1817c5 elementor-section-boxed elementor-section-height-default elementor-section-height-default\" data-id=\"b1817c5\" data-element_type=\"section\">\n\t\t\t\t\t\t<div class=\"elementor-container elementor-column-gap-default\">\n\t\t\t\t\t<div class=\"elementor-column elementor-col-100 elementor-top-column elementor-element elementor-element-fda2f65\" data-id=\"fda2f65\" data-element_type=\"column\">\n\t\t\t<div class=\"elementor-widget-wrap elementor-element-populated\">\n\t\t\t\t\t\t<div class=\"elementor-element elementor-element-1d9ae43 elementor-widget elementor-widget-text-editor\" data-id=\"1d9ae43\" data-element_type=\"widget\" data-widget_type=\"text-editor.default\">\n\t\t\t\t<div class=\"elementor-widget-container\">\n\t\t\t\t\t\t\t<p style=\"font-size: 15px;\"><span style=\"color: rgb(64, 224, 208);\">osobni savjet<\/span><br>Uspjeh va\u0161e tvrtke vrlo je odlu\u010duju\u0107i odabirom prave lokacije. GroundDataBank vam u tome poma\u017ee uz pomo\u0107 analiza temeljenih na informacijama o va\u0161oj tvrtki.<br>Ove se analize tako\u0111er mogu primijeniti kao savjeti za pojedince koji tra\u017ee savr\u0161eni komad zemlje za privatnu upotrebu.<\/p><p style=\"font-size: 15px;\">Analize se rade na sljede\u0107im aspektima.<\/p><p style=\"font-size: 15px;\"><span style=\"color: rgb(64, 224, 208);\">Logisti\u010dki savjeti i prijevoz tereta<\/span><br>Pristupa\u010dnost Va\u0161e tvrtke vrlo je va\u017ena. Cestovni, \u017eeljezni\u010dki, vodeni ili zra\u010dni prijevoz mo\u017ee biti klju\u010dan za va\u0161e poslovanje. GroundDataBank vizualizira najzanimljivije lokacije vr\u0161e\u0107i analizu, na primjer, plovnih putova, zra\u010dnih luka i \u017eeljezni\u010dkih linija u blizini va\u0161e potencijalne lokacije iz snova.<\/p><p style=\"font-size: 15px;\"><span style=\"color: rgb(64, 224, 208);\">Pristupa\u010dnost i osoblje<\/span><br>Uw stuk grond kan dan wel op een goede locatie gevestigd worden op logistiek gebied, maar het is ook uiterst belangrijk dat er inzicht gecre\u00eberd wordt in de arbeidspotentie van de locatie. GroundDataBank helpt hierbij door analyses te maken die inzicht geven in onder andere het beschikbare personeel in de buurt, hun opleidingsniveau en hoe het personeel op uw locatie kan komen. Dit artikel vermeldt jouw favoriet tegen super lage prijzen. Kies uit bezorging op dezelfde dag, bezorging op locatie of afhalen van bestellingen.<\/p><p style=\"font-size: 15px;\"><span style=\"color: rgb(64, 224, 208);\">Analiza tr\u017ei\u0161ta i prodajna podru\u010dja<\/span><br>Uz prethodno navedene analize potrebno je izraditi i strate\u0161ke analize za va\u0161u tvrtku. Va\u017eno je ste\u0107i uvid u to gdje se u blizini va\u0161e lokacije nalaze potencijalni kupci i koliko va\u0161a tvrtka mo\u017ee prodati u tom podru\u010dju. Stoga GroundDataBank provodi razli\u010dite analize, poput istra\u017eivanja industrije i analize konkurencije.<\/p><p style=\"font-size: 15px;\"><span style=\"color: rgb(64, 224, 208);\">Komercijalne nekretnine i okoli\u0161<\/span><br>GroundDataBank tako\u0111er ima sve potrebne podatke o svim dostupnim lokacijama za va\u0161u tvrtku. To vam daje do znanja kolike su rente i cijene zemlji\u0161ta, kakvi su prostorni planovi za razli\u010dite lokacije i kakvi su uvjeti tla i sadr\u017eaj du\u0161ika.<\/p>\t\t\t\t\t\t<\/div>\n\t\t\t\t<\/div>\n\t\t\t\t\t<\/div>\n\t\t<\/div>\n\t\t\t\t\t<\/div>\n\t\t<\/section>\n\t\t\t\t<section class=\"elementor-section elementor-top-section elementor-element elementor-element-49446170 elementor-section-content-middle elementor-section-boxed elementor-section-height-default elementor-section-height-default\" data-id=\"49446170\" data-element_type=\"section\">\n\t\t\t\t\t\t<div class=\"elementor-container elementor-column-gap-no\">\n\t\t\t\t\t<div class=\"elementor-column elementor-col-100 elementor-top-column elementor-element elementor-element-6dd79295\" data-id=\"6dd79295\" data-element_type=\"column\">\n\t\t\t<div class=\"elementor-widget-wrap elementor-element-populated\">\n\t\t\t\t\t\t<div class=\"elementor-element elementor-element-53e1222d elementor-widget elementor-widget-heading\" data-id=\"53e1222d\" data-element_type=\"widget\" data-widget_type=\"heading.default\">\n\t\t\t\t<div class=\"elementor-widget-container\">\n\t\t\t<h4 class=\"elementor-heading-title elementor-size-default\">Znate vi\u0161e?<\/h4>\t\t<\/div>\n\t\t\t\t<\/div>\n\t\t\t\t<div class=\"elementor-element elementor-element-208b012f elementor-widget elementor-widget-text-editor\" data-id=\"208b012f\" data-element_type=\"widget\" data-widget_type=\"text-editor.default\">\n\t\t\t\t<div class=\"elementor-widget-container\">\n\t\t\t\t\t\t\t<p>Slobodno kontaktirajte GroundDataBank.<\/p>\t\t\t\t\t\t<\/div>\n\t\t\t\t<\/div>\n\t\t\t\t<div class=\"elementor-element elementor-element-59c3b9aa elementor-align-center elementor-widget elementor-widget-button\" data-id=\"59c3b9aa\" data-element_type=\"widget\" data-widget_type=\"button.default\">\n\t\t\t\t<div class=\"elementor-widget-container\">\n\t\t\t\t\t<div class=\"elementor-button-wrapper\">\n\t\t\t<a class=\"elementor-button elementor-button-link elementor-size-sm elementor-animation-grow\" href=\"https:\/\/www.grounddatabank.com\/hr\/kontakt\/\">\n\t\t\t\t\t\t<span class=\"elementor-button-content-wrapper\">\n\t\t\t\t\t\t\t\t\t<span class=\"elementor-button-text\">Kontakt<\/span>\n\t\t\t\t\t<\/span>\n\t\t\t\t\t<\/a>\n\t\t<\/div>\n\t\t\t\t<\/div>\n\t\t\t\t<\/div>\n\t\t\t\t\t<\/div>\n\t\t<\/div>\n\t\t\t\t\t<\/div>\n\t\t<\/section>\n\t\t\t\t<\/div>","protected":false},"excerpt":{"rendered":"<p>Persoonlijk adviesHet succes van uw onderneming is erg bepalend door de juiste vestigingslocatie te kiezen. GroundDataBank helpt u hiermee met behulp van analyses op basis van uw bedrijfsinformatie.Deze analyses kunnen ook worden toegepast bij het advies voor particulieren die op zoek zijn naar het perfecte stuk grond voor priv\u00e9 gebruik. Er worden analyses gemaakt op&#8230;<\/p>","protected":false},"author":4,"featured_media":0,"parent":0,"menu_order":0,"comment_status":"closed","ping_status":"closed","template":"","meta":{"inline_featured_image":false,"footnotes":""},"class_list":["post-1527","page","type-page","status-publish","hentry"],"yoast_head":"<!-- This site is optimized with the Yoast SEO plugin v27.4 - https:\/\/yoast.com\/product\/yoast-seo-wordpress\/ -->\n<title>Persoonlijk advies - GroundDataBank<\/title>\n<meta name=\"robots\" content=\"index, follow, max-snippet:-1, max-image-preview:large, max-video-preview:-1\" \/>\n<link rel=\"canonical\" href=\"https:\/\/www.grounddatabank.com\/hr\/osobni-savjet\/\" \/>\n<meta property=\"og:locale\" content=\"hr_HR\" \/>\n<meta property=\"og:type\" content=\"article\" \/>\n<meta property=\"og:title\" content=\"Persoonlijk advies - GroundDataBank\" \/>\n<meta property=\"og:description\" content=\"Persoonlijk adviesHet succes van uw onderneming is erg bepalend door de juiste vestigingslocatie te kiezen. GroundDataBank helpt u hiermee met behulp van analyses op basis van uw bedrijfsinformatie.Deze analyses kunnen ook worden toegepast bij het advies voor particulieren die op zoek zijn naar het perfecte stuk grond voor priv\u00e9 gebruik. Er worden analyses gemaakt op...\" \/>\n<meta property=\"og:url\" content=\"https:\/\/www.grounddatabank.com\/hr\/osobni-savjet\/\" \/>\n<meta property=\"og:site_name\" content=\"GroundDataBank\" \/>\n<meta property=\"article:modified_time\" content=\"2024-08-15T05:57:00+00:00\" \/>\n<meta property=\"og:image\" content=\"https:\/\/www.grounddatabank.com\/wp-content\/uploads\/2022\/11\/Grounddatabank-scaled.jpg\" \/>\n\t<meta property=\"og:image:width\" content=\"2560\" \/>\n\t<meta property=\"og:image:height\" content=\"1339\" \/>\n\t<meta property=\"og:image:type\" content=\"image\/jpeg\" \/>\n<meta name=\"twitter:card\" content=\"summary_large_image\" \/>\n<meta name=\"twitter:label1\" content=\"Procijenjeno vrijeme \u010ditanja\" \/>\n\t<meta name=\"twitter:data1\" content=\"2 minute\" \/>\n<script type=\"application\/ld+json\" class=\"yoast-schema-graph\">{\"@context\":\"https:\\\/\\\/schema.org\",\"@graph\":[{\"@type\":\"WebPage\",\"@id\":\"https:\\\/\\\/www.grounddatabank.com\\\/persoonlijk-advies\\\/\",\"url\":\"https:\\\/\\\/www.grounddatabank.com\\\/persoonlijk-advies\\\/\",\"name\":\"Persoonlijk advies - GroundDataBank\",\"isPartOf\":{\"@id\":\"https:\\\/\\\/www.grounddatabank.com\\\/#website\"},\"datePublished\":\"2021-04-25T17:26:14+00:00\",\"dateModified\":\"2024-08-15T05:57:00+00:00\",\"breadcrumb\":{\"@id\":\"https:\\\/\\\/www.grounddatabank.com\\\/persoonlijk-advies\\\/#breadcrumb\"},\"inLanguage\":\"hr\",\"potentialAction\":[{\"@type\":\"ReadAction\",\"target\":[\"https:\\\/\\\/www.grounddatabank.com\\\/persoonlijk-advies\\\/\"]}]},{\"@type\":\"BreadcrumbList\",\"@id\":\"https:\\\/\\\/www.grounddatabank.com\\\/persoonlijk-advies\\\/#breadcrumb\",\"itemListElement\":[{\"@type\":\"ListItem\",\"position\":1,\"name\":\"Home\",\"item\":\"https:\\\/\\\/www.grounddatabank.com\\\/\"},{\"@type\":\"ListItem\",\"position\":2,\"name\":\"Persoonlijk advies\"}]},{\"@type\":\"WebSite\",\"@id\":\"https:\\\/\\\/www.grounddatabank.com\\\/#website\",\"url\":\"https:\\\/\\\/www.grounddatabank.com\\\/\",\"name\":\"GroundDataBank\",\"description\":\"Grond is machtig, GroundDataBank is krachtig!\",\"publisher\":{\"@id\":\"https:\\\/\\\/www.grounddatabank.com\\\/#organization\"},\"potentialAction\":[{\"@type\":\"SearchAction\",\"target\":{\"@type\":\"EntryPoint\",\"urlTemplate\":\"https:\\\/\\\/www.grounddatabank.com\\\/?s={search_term_string}\"},\"query-input\":{\"@type\":\"PropertyValueSpecification\",\"valueRequired\":true,\"valueName\":\"search_term_string\"}}],\"inLanguage\":\"hr\"},{\"@type\":\"Organization\",\"@id\":\"https:\\\/\\\/www.grounddatabank.com\\\/#organization\",\"name\":\"GroundDataBank\",\"url\":\"https:\\\/\\\/www.grounddatabank.com\\\/\",\"logo\":{\"@type\":\"ImageObject\",\"inLanguage\":\"hr\",\"@id\":\"https:\\\/\\\/www.grounddatabank.com\\\/#\\\/schema\\\/logo\\\/image\\\/\",\"url\":\"https:\\\/\\\/www.grounddatabank.com\\\/wp-content\\\/uploads\\\/2021\\\/04\\\/logo_small_icon_only.png\",\"contentUrl\":\"https:\\\/\\\/www.grounddatabank.com\\\/wp-content\\\/uploads\\\/2021\\\/04\\\/logo_small_icon_only.png\",\"width\":300,\"height\":300,\"caption\":\"GroundDataBank\"},\"image\":{\"@id\":\"https:\\\/\\\/www.grounddatabank.com\\\/#\\\/schema\\\/logo\\\/image\\\/\"}}]}<\/script>\n<!-- \/ Yoast SEO plugin. -->","yoast_head_json":{"title":"Persoonlijk advies - GroundDataBank","robots":{"index":"index","follow":"follow","max-snippet":"max-snippet:-1","max-image-preview":"max-image-preview:large","max-video-preview":"max-video-preview:-1"},"canonical":"https:\/\/www.grounddatabank.com\/hr\/osobni-savjet\/","og_locale":"hr_HR","og_type":"article","og_title":"Persoonlijk advies - GroundDataBank","og_description":"Persoonlijk adviesHet succes van uw onderneming is erg bepalend door de juiste vestigingslocatie te kiezen. GroundDataBank helpt u hiermee met behulp van analyses op basis van uw bedrijfsinformatie.Deze analyses kunnen ook worden toegepast bij het advies voor particulieren die op zoek zijn naar het perfecte stuk grond voor priv\u00e9 gebruik. Er worden analyses gemaakt op...","og_url":"https:\/\/www.grounddatabank.com\/hr\/osobni-savjet\/","og_site_name":"GroundDataBank","article_modified_time":"2024-08-15T05:57:00+00:00","og_image":[{"width":2560,"height":1339,"url":"https:\/\/www.grounddatabank.com\/wp-content\/uploads\/2022\/11\/Grounddatabank-scaled.jpg","type":"image\/jpeg"}],"twitter_card":"summary_large_image","twitter_misc":{"Procijenjeno vrijeme \u010ditanja":"2 minute"},"schema":{"@context":"https:\/\/schema.org","@graph":[{"@type":"WebPage","@id":"https:\/\/www.grounddatabank.com\/persoonlijk-advies\/","url":"https:\/\/www.grounddatabank.com\/persoonlijk-advies\/","name":"Persoonlijk advies - GroundDataBank","isPartOf":{"@id":"https:\/\/www.grounddatabank.com\/#website"},"datePublished":"2021-04-25T17:26:14+00:00","dateModified":"2024-08-15T05:57:00+00:00","breadcrumb":{"@id":"https:\/\/www.grounddatabank.com\/persoonlijk-advies\/#breadcrumb"},"inLanguage":"hr","potentialAction":[{"@type":"ReadAction","target":["https:\/\/www.grounddatabank.com\/persoonlijk-advies\/"]}]},{"@type":"BreadcrumbList","@id":"https:\/\/www.grounddatabank.com\/persoonlijk-advies\/#breadcrumb","itemListElement":[{"@type":"ListItem","position":1,"name":"Home","item":"https:\/\/www.grounddatabank.com\/"},{"@type":"ListItem","position":2,"name":"Persoonlijk advies"}]},{"@type":"WebSite","@id":"https:\/\/www.grounddatabank.com\/#website","url":"https:\/\/www.grounddatabank.com\/","name":"GroundDataBank","description":"Grond is machtig, GroundDataBank is krachtig!","publisher":{"@id":"https:\/\/www.grounddatabank.com\/#organization"},"potentialAction":[{"@type":"SearchAction","target":{"@type":"EntryPoint","urlTemplate":"https:\/\/www.grounddatabank.com\/?s={search_term_string}"},"query-input":{"@type":"PropertyValueSpecification","valueRequired":true,"valueName":"search_term_string"}}],"inLanguage":"hr"},{"@type":"Organization","@id":"https:\/\/www.grounddatabank.com\/#organization","name":"GroundDataBank","url":"https:\/\/www.grounddatabank.com\/","logo":{"@type":"ImageObject","inLanguage":"hr","@id":"https:\/\/www.grounddatabank.com\/#\/schema\/logo\/image\/","url":"https:\/\/www.grounddatabank.com\/wp-content\/uploads\/2021\/04\/logo_small_icon_only.png","contentUrl":"https:\/\/www.grounddatabank.com\/wp-content\/uploads\/2021\/04\/logo_small_icon_only.png","width":300,"height":300,"caption":"GroundDataBank"},"image":{"@id":"https:\/\/www.grounddatabank.com\/#\/schema\/logo\/image\/"}}]}},"_links":{"self":[{"href":"https:\/\/www.grounddatabank.com\/hr\/wp-json\/wp\/v2\/pages\/1527","targetHints":{"allow":["GET"]}}],"collection":[{"href":"https:\/\/www.grounddatabank.com\/hr\/wp-json\/wp\/v2\/pages"}],"about":[{"href":"https:\/\/www.grounddatabank.com\/hr\/wp-json\/wp\/v2\/types\/page"}],"author":[{"embeddable":true,"href":"https:\/\/www.grounddatabank.com\/hr\/wp-json\/wp\/v2\/users\/4"}],"replies":[{"embeddable":true,"href":"https:\/\/www.grounddatabank.com\/hr\/wp-json\/wp\/v2\/comments?post=1527"}],"version-history":[{"count":43,"href":"https:\/\/www.grounddatabank.com\/hr\/wp-json\/wp\/v2\/pages\/1527\/revisions"}],"predecessor-version":[{"id":4068,"href":"https:\/\/www.grounddatabank.com\/hr\/wp-json\/wp\/v2\/pages\/1527\/revisions\/4068"}],"wp:attachment":[{"href":"https:\/\/www.grounddatabank.com\/hr\/wp-json\/wp\/v2\/media?parent=1527"}],"curies":[{"name":"wp","href":"https:\/\/api.w.org\/{rel}","templated":true}]}}