{"id":2889,"date":"2021-05-19T08:21:15","date_gmt":"2021-05-19T08:21:15","guid":{"rendered":"https:\/\/www.grounddatabank.com\/?page_id=2889"},"modified":"2025-01-14T07:32:44","modified_gmt":"2025-01-14T07:32:44","slug":"blog","status":"publish","type":"page","link":"https:\/\/www.grounddatabank.com\/hr\/blog\/","title":{"rendered":"Blog"},"content":{"rendered":"<div data-elementor-type=\"wp-page\" data-elementor-id=\"2889\" class=\"elementor elementor-2889\">\n\t\t\t\t\t\t<section class=\"elementor-section elementor-top-section elementor-element elementor-element-a1ea402 elementor-section-boxed elementor-section-height-default elementor-section-height-default\" data-id=\"a1ea402\" data-element_type=\"section\">\n\t\t\t\t\t\t<div class=\"elementor-container elementor-column-gap-default\">\n\t\t\t\t\t<div class=\"elementor-column elementor-col-100 elementor-top-column elementor-element elementor-element-f34eb94\" data-id=\"f34eb94\" data-element_type=\"column\">\n\t\t\t<div class=\"elementor-widget-wrap elementor-element-populated\">\n\t\t\t\t\t\t<div class=\"elementor-element elementor-element-fa3020c elementor-widget elementor-widget-image\" data-id=\"fa3020c\" data-element_type=\"widget\" data-widget_type=\"image.default\">\n\t\t\t\t<div class=\"elementor-widget-container\">\n\t\t\t\t\t\t\t\t\t\t\t\t\t<img fetchpriority=\"high\" decoding=\"async\" width=\"828\" height=\"530\" src=\"https:\/\/www.grounddatabank.com\/wp-content\/uploads\/2021\/05\/50019242_l-1024x656.jpg\" class=\"attachment-large size-large wp-image-2893\" alt=\"Blog Ground Database\" srcset=\"https:\/\/www.grounddatabank.com\/wp-content\/uploads\/2021\/05\/50019242_l-1024x656.jpg 1024w, https:\/\/www.grounddatabank.com\/wp-content\/uploads\/2021\/05\/50019242_l-300x192.jpg 300w, https:\/\/www.grounddatabank.com\/wp-content\/uploads\/2021\/05\/50019242_l-768x492.jpg 768w, https:\/\/www.grounddatabank.com\/wp-content\/uploads\/2021\/05\/50019242_l-1536x984.jpg 1536w, https:\/\/www.grounddatabank.com\/wp-content\/uploads\/2021\/05\/50019242_l-2048x1312.jpg 2048w, https:\/\/www.grounddatabank.com\/wp-content\/uploads\/2021\/05\/50019242_l-16x10.jpg 16w, https:\/\/www.grounddatabank.com\/wp-content\/uploads\/2021\/05\/50019242_l-150x96.jpg 150w\" sizes=\"(max-width: 828px) 100vw, 828px\" \/>\t\t\t\t\t\t\t\t\t\t\t\t\t<\/div>\n\t\t\t\t<\/div>\n\t\t\t\t<div class=\"elementor-element elementor-element-435e4d3 elementor-widget elementor-widget-heading\" data-id=\"435e4d3\" data-element_type=\"widget\" data-widget_type=\"heading.default\">\n\t\t\t\t<div class=\"elementor-widget-container\">\n\t\t\t<h4 class=\"elementor-heading-title elementor-size-default\">GroundDataBank vas voli obavje\u0161tavati o najnovijim doga\u0111anjima i novostima u podru\u010dju kupnje zemlji\u0161ta<\/h4>\t\t<\/div>\n\t\t\t\t<\/div>\n\t\t\t\t<div class=\"elementor-element elementor-element-08e4ec9 elementor-widget elementor-widget-text-editor\" data-id=\"08e4ec9\" data-element_type=\"widget\" data-widget_type=\"text-editor.default\">\n\t\t\t\t<div class=\"elementor-widget-container\">\n\t\t\t\t\t\t\t<p><span style=\"color: #2dcad1;\">Jeste li znali da ovi veliki vlasnici posjeduju na\u0161u oskudnu zemlju u Nizozemskoj?<\/span><br \/>U Nizozemskoj veliki zemljoposjednici imaju odlu\u010duju\u0107u rije\u010d u budu\u0107em kori\u0161tenju oskudnog prostora. Razmislite o zemlji\u0161tu za dodatne domove, rekreaciju, poljoprivredu, uzgoj hrane, odr\u017eivu proizvodnju energije ili prirodu. U sljede\u0107im \u010dlancima otkrijte tko su najve\u0107i zemljoposjednici u Nizozemskoj koji odre\u0111uju \u0161to \u0107e se dogoditi sa zemljom i koliko je veliko njihovo zemlji\u0161te.<\/p><p><span style=\"color: #2dcad1;\">Izvor:<\/span><br \/><a href=\"https:\/\/www.volkskrant.nl\/kijkverder\/v\/2020\/deze-grote-eigenaren-bezitten-onze-schaarse-grond~v406063\/\" target=\"_blank\" rel=\"noopener\">Ovi veliki vlasnici posjeduju na\u0161u oskudnu zemlju (volkskrant.nl)<\/a><br \/><a href=\"https:\/\/www.volkskrant.nl\/nieuws-achtergrond\/van-wie-is-de-grond-in-nederland~b5ac8934\/\" target=\"_blank\" rel=\"noopener\">Tko je vlasnik zemlje u Nizozemskoj? | Volkskrant<\/a><\/p>\t\t\t\t\t\t<\/div>\n\t\t\t\t<\/div>\n\t\t\t\t\t<\/div>\n\t\t<\/div>\n\t\t\t\t\t<\/div>\n\t\t<\/section>\n\t\t\t\t<section class=\"elementor-section elementor-top-section elementor-element elementor-element-0b95520 elementor-section-boxed elementor-section-height-default elementor-section-height-default\" data-id=\"0b95520\" data-element_type=\"section\">\n\t\t\t\t\t\t<div class=\"elementor-container elementor-column-gap-default\">\n\t\t\t\t\t<div class=\"elementor-column elementor-col-100 elementor-top-column elementor-element elementor-element-52b03d5\" data-id=\"52b03d5\" data-element_type=\"column\">\n\t\t\t<div class=\"elementor-widget-wrap elementor-element-populated\">\n\t\t\t\t\t\t<div class=\"elementor-element elementor-element-4babb41 elementor-widget elementor-widget-text-editor\" data-id=\"4babb41\" data-element_type=\"widget\" data-widget_type=\"text-editor.default\">\n\t\t\t\t<div class=\"elementor-widget-container\">\n\t\t\t\t\t\t\t<p style=\"font-size: 15px;\"><span data-mce-type=\"bookmark\" style=\"display: inline-block; width: 0px; overflow: hidden; line-height: 0;\" class=\"mce_SELRES_start\"><\/span><span style=\"color: rgb(45, 202, 209);\">Koliko ko\u0161ta zemlji\u0161te u inozemstvu?<\/span><br>GroundDataBank biedt grond aan in verschillende landen, maar wat kost grond nou precies in Europa en wat zijn de beste plekken om te investeren in grond? Gaat het in uw geval om een bedrijfspand in Spanje of een appartement in Itali\u00eb? In de volgende artikelen vindt u de goedkoopste plekken om grond in Europa te kopen en krijgt u een beeld wat een hectare grond in verschillende Europese landen kost. Ervaar de smaak van <a href=\"https:\/\/www.igetvapeauonline.com\/\">iget vape<\/a> en iGet Bar in Australi\u00eb, waar uiteenlopende opties en uitzonderlijke kwaliteit samenkomen om aan de behoeften van elke vape-liefhebber te voldoen.<\/p><p style=\"font-size: 15px;\"><span style=\"color: rgb(0, 0, 0);\"><span style=\"color: rgb(45, 202, 209);\">Izvor:<br><\/span><\/span><a href=\"https:\/\/pagofx.com\/nl-be\/de-goedkoopste-plaatsen-in-europa-om-onroerend-goed-te-kopen\/\" target=\"_blank\" rel=\"noopener\">Najjeftinija mjesta u Europi za kupnju nekretnine \u2013 PagoFX<\/a><br><a href=\"https:\/\/www.boerenbusiness.nl\/artikel\/10878278\/wat-kost-een-bunder-grond-in-\" target=\"_blank\" rel=\"noopener\">Koliko ko\u0161ta hektar zemlje u Europi? \u2013 Osobito rastu\u0107e cijene zemlji\u0161ta | Boerenbusiness.nl<\/a><\/p>\t\t\t\t\t\t<\/div>\n\t\t\t\t<\/div>\n\t\t\t\t\t<\/div>\n\t\t<\/div>\n\t\t\t\t\t<\/div>\n\t\t<\/section>\n\t\t\t\t<section class=\"elementor-section elementor-top-section elementor-element elementor-element-cc2d1aa elementor-section-boxed elementor-section-height-default elementor-section-height-default\" data-id=\"cc2d1aa\" data-element_type=\"section\">\n\t\t\t\t\t\t<div class=\"elementor-container elementor-column-gap-default\">\n\t\t\t\t\t<div class=\"elementor-column elementor-col-100 elementor-top-column elementor-element elementor-element-5734971\" data-id=\"5734971\" data-element_type=\"column\">\n\t\t\t<div class=\"elementor-widget-wrap elementor-element-populated\">\n\t\t\t\t\t\t<div class=\"elementor-element elementor-element-fe79640 elementor-widget elementor-widget-text-editor\" data-id=\"fe79640\" data-element_type=\"widget\" data-widget_type=\"text-editor.default\">\n\t\t\t\t<div class=\"elementor-widget-container\">\n\t\t\t\t\t\t\t<p><strong><span style=\"color: #2dcad1;\">Za\u0161to ljudi, uklju\u010duju\u0107i Billa Gatesa, masovno kupuju zemlju u Turskoj?<\/span><br \/><\/strong>GroundDataBank merkt op dat de vraag naar grond in Turkije elk jaar meer divers wordt. In 2019 alleen al werden in Turkije 45.483 panden\/stukken <a href=\"https:\/\/www.gizanow.com\/reviews\/\">\uff1a<\/a><a href=\"https:\/\/marichalet.ru\/wp-content\/lauguages\/airpod-charging-case_474.html\">burga phone case<\/a><a href=\"https:\/\/www.awo-ufr.org\/\">http:\/\/www.awo-ufr.org<\/a> grond verkocht aan buitenlanders. Lees in de volgende berichten waarom er massaal grond (veelal door Chinezen) gekocht wordt in Turkije en wat miljardair Bill Gates met grond in Turkije van plan is.<\/p><p><span style=\"color: #2dcad1;\">Izvor:<\/span><br \/><a href=\"https:\/\/www.dejongeturken.com\/chinezen-kopen-massaal-vastgoed-in-turkije-en-dit-is-waarom\/\">Kinezi masovno kupuju nekretnine u Turskoj i evo za\u0161to \u2013 Mladoturci<\/a><br \/><a href=\"https:\/\/www.dejongeturken.com\/miljardair-bill-gates-koopt-landbouwgronden-in-turkije\/\">\u201cMilijarder Bill Gates kupuje poljoprivredno zemlji\u0161te u Turskoj\u201d \u2013 (dejongeturken.com)<\/a><\/p><p><span style=\"color: #000000;\">\u00a0<\/span><\/p>\t\t\t\t\t\t<\/div>\n\t\t\t\t<\/div>\n\t\t\t\t\t<\/div>\n\t\t<\/div>\n\t\t\t\t\t<\/div>\n\t\t<\/section>\n\t\t\t\t<\/div>","protected":false},"excerpt":{"rendered":"<p>GroundDataBank houdt u graag op de hoogte van de laatste ontwikkelingen en nieuws op het gebied van het kopen van grond Wist u dat deze grote eigenaren onze schaarse grond bezitten in Nederland?In Nederland hebben grootgrondbezitters de doorslaggevende stem bij het toekomstige gebruik van de schaarste ruimte. Denk hierbij aan grond voor extra woningen, recreatie,&#8230;<\/p>","protected":false},"author":4,"featured_media":0,"parent":0,"menu_order":0,"comment_status":"closed","ping_status":"closed","template":"","meta":{"inline_featured_image":false,"footnotes":""},"class_list":["post-2889","page","type-page","status-publish","hentry"],"yoast_head":"<!-- This site is optimized with the Yoast SEO plugin v27.5 - https:\/\/yoast.com\/product\/yoast-seo-wordpress\/ -->\n<title>Blog - GroundDataBank<\/title>\n<meta name=\"robots\" content=\"index, follow, max-snippet:-1, max-image-preview:large, max-video-preview:-1\" \/>\n<link rel=\"canonical\" href=\"https:\/\/www.grounddatabank.com\/hr\/blog\/\" \/>\n<meta property=\"og:locale\" content=\"hr_HR\" \/>\n<meta property=\"og:type\" content=\"article\" \/>\n<meta property=\"og:title\" content=\"Blog - GroundDataBank\" \/>\n<meta property=\"og:description\" content=\"GroundDataBank houdt u graag op de hoogte van de laatste ontwikkelingen en nieuws op het gebied van het kopen van grond Wist u dat deze grote eigenaren onze schaarse grond bezitten in Nederland?In Nederland hebben grootgrondbezitters de doorslaggevende stem bij het toekomstige gebruik van de schaarste ruimte. Denk hierbij aan grond voor extra woningen, recreatie,...\" \/>\n<meta property=\"og:url\" content=\"https:\/\/www.grounddatabank.com\/hr\/blog\/\" \/>\n<meta property=\"og:site_name\" content=\"GroundDataBank\" \/>\n<meta property=\"article:modified_time\" content=\"2025-01-14T07:32:44+00:00\" \/>\n<meta property=\"og:image\" content=\"https:\/\/www.grounddatabank.com\/wp-content\/uploads\/2021\/05\/50019242_l-scaled.jpg\" \/>\n\t<meta property=\"og:image:width\" content=\"2560\" \/>\n\t<meta property=\"og:image:height\" content=\"1640\" \/>\n\t<meta property=\"og:image:type\" content=\"image\/jpeg\" \/>\n<meta name=\"twitter:card\" content=\"summary_large_image\" \/>\n<meta name=\"twitter:label1\" content=\"Procijenjeno vrijeme \u010ditanja\" \/>\n\t<meta name=\"twitter:data1\" content=\"2 minute\" \/>\n<script type=\"application\/ld+json\" class=\"yoast-schema-graph\">{\"@context\":\"https:\\\/\\\/schema.org\",\"@graph\":[{\"@type\":\"WebPage\",\"@id\":\"https:\\\/\\\/www.grounddatabank.com\\\/blog\\\/\",\"url\":\"https:\\\/\\\/www.grounddatabank.com\\\/blog\\\/\",\"name\":\"Blog - GroundDataBank\",\"isPartOf\":{\"@id\":\"https:\\\/\\\/www.grounddatabank.com\\\/#website\"},\"primaryImageOfPage\":{\"@id\":\"https:\\\/\\\/www.grounddatabank.com\\\/blog\\\/#primaryimage\"},\"image\":{\"@id\":\"https:\\\/\\\/www.grounddatabank.com\\\/blog\\\/#primaryimage\"},\"thumbnailUrl\":\"https:\\\/\\\/www.grounddatabank.com\\\/wp-content\\\/uploads\\\/2021\\\/05\\\/50019242_l-1024x656.jpg\",\"datePublished\":\"2021-05-19T08:21:15+00:00\",\"dateModified\":\"2025-01-14T07:32:44+00:00\",\"breadcrumb\":{\"@id\":\"https:\\\/\\\/www.grounddatabank.com\\\/blog\\\/#breadcrumb\"},\"inLanguage\":\"hr\",\"potentialAction\":[{\"@type\":\"ReadAction\",\"target\":[\"https:\\\/\\\/www.grounddatabank.com\\\/blog\\\/\"]}]},{\"@type\":\"ImageObject\",\"inLanguage\":\"hr\",\"@id\":\"https:\\\/\\\/www.grounddatabank.com\\\/blog\\\/#primaryimage\",\"url\":\"https:\\\/\\\/www.grounddatabank.com\\\/wp-content\\\/uploads\\\/2021\\\/05\\\/50019242_l-1024x656.jpg\",\"contentUrl\":\"https:\\\/\\\/www.grounddatabank.com\\\/wp-content\\\/uploads\\\/2021\\\/05\\\/50019242_l-1024x656.jpg\"},{\"@type\":\"BreadcrumbList\",\"@id\":\"https:\\\/\\\/www.grounddatabank.com\\\/blog\\\/#breadcrumb\",\"itemListElement\":[{\"@type\":\"ListItem\",\"position\":1,\"name\":\"Home\",\"item\":\"https:\\\/\\\/www.grounddatabank.com\\\/\"},{\"@type\":\"ListItem\",\"position\":2,\"name\":\"Blog\"}]},{\"@type\":\"WebSite\",\"@id\":\"https:\\\/\\\/www.grounddatabank.com\\\/#website\",\"url\":\"https:\\\/\\\/www.grounddatabank.com\\\/\",\"name\":\"GroundDataBank\",\"description\":\"Grond is machtig, GroundDataBank is krachtig!\",\"publisher\":{\"@id\":\"https:\\\/\\\/www.grounddatabank.com\\\/#organization\"},\"potentialAction\":[{\"@type\":\"SearchAction\",\"target\":{\"@type\":\"EntryPoint\",\"urlTemplate\":\"https:\\\/\\\/www.grounddatabank.com\\\/?s={search_term_string}\"},\"query-input\":{\"@type\":\"PropertyValueSpecification\",\"valueRequired\":true,\"valueName\":\"search_term_string\"}}],\"inLanguage\":\"hr\"},{\"@type\":\"Organization\",\"@id\":\"https:\\\/\\\/www.grounddatabank.com\\\/#organization\",\"name\":\"GroundDataBank\",\"url\":\"https:\\\/\\\/www.grounddatabank.com\\\/\",\"logo\":{\"@type\":\"ImageObject\",\"inLanguage\":\"hr\",\"@id\":\"https:\\\/\\\/www.grounddatabank.com\\\/#\\\/schema\\\/logo\\\/image\\\/\",\"url\":\"https:\\\/\\\/www.grounddatabank.com\\\/wp-content\\\/uploads\\\/2021\\\/04\\\/logo_small_icon_only.png\",\"contentUrl\":\"https:\\\/\\\/www.grounddatabank.com\\\/wp-content\\\/uploads\\\/2021\\\/04\\\/logo_small_icon_only.png\",\"width\":300,\"height\":300,\"caption\":\"GroundDataBank\"},\"image\":{\"@id\":\"https:\\\/\\\/www.grounddatabank.com\\\/#\\\/schema\\\/logo\\\/image\\\/\"}}]}<\/script>\n<!-- \/ Yoast SEO plugin. -->","yoast_head_json":{"title":"Blog - GroundDataBank","robots":{"index":"index","follow":"follow","max-snippet":"max-snippet:-1","max-image-preview":"max-image-preview:large","max-video-preview":"max-video-preview:-1"},"canonical":"https:\/\/www.grounddatabank.com\/hr\/blog\/","og_locale":"hr_HR","og_type":"article","og_title":"Blog - GroundDataBank","og_description":"GroundDataBank houdt u graag op de hoogte van de laatste ontwikkelingen en nieuws op het gebied van het kopen van grond Wist u dat deze grote eigenaren onze schaarse grond bezitten in Nederland?In Nederland hebben grootgrondbezitters de doorslaggevende stem bij het toekomstige gebruik van de schaarste ruimte. Denk hierbij aan grond voor extra woningen, recreatie,...","og_url":"https:\/\/www.grounddatabank.com\/hr\/blog\/","og_site_name":"GroundDataBank","article_modified_time":"2025-01-14T07:32:44+00:00","og_image":[{"width":2560,"height":1640,"url":"https:\/\/www.grounddatabank.com\/wp-content\/uploads\/2021\/05\/50019242_l-scaled.jpg","type":"image\/jpeg"}],"twitter_card":"summary_large_image","twitter_misc":{"Procijenjeno vrijeme \u010ditanja":"2 minute"},"schema":{"@context":"https:\/\/schema.org","@graph":[{"@type":"WebPage","@id":"https:\/\/www.grounddatabank.com\/blog\/","url":"https:\/\/www.grounddatabank.com\/blog\/","name":"Blog - GroundDataBank","isPartOf":{"@id":"https:\/\/www.grounddatabank.com\/#website"},"primaryImageOfPage":{"@id":"https:\/\/www.grounddatabank.com\/blog\/#primaryimage"},"image":{"@id":"https:\/\/www.grounddatabank.com\/blog\/#primaryimage"},"thumbnailUrl":"https:\/\/www.grounddatabank.com\/wp-content\/uploads\/2021\/05\/50019242_l-1024x656.jpg","datePublished":"2021-05-19T08:21:15+00:00","dateModified":"2025-01-14T07:32:44+00:00","breadcrumb":{"@id":"https:\/\/www.grounddatabank.com\/blog\/#breadcrumb"},"inLanguage":"hr","potentialAction":[{"@type":"ReadAction","target":["https:\/\/www.grounddatabank.com\/blog\/"]}]},{"@type":"ImageObject","inLanguage":"hr","@id":"https:\/\/www.grounddatabank.com\/blog\/#primaryimage","url":"https:\/\/www.grounddatabank.com\/wp-content\/uploads\/2021\/05\/50019242_l-1024x656.jpg","contentUrl":"https:\/\/www.grounddatabank.com\/wp-content\/uploads\/2021\/05\/50019242_l-1024x656.jpg"},{"@type":"BreadcrumbList","@id":"https:\/\/www.grounddatabank.com\/blog\/#breadcrumb","itemListElement":[{"@type":"ListItem","position":1,"name":"Home","item":"https:\/\/www.grounddatabank.com\/"},{"@type":"ListItem","position":2,"name":"Blog"}]},{"@type":"WebSite","@id":"https:\/\/www.grounddatabank.com\/#website","url":"https:\/\/www.grounddatabank.com\/","name":"GroundDataBank","description":"Grond is machtig, GroundDataBank is krachtig!","publisher":{"@id":"https:\/\/www.grounddatabank.com\/#organization"},"potentialAction":[{"@type":"SearchAction","target":{"@type":"EntryPoint","urlTemplate":"https:\/\/www.grounddatabank.com\/?s={search_term_string}"},"query-input":{"@type":"PropertyValueSpecification","valueRequired":true,"valueName":"search_term_string"}}],"inLanguage":"hr"},{"@type":"Organization","@id":"https:\/\/www.grounddatabank.com\/#organization","name":"GroundDataBank","url":"https:\/\/www.grounddatabank.com\/","logo":{"@type":"ImageObject","inLanguage":"hr","@id":"https:\/\/www.grounddatabank.com\/#\/schema\/logo\/image\/","url":"https:\/\/www.grounddatabank.com\/wp-content\/uploads\/2021\/04\/logo_small_icon_only.png","contentUrl":"https:\/\/www.grounddatabank.com\/wp-content\/uploads\/2021\/04\/logo_small_icon_only.png","width":300,"height":300,"caption":"GroundDataBank"},"image":{"@id":"https:\/\/www.grounddatabank.com\/#\/schema\/logo\/image\/"}}]}},"_links":{"self":[{"href":"https:\/\/www.grounddatabank.com\/hr\/wp-json\/wp\/v2\/pages\/2889","targetHints":{"allow":["GET"]}}],"collection":[{"href":"https:\/\/www.grounddatabank.com\/hr\/wp-json\/wp\/v2\/pages"}],"about":[{"href":"https:\/\/www.grounddatabank.com\/hr\/wp-json\/wp\/v2\/types\/page"}],"author":[{"embeddable":true,"href":"https:\/\/www.grounddatabank.com\/hr\/wp-json\/wp\/v2\/users\/4"}],"replies":[{"embeddable":true,"href":"https:\/\/www.grounddatabank.com\/hr\/wp-json\/wp\/v2\/comments?post=2889"}],"version-history":[{"count":20,"href":"https:\/\/www.grounddatabank.com\/hr\/wp-json\/wp\/v2\/pages\/2889\/revisions"}],"predecessor-version":[{"id":4375,"href":"https:\/\/www.grounddatabank.com\/hr\/wp-json\/wp\/v2\/pages\/2889\/revisions\/4375"}],"wp:attachment":[{"href":"https:\/\/www.grounddatabank.com\/hr\/wp-json\/wp\/v2\/media?parent=2889"}],"curies":[{"name":"wp","href":"https:\/\/api.w.org\/{rel}","templated":true}]}}