{"id":1527,"date":"2021-04-25T17:26:14","date_gmt":"2021-04-25T17:26:14","guid":{"rendered":"https:\/\/www.grounddatabank.com\/?page_id=1527"},"modified":"2024-08-15T05:57:00","modified_gmt":"2024-08-15T05:57:00","slug":"persoonlijk-advies","status":"publish","type":"page","link":"https:\/\/www.grounddatabank.com\/pt\/conselho-pessoal\/","title":{"rendered":"conselho pessoal"},"content":{"rendered":"<div data-elementor-type=\"wp-page\" data-elementor-id=\"1527\" class=\"elementor elementor-1527\">\n\t\t\t\t\t\t<section class=\"elementor-section elementor-top-section elementor-element elementor-element-b1817c5 elementor-section-boxed elementor-section-height-default elementor-section-height-default\" data-id=\"b1817c5\" data-element_type=\"section\">\n\t\t\t\t\t\t<div class=\"elementor-container elementor-column-gap-default\">\n\t\t\t\t\t<div class=\"elementor-column elementor-col-100 elementor-top-column elementor-element elementor-element-fda2f65\" data-id=\"fda2f65\" data-element_type=\"column\">\n\t\t\t<div class=\"elementor-widget-wrap elementor-element-populated\">\n\t\t\t\t\t\t<div class=\"elementor-element elementor-element-1d9ae43 elementor-widget elementor-widget-text-editor\" data-id=\"1d9ae43\" data-element_type=\"widget\" data-widget_type=\"text-editor.default\">\n\t\t\t\t<div class=\"elementor-widget-container\">\n\t\t\t\t\t\t\t<p style=\"font-size: 15px;\"><span style=\"color: rgb(64, 224, 208);\">conselho pessoal<\/span><br>O sucesso da sua empresa \u00e9 muito decisivo na escolha do local certo. O GroundDataBank ajuda voc\u00ea com isso com a ajuda de an\u00e1lises baseadas nas informa\u00e7\u00f5es da sua empresa.<br>Essas an\u00e1lises tamb\u00e9m podem ser aplicadas para aconselhar pessoas que procuram o terreno perfeito para uso privado.<\/p><p style=\"font-size: 15px;\">As an\u00e1lises s\u00e3o feitas nos seguintes aspectos.<\/p><p style=\"font-size: 15px;\"><span style=\"color: rgb(64, 224, 208);\">Assessoria Log\u00edstica e Transporte de Cargas<\/span><br>A acessibilidade da sua empresa \u00e9 muito importante. O transporte rodovi\u00e1rio, ferrovi\u00e1rio, aqu\u00e1tico ou a\u00e9reo pode ser essencial para o seu neg\u00f3cio. O GroundDataBank visualiza os locais mais interessantes realizando an\u00e1lises em, por exemplo, hidrovias, aeroportos e linhas ferrovi\u00e1rias nas proximidades de seu potencial local de sonho.<\/p><p style=\"font-size: 15px;\"><span style=\"color: rgb(64, 224, 208);\">Acessibilidade e equipe<\/span><br>Uw stuk grond kan dan wel op een goede locatie gevestigd worden op logistiek gebied, maar het is ook uiterst belangrijk dat er inzicht gecre\u00eberd wordt in de arbeidspotentie van de locatie. GroundDataBank helpt hierbij door analyses te maken die inzicht geven in onder andere het beschikbare personeel in de buurt, hun opleidingsniveau en hoe het personeel op uw locatie kan komen. Dit artikel vermeldt jouw favoriet tegen super lage prijzen. Kies uit bezorging op dezelfde dag, bezorging op locatie of afhalen van bestellingen.<\/p><p style=\"font-size: 15px;\"><span style=\"color: rgb(64, 224, 208);\">An\u00e1lise de mercado e \u00e1reas de vendas<\/span><br>Al\u00e9m das an\u00e1lises mencionadas anteriormente, tamb\u00e9m devem ser feitas an\u00e1lises estrat\u00e9gicas para sua empresa. \u00c9 importante obter informa\u00e7\u00f5es sobre onde os clientes em potencial est\u00e3o localizados nas proximidades de sua localiza\u00e7\u00e3o e quanto sua empresa pode vender na \u00e1rea. V\u00e1rias an\u00e1lises s\u00e3o, portanto, realizadas pelo GroundDataBank, como uma pesquisa da ind\u00fastria e uma an\u00e1lise da concorr\u00eancia.<\/p><p style=\"font-size: 15px;\"><span style=\"color: rgb(64, 224, 208);\">Im\u00f3veis comerciais e meio ambiente<\/span><br>O GroundDataBank tamb\u00e9m possui todos os dados necess\u00e1rios de todas as localidades dispon\u00edveis para sua empresa. Isso deixa claro para voc\u00ea quais s\u00e3o os alugu\u00e9is e os pre\u00e7os da terra, quais s\u00e3o os planos de zoneamento para os v\u00e1rios locais e quais s\u00e3o as condi\u00e7\u00f5es do solo e o teor de nitrog\u00eanio.<\/p>\t\t\t\t\t\t<\/div>\n\t\t\t\t<\/div>\n\t\t\t\t\t<\/div>\n\t\t<\/div>\n\t\t\t\t\t<\/div>\n\t\t<\/section>\n\t\t\t\t<section class=\"elementor-section elementor-top-section elementor-element elementor-element-49446170 elementor-section-content-middle elementor-section-boxed elementor-section-height-default elementor-section-height-default\" data-id=\"49446170\" data-element_type=\"section\">\n\t\t\t\t\t\t<div class=\"elementor-container elementor-column-gap-no\">\n\t\t\t\t\t<div class=\"elementor-column elementor-col-100 elementor-top-column elementor-element elementor-element-6dd79295\" data-id=\"6dd79295\" data-element_type=\"column\">\n\t\t\t<div class=\"elementor-widget-wrap elementor-element-populated\">\n\t\t\t\t\t\t<div class=\"elementor-element elementor-element-53e1222d elementor-widget elementor-widget-heading\" data-id=\"53e1222d\" data-element_type=\"widget\" data-widget_type=\"heading.default\">\n\t\t\t\t<div class=\"elementor-widget-container\">\n\t\t\t<h4 class=\"elementor-heading-title elementor-size-default\">Saber mais?<\/h4>\t\t<\/div>\n\t\t\t\t<\/div>\n\t\t\t\t<div class=\"elementor-element elementor-element-208b012f elementor-widget elementor-widget-text-editor\" data-id=\"208b012f\" data-element_type=\"widget\" data-widget_type=\"text-editor.default\">\n\t\t\t\t<div class=\"elementor-widget-container\">\n\t\t\t\t\t\t\t<p>Sinta-se \u00e0 vontade para entrar em contato com o GroundDataBank.<\/p>\t\t\t\t\t\t<\/div>\n\t\t\t\t<\/div>\n\t\t\t\t<div class=\"elementor-element elementor-element-59c3b9aa elementor-align-center elementor-widget elementor-widget-button\" data-id=\"59c3b9aa\" data-element_type=\"widget\" data-widget_type=\"button.default\">\n\t\t\t\t<div class=\"elementor-widget-container\">\n\t\t\t\t\t<div class=\"elementor-button-wrapper\">\n\t\t\t<a class=\"elementor-button elementor-button-link elementor-size-sm elementor-animation-grow\" href=\"https:\/\/www.grounddatabank.com\/pt\/contato\/\">\n\t\t\t\t\t\t<span class=\"elementor-button-content-wrapper\">\n\t\t\t\t\t\t\t\t\t<span class=\"elementor-button-text\">Contato<\/span>\n\t\t\t\t\t<\/span>\n\t\t\t\t\t<\/a>\n\t\t<\/div>\n\t\t\t\t<\/div>\n\t\t\t\t<\/div>\n\t\t\t\t\t<\/div>\n\t\t<\/div>\n\t\t\t\t\t<\/div>\n\t\t<\/section>\n\t\t\t\t<\/div>","protected":false},"excerpt":{"rendered":"<p>Persoonlijk adviesHet succes van uw onderneming is erg bepalend door de juiste vestigingslocatie te kiezen. GroundDataBank helpt u hiermee met behulp van analyses op basis van uw bedrijfsinformatie.Deze analyses kunnen ook worden toegepast bij het advies voor particulieren die op zoek zijn naar het perfecte stuk grond voor priv\u00e9 gebruik. Er worden analyses gemaakt op&#8230;<\/p>","protected":false},"author":4,"featured_media":0,"parent":0,"menu_order":0,"comment_status":"closed","ping_status":"closed","template":"","meta":{"inline_featured_image":false,"footnotes":""},"class_list":["post-1527","page","type-page","status-publish","hentry"],"yoast_head":"<!-- This site is optimized with the Yoast SEO plugin v27.4 - https:\/\/yoast.com\/product\/yoast-seo-wordpress\/ -->\n<title>Persoonlijk advies - GroundDataBank<\/title>\n<meta name=\"robots\" content=\"index, follow, max-snippet:-1, max-image-preview:large, max-video-preview:-1\" \/>\n<link rel=\"canonical\" href=\"https:\/\/www.grounddatabank.com\/pt\/conselho-pessoal\/\" \/>\n<meta property=\"og:locale\" content=\"pt_PT\" \/>\n<meta property=\"og:type\" content=\"article\" \/>\n<meta property=\"og:title\" content=\"Persoonlijk advies - GroundDataBank\" \/>\n<meta property=\"og:description\" content=\"Persoonlijk adviesHet succes van uw onderneming is erg bepalend door de juiste vestigingslocatie te kiezen. GroundDataBank helpt u hiermee met behulp van analyses op basis van uw bedrijfsinformatie.Deze analyses kunnen ook worden toegepast bij het advies voor particulieren die op zoek zijn naar het perfecte stuk grond voor priv\u00e9 gebruik. Er worden analyses gemaakt op...\" \/>\n<meta property=\"og:url\" content=\"https:\/\/www.grounddatabank.com\/pt\/conselho-pessoal\/\" \/>\n<meta property=\"og:site_name\" content=\"GroundDataBank\" \/>\n<meta property=\"article:modified_time\" content=\"2024-08-15T05:57:00+00:00\" \/>\n<meta property=\"og:image\" content=\"https:\/\/www.grounddatabank.com\/wp-content\/uploads\/2022\/11\/Grounddatabank-scaled.jpg\" \/>\n\t<meta property=\"og:image:width\" content=\"2560\" \/>\n\t<meta property=\"og:image:height\" content=\"1339\" \/>\n\t<meta property=\"og:image:type\" content=\"image\/jpeg\" \/>\n<meta name=\"twitter:card\" content=\"summary_large_image\" \/>\n<meta name=\"twitter:label1\" content=\"Tempo estimado de leitura\" \/>\n\t<meta name=\"twitter:data1\" content=\"2 minutos\" \/>\n<script type=\"application\/ld+json\" class=\"yoast-schema-graph\">{\"@context\":\"https:\\\/\\\/schema.org\",\"@graph\":[{\"@type\":\"WebPage\",\"@id\":\"https:\\\/\\\/www.grounddatabank.com\\\/persoonlijk-advies\\\/\",\"url\":\"https:\\\/\\\/www.grounddatabank.com\\\/persoonlijk-advies\\\/\",\"name\":\"Persoonlijk advies - GroundDataBank\",\"isPartOf\":{\"@id\":\"https:\\\/\\\/www.grounddatabank.com\\\/#website\"},\"datePublished\":\"2021-04-25T17:26:14+00:00\",\"dateModified\":\"2024-08-15T05:57:00+00:00\",\"breadcrumb\":{\"@id\":\"https:\\\/\\\/www.grounddatabank.com\\\/persoonlijk-advies\\\/#breadcrumb\"},\"inLanguage\":\"pt-PT\",\"potentialAction\":[{\"@type\":\"ReadAction\",\"target\":[\"https:\\\/\\\/www.grounddatabank.com\\\/persoonlijk-advies\\\/\"]}]},{\"@type\":\"BreadcrumbList\",\"@id\":\"https:\\\/\\\/www.grounddatabank.com\\\/persoonlijk-advies\\\/#breadcrumb\",\"itemListElement\":[{\"@type\":\"ListItem\",\"position\":1,\"name\":\"Home\",\"item\":\"https:\\\/\\\/www.grounddatabank.com\\\/\"},{\"@type\":\"ListItem\",\"position\":2,\"name\":\"Persoonlijk advies\"}]},{\"@type\":\"WebSite\",\"@id\":\"https:\\\/\\\/www.grounddatabank.com\\\/#website\",\"url\":\"https:\\\/\\\/www.grounddatabank.com\\\/\",\"name\":\"GroundDataBank\",\"description\":\"Grond is machtig, GroundDataBank is krachtig!\",\"publisher\":{\"@id\":\"https:\\\/\\\/www.grounddatabank.com\\\/#organization\"},\"potentialAction\":[{\"@type\":\"SearchAction\",\"target\":{\"@type\":\"EntryPoint\",\"urlTemplate\":\"https:\\\/\\\/www.grounddatabank.com\\\/?s={search_term_string}\"},\"query-input\":{\"@type\":\"PropertyValueSpecification\",\"valueRequired\":true,\"valueName\":\"search_term_string\"}}],\"inLanguage\":\"pt-PT\"},{\"@type\":\"Organization\",\"@id\":\"https:\\\/\\\/www.grounddatabank.com\\\/#organization\",\"name\":\"GroundDataBank\",\"url\":\"https:\\\/\\\/www.grounddatabank.com\\\/\",\"logo\":{\"@type\":\"ImageObject\",\"inLanguage\":\"pt-PT\",\"@id\":\"https:\\\/\\\/www.grounddatabank.com\\\/#\\\/schema\\\/logo\\\/image\\\/\",\"url\":\"https:\\\/\\\/www.grounddatabank.com\\\/wp-content\\\/uploads\\\/2021\\\/04\\\/logo_small_icon_only.png\",\"contentUrl\":\"https:\\\/\\\/www.grounddatabank.com\\\/wp-content\\\/uploads\\\/2021\\\/04\\\/logo_small_icon_only.png\",\"width\":300,\"height\":300,\"caption\":\"GroundDataBank\"},\"image\":{\"@id\":\"https:\\\/\\\/www.grounddatabank.com\\\/#\\\/schema\\\/logo\\\/image\\\/\"}}]}<\/script>\n<!-- \/ Yoast SEO plugin. -->","yoast_head_json":{"title":"Persoonlijk advies - GroundDataBank","robots":{"index":"index","follow":"follow","max-snippet":"max-snippet:-1","max-image-preview":"max-image-preview:large","max-video-preview":"max-video-preview:-1"},"canonical":"https:\/\/www.grounddatabank.com\/pt\/conselho-pessoal\/","og_locale":"pt_PT","og_type":"article","og_title":"Persoonlijk advies - GroundDataBank","og_description":"Persoonlijk adviesHet succes van uw onderneming is erg bepalend door de juiste vestigingslocatie te kiezen. GroundDataBank helpt u hiermee met behulp van analyses op basis van uw bedrijfsinformatie.Deze analyses kunnen ook worden toegepast bij het advies voor particulieren die op zoek zijn naar het perfecte stuk grond voor priv\u00e9 gebruik. Er worden analyses gemaakt op...","og_url":"https:\/\/www.grounddatabank.com\/pt\/conselho-pessoal\/","og_site_name":"GroundDataBank","article_modified_time":"2024-08-15T05:57:00+00:00","og_image":[{"width":2560,"height":1339,"url":"https:\/\/www.grounddatabank.com\/wp-content\/uploads\/2022\/11\/Grounddatabank-scaled.jpg","type":"image\/jpeg"}],"twitter_card":"summary_large_image","twitter_misc":{"Tempo estimado de leitura":"2 minutos"},"schema":{"@context":"https:\/\/schema.org","@graph":[{"@type":"WebPage","@id":"https:\/\/www.grounddatabank.com\/persoonlijk-advies\/","url":"https:\/\/www.grounddatabank.com\/persoonlijk-advies\/","name":"Persoonlijk advies - GroundDataBank","isPartOf":{"@id":"https:\/\/www.grounddatabank.com\/#website"},"datePublished":"2021-04-25T17:26:14+00:00","dateModified":"2024-08-15T05:57:00+00:00","breadcrumb":{"@id":"https:\/\/www.grounddatabank.com\/persoonlijk-advies\/#breadcrumb"},"inLanguage":"pt-PT","potentialAction":[{"@type":"ReadAction","target":["https:\/\/www.grounddatabank.com\/persoonlijk-advies\/"]}]},{"@type":"BreadcrumbList","@id":"https:\/\/www.grounddatabank.com\/persoonlijk-advies\/#breadcrumb","itemListElement":[{"@type":"ListItem","position":1,"name":"Home","item":"https:\/\/www.grounddatabank.com\/"},{"@type":"ListItem","position":2,"name":"Persoonlijk advies"}]},{"@type":"WebSite","@id":"https:\/\/www.grounddatabank.com\/#website","url":"https:\/\/www.grounddatabank.com\/","name":"GroundDataBank","description":"Grond is machtig, GroundDataBank is krachtig!","publisher":{"@id":"https:\/\/www.grounddatabank.com\/#organization"},"potentialAction":[{"@type":"SearchAction","target":{"@type":"EntryPoint","urlTemplate":"https:\/\/www.grounddatabank.com\/?s={search_term_string}"},"query-input":{"@type":"PropertyValueSpecification","valueRequired":true,"valueName":"search_term_string"}}],"inLanguage":"pt-PT"},{"@type":"Organization","@id":"https:\/\/www.grounddatabank.com\/#organization","name":"GroundDataBank","url":"https:\/\/www.grounddatabank.com\/","logo":{"@type":"ImageObject","inLanguage":"pt-PT","@id":"https:\/\/www.grounddatabank.com\/#\/schema\/logo\/image\/","url":"https:\/\/www.grounddatabank.com\/wp-content\/uploads\/2021\/04\/logo_small_icon_only.png","contentUrl":"https:\/\/www.grounddatabank.com\/wp-content\/uploads\/2021\/04\/logo_small_icon_only.png","width":300,"height":300,"caption":"GroundDataBank"},"image":{"@id":"https:\/\/www.grounddatabank.com\/#\/schema\/logo\/image\/"}}]}},"_links":{"self":[{"href":"https:\/\/www.grounddatabank.com\/pt\/wp-json\/wp\/v2\/pages\/1527","targetHints":{"allow":["GET"]}}],"collection":[{"href":"https:\/\/www.grounddatabank.com\/pt\/wp-json\/wp\/v2\/pages"}],"about":[{"href":"https:\/\/www.grounddatabank.com\/pt\/wp-json\/wp\/v2\/types\/page"}],"author":[{"embeddable":true,"href":"https:\/\/www.grounddatabank.com\/pt\/wp-json\/wp\/v2\/users\/4"}],"replies":[{"embeddable":true,"href":"https:\/\/www.grounddatabank.com\/pt\/wp-json\/wp\/v2\/comments?post=1527"}],"version-history":[{"count":43,"href":"https:\/\/www.grounddatabank.com\/pt\/wp-json\/wp\/v2\/pages\/1527\/revisions"}],"predecessor-version":[{"id":4068,"href":"https:\/\/www.grounddatabank.com\/pt\/wp-json\/wp\/v2\/pages\/1527\/revisions\/4068"}],"wp:attachment":[{"href":"https:\/\/www.grounddatabank.com\/pt\/wp-json\/wp\/v2\/media?parent=1527"}],"curies":[{"name":"wp","href":"https:\/\/api.w.org\/{rel}","templated":true}]}}