{"id":1184,"date":"2021-03-31T10:51:08","date_gmt":"2021-03-31T10:51:08","guid":{"rendered":"https:\/\/www.grounddatabank.com\/?page_id=1184"},"modified":"2024-08-15T05:57:15","modified_gmt":"2024-08-15T05:57:15","slug":"over-ons","status":"publish","type":"page","link":"https:\/\/www.grounddatabank.com\/ro\/despre-noi\/","title":{"rendered":"Despre noi"},"content":{"rendered":"<div data-elementor-type=\"wp-page\" data-elementor-id=\"1184\" class=\"elementor elementor-1184\">\n\t\t\t\t\t\t<section class=\"elementor-section elementor-top-section elementor-element elementor-element-7dbdc8ec elementor-section-content-middle elementor-section-boxed elementor-section-height-default elementor-section-height-default\" data-id=\"7dbdc8ec\" data-element_type=\"section\">\n\t\t\t\t\t\t<div class=\"elementor-container elementor-column-gap-no\">\n\t\t\t\t\t<div class=\"elementor-column elementor-col-100 elementor-top-column elementor-element elementor-element-6631da88\" data-id=\"6631da88\" data-element_type=\"column\">\n\t\t\t<div class=\"elementor-widget-wrap elementor-element-populated\">\n\t\t\t\t\t\t<div class=\"elementor-element elementor-element-77733018 elementor-widget elementor-widget-toggle\" data-id=\"77733018\" data-element_type=\"widget\" data-widget_type=\"toggle.default\">\n\t\t\t\t<div class=\"elementor-widget-container\">\n\t\t\t\t\t<div class=\"elementor-toggle\">\n\t\t\t\t\t\t\t<div class=\"elementor-toggle-item\">\n\t\t\t\t\t<div id=\"elementor-tab-title-2001\" class=\"elementor-tab-title\" data-tab=\"1\" role=\"button\" aria-controls=\"elementor-tab-content-2001\" aria-expanded=\"false\">\n\t\t\t\t\t\t\t\t\t\t\t\t<span class=\"elementor-toggle-icon elementor-toggle-icon-right\" aria-hidden=\"true\">\n\t\t\t\t\t\t\t\t\t\t\t\t\t\t\t<span class=\"elementor-toggle-icon-closed\"><i class=\"fas fa-caret-right\"><\/i><\/span>\n\t\t\t\t\t\t\t\t<span class=\"elementor-toggle-icon-opened\"><i class=\"elementor-toggle-icon-opened fas fa-caret-up\"><\/i><\/span>\n\t\t\t\t\t\t\t\t\t\t\t\t\t<\/span>\n\t\t\t\t\t\t\t\t\t\t\t\t<a class=\"elementor-toggle-title\" tabindex=\"0\">Despre noi<\/a>\n\t\t\t\t\t<\/div>\n\n\t\t\t\t\t<div id=\"elementor-tab-content-2001\" class=\"elementor-tab-content elementor-clearfix\" data-tab=\"1\" role=\"region\" aria-labelledby=\"elementor-tab-title-2001\"><p>GroundDataBank caut\u0103 mereu cele mai bune buc\u0103\u021bi de teren. Terenul pentru constructii este baza constructiei! <br \/>Cele mai importante \u00eentreb\u0103ri din aceast\u0103 c\u0103utare sunt \u201eCe putem face cu p\u0103m\u00e2ntul?\u201d \u0219i \u201eCe valoare se poate acorda solului?\u201d. GroundDataBank analizeaz\u0103 acest lucru pentru a ob\u021bine o perspectiv\u0103 asupra acestor \u00eentreb\u0103ri. Acest lucru necesit\u0103 munc\u0103 de specialitate pentru care avem nevoie de parteneri \u00een fiecare \u021bar\u0103 european\u0103, \u00eencep\u00e2nd din Turcia.<\/p><\/div>\n\t\t\t\t<\/div>\n\t\t\t\t\t\t\t<div class=\"elementor-toggle-item\">\n\t\t\t\t\t<div id=\"elementor-tab-title-2002\" class=\"elementor-tab-title\" data-tab=\"2\" role=\"button\" aria-controls=\"elementor-tab-content-2002\" aria-expanded=\"false\">\n\t\t\t\t\t\t\t\t\t\t\t\t<span class=\"elementor-toggle-icon elementor-toggle-icon-right\" aria-hidden=\"true\">\n\t\t\t\t\t\t\t\t\t\t\t\t\t\t\t<span class=\"elementor-toggle-icon-closed\"><i class=\"fas fa-caret-right\"><\/i><\/span>\n\t\t\t\t\t\t\t\t<span class=\"elementor-toggle-icon-opened\"><i class=\"elementor-toggle-icon-opened fas fa-caret-up\"><\/i><\/span>\n\t\t\t\t\t\t\t\t\t\t\t\t\t<\/span>\n\t\t\t\t\t\t\t\t\t\t\t\t<a class=\"elementor-toggle-title\" tabindex=\"0\">Ce putem face cu p\u0103m\u00e2ntul?<\/a>\n\t\t\t\t\t<\/div>\n\n\t\t\t\t\t<div id=\"elementor-tab-content-2002\" class=\"elementor-tab-content elementor-clearfix\" data-tab=\"2\" role=\"region\" aria-labelledby=\"elementor-tab-title-2002\"><p>Terenul poate fi folosit \u00een diferite scopuri, acest lucru este determinat de municipalit\u0103\u021bi \u0219i provincii. Proprietarii buc\u0103\u021bilor de p\u0103m\u00e2nt sunt \u0219i ei foarte diferi\u021bi. De exemplu, terenul poate fi privat, legal, municipal sau guvernamental.<\/p><p>Toate acestea sunt mapate de GroundDataBank, astfel \u00eenc\u00e2t s\u0103 fie pus\u0103 funda\u021bia \u0219i s\u0103 fie clar ce se poate face cu bucata de p\u0103m\u00e2nt.<\/p><\/div>\n\t\t\t\t<\/div>\n\t\t\t\t\t\t\t<div class=\"elementor-toggle-item\">\n\t\t\t\t\t<div id=\"elementor-tab-title-2003\" class=\"elementor-tab-title\" data-tab=\"3\" role=\"button\" aria-controls=\"elementor-tab-content-2003\" aria-expanded=\"false\">\n\t\t\t\t\t\t\t\t\t\t\t\t<span class=\"elementor-toggle-icon elementor-toggle-icon-right\" aria-hidden=\"true\">\n\t\t\t\t\t\t\t\t\t\t\t\t\t\t\t<span class=\"elementor-toggle-icon-closed\"><i class=\"fas fa-caret-right\"><\/i><\/span>\n\t\t\t\t\t\t\t\t<span class=\"elementor-toggle-icon-opened\"><i class=\"elementor-toggle-icon-opened fas fa-caret-up\"><\/i><\/span>\n\t\t\t\t\t\t\t\t\t\t\t\t\t<\/span>\n\t\t\t\t\t\t\t\t\t\t\t\t<a class=\"elementor-toggle-title\" tabindex=\"0\">Ce valoare se poate da terenului?<\/a>\n\t\t\t\t\t<\/div>\n\n\t\t\t\t\t<div id=\"elementor-tab-content-2003\" class=\"elementor-tab-content elementor-clearfix\" data-tab=\"3\" role=\"region\" aria-labelledby=\"elementor-tab-title-2003\">De waarde van de grond is afhankelijk van de bestemming die de grond heeft. De bestemming is bepalend omdat dit bepaald wat er op gebouwd mag worden. De bestemming kan in bepaalde gevallen zelfs veranderd worden waardoor er nieuwe mogelijkheden gecre\u00eberd worden voor het stuk grond. Hier heeft GroundDataBank veel ervaring mee en kan u daarmee ondersteunen. Bezoek onze partners, \u2013 leiders in modieuze schoenen!<\/div>\n\t\t\t\t<\/div>\n\t\t\t\t\t\t\t<div class=\"elementor-toggle-item\">\n\t\t\t\t\t<div id=\"elementor-tab-title-2004\" class=\"elementor-tab-title\" data-tab=\"4\" role=\"button\" aria-controls=\"elementor-tab-content-2004\" aria-expanded=\"false\">\n\t\t\t\t\t\t\t\t\t\t\t\t<span class=\"elementor-toggle-icon elementor-toggle-icon-right\" aria-hidden=\"true\">\n\t\t\t\t\t\t\t\t\t\t\t\t\t\t\t<span class=\"elementor-toggle-icon-closed\"><i class=\"fas fa-caret-right\"><\/i><\/span>\n\t\t\t\t\t\t\t\t<span class=\"elementor-toggle-icon-opened\"><i class=\"elementor-toggle-icon-opened fas fa-caret-up\"><\/i><\/span>\n\t\t\t\t\t\t\t\t\t\t\t\t\t<\/span>\n\t\t\t\t\t\t\t\t\t\t\t\t<a class=\"elementor-toggle-title\" tabindex=\"0\">Sistemul GroundDataBank<\/a>\n\t\t\t\t\t<\/div>\n\n\t\t\t\t\t<div id=\"elementor-tab-content-2004\" class=\"elementor-tab-content elementor-clearfix\" data-tab=\"4\" role=\"region\" aria-labelledby=\"elementor-tab-title-2004\"><p>GroundDataBank are un sistem unic cu peste 1.000.000 m2 de \u0219antiere disponibile. Aceasta se refer\u0103 nu numai la terenurile municipale, ci \u0219i la terenurile care apar\u021bin furnizorilor priva\u021bi.<\/p><\/div>\n\t\t\t\t<\/div>\n\t\t\t\t\t\t\t<div class=\"elementor-toggle-item\">\n\t\t\t\t\t<div id=\"elementor-tab-title-2005\" class=\"elementor-tab-title\" data-tab=\"5\" role=\"button\" aria-controls=\"elementor-tab-content-2005\" aria-expanded=\"false\">\n\t\t\t\t\t\t\t\t\t\t\t\t<span class=\"elementor-toggle-icon elementor-toggle-icon-right\" aria-hidden=\"true\">\n\t\t\t\t\t\t\t\t\t\t\t\t\t\t\t<span class=\"elementor-toggle-icon-closed\"><i class=\"fas fa-caret-right\"><\/i><\/span>\n\t\t\t\t\t\t\t\t<span class=\"elementor-toggle-icon-opened\"><i class=\"elementor-toggle-icon-opened fas fa-caret-up\"><\/i><\/span>\n\t\t\t\t\t\t\t\t\t\t\t\t\t<\/span>\n\t\t\t\t\t\t\t\t\t\t\t\t<a class=\"elementor-toggle-title\" tabindex=\"0\">Vinde teren<\/a>\n\t\t\t\t\t<\/div>\n\n\t\t\t\t\t<div id=\"elementor-tab-content-2005\" class=\"elementor-tab-content elementor-clearfix\" data-tab=\"5\" role=\"region\" aria-labelledby=\"elementor-tab-title-2005\"><p>Daca ai teren pe care il vrei <a href=\"https:\/\/www.grounddatabank.com\/ro\/ofranda-de-pamant\/\" target=\"_blank\" rel=\"noopener\"><strong>a vinde<\/strong><\/a>, apoi pute\u021bi introduce toate datele cadastrale necesare dup\u0103 care v\u0103 vom contacta. De\u021bine\u021bi o bucat\u0103 de p\u0103m\u00e2nt \u0219i ave\u021bi o idee bun\u0103, dar cost\u0103 o mul\u021bime de bani aceast\u0103 idee?<\/p><p>GroundDataBank este dispus s\u0103 v\u0103 sprijine \u00een aranjarea finan\u021b\u0103rii. Toate acestea pentru un parteneriat bun!<\/p><\/div>\n\t\t\t\t<\/div>\n\t\t\t\t\t\t\t<div class=\"elementor-toggle-item\">\n\t\t\t\t\t<div id=\"elementor-tab-title-2006\" class=\"elementor-tab-title\" data-tab=\"6\" role=\"button\" aria-controls=\"elementor-tab-content-2006\" aria-expanded=\"false\">\n\t\t\t\t\t\t\t\t\t\t\t\t<span class=\"elementor-toggle-icon elementor-toggle-icon-right\" aria-hidden=\"true\">\n\t\t\t\t\t\t\t\t\t\t\t\t\t\t\t<span class=\"elementor-toggle-icon-closed\"><i class=\"fas fa-caret-right\"><\/i><\/span>\n\t\t\t\t\t\t\t\t<span class=\"elementor-toggle-icon-opened\"><i class=\"elementor-toggle-icon-opened fas fa-caret-up\"><\/i><\/span>\n\t\t\t\t\t\t\t\t\t\t\t\t\t<\/span>\n\t\t\t\t\t\t\t\t\t\t\t\t<a class=\"elementor-toggle-title\" tabindex=\"0\">Cumpara teren<\/a>\n\t\t\t\t\t<\/div>\n\n\t\t\t\t\t<div id=\"elementor-tab-content-2006\" class=\"elementor-tab-content elementor-clearfix\" data-tab=\"6\" role=\"region\" aria-labelledby=\"elementor-tab-title-2006\"><p>Dac\u0103 vrei p\u0103m\u00e2nt <a href=\"https:\/\/www.grounddatabank.com\/ro\/cautare-la-sol\/\" target=\"_blank\" rel=\"noopener\"><strong>a cumpara<\/strong><\/a> sunte\u021bi \u0219i la locul potrivit la GroundDataBank. Informa\u021biile corecte sunt furnizate pentru a ajunge la cea mai bun\u0103 ofert\u0103.<\/p><\/div>\n\t\t\t\t<\/div>\n\t\t\t\t\t\t\t<div class=\"elementor-toggle-item\">\n\t\t\t\t\t<div id=\"elementor-tab-title-2007\" class=\"elementor-tab-title\" data-tab=\"7\" role=\"button\" aria-controls=\"elementor-tab-content-2007\" aria-expanded=\"false\">\n\t\t\t\t\t\t\t\t\t\t\t\t<span class=\"elementor-toggle-icon elementor-toggle-icon-right\" aria-hidden=\"true\">\n\t\t\t\t\t\t\t\t\t\t\t\t\t\t\t<span class=\"elementor-toggle-icon-closed\"><i class=\"fas fa-caret-right\"><\/i><\/span>\n\t\t\t\t\t\t\t\t<span class=\"elementor-toggle-icon-opened\"><i class=\"elementor-toggle-icon-opened fas fa-caret-up\"><\/i><\/span>\n\t\t\t\t\t\t\t\t\t\t\t\t\t<\/span>\n\t\t\t\t\t\t\t\t\t\t\t\t<a class=\"elementor-toggle-title\" tabindex=\"0\">Tehnologie<\/a>\n\t\t\t\t\t<\/div>\n\n\t\t\t\t\t<div id=\"elementor-tab-content-2007\" class=\"elementor-tab-content elementor-clearfix\" data-tab=\"7\" role=\"region\" aria-labelledby=\"elementor-tab-title-2007\"><p>Datorit\u0103 tehnologiei \u0219i algoritmului, GroundDataBank poate vedea care este cea mai bun\u0103 investi\u021bie pentru tine \u00eentr-o anumit\u0103 zon\u0103. Aceasta ia \u00een considerare infrastructura precum transportul public, ora\u0219ele mari, locurile de munc\u0103, transportul, aeroporturile \u0219i porturile.<\/p><p>De asemenea, analiz\u0103m cu aten\u021bie buc\u0103\u021bile de teren care \u00eendeplinesc cerin\u021bele actuale \u00een domeniul emisiilor de CO2 \u0219i cele mai recente legi de mediu.<\/p><p>Pe scurt, GroundDataBank are un sistem fiabil, rapid accesibil, complet automatizat \u0219i consistent.<\/p><\/div>\n\t\t\t\t<\/div>\n\t\t\t\t\t\t\t\t<\/div>\n\t\t\t\t<\/div>\n\t\t\t\t<\/div>\n\t\t\t\t\t<\/div>\n\t\t<\/div>\n\t\t\t\t\t<\/div>\n\t\t<\/section>\n\t\t\t\t<\/div>","protected":false},"excerpt":{"rendered":"<p>Despre noi GroundDataBank caut\u0103 mereu cele mai bune buc\u0103\u021bi de teren. Terenul pentru constructii este baza constructiei! Cele mai importante \u00eentreb\u0103ri din aceast\u0103 c\u0103utare sunt \u201eCe putem face cu p\u0103m\u00e2ntul?\u201d \u0219i \u201eCe valoare se poate acorda solului?\u201d. GroundDataBank analizeaz\u0103 acest lucru pentru a oferi o perspectiv\u0103 asupra acestor \u00eentreb\u0103ri...<\/p>","protected":false},"author":1,"featured_media":0,"parent":0,"menu_order":0,"comment_status":"closed","ping_status":"closed","template":"","meta":{"inline_featured_image":false,"footnotes":""},"class_list":["post-1184","page","type-page","status-publish","hentry"],"yoast_head":"<!-- This site is optimized with the Yoast SEO plugin v27.5 - https:\/\/yoast.com\/product\/yoast-seo-wordpress\/ -->\n<title>Over ons - GroundDataBank<\/title>\n<meta name=\"robots\" content=\"index, follow, max-snippet:-1, max-image-preview:large, max-video-preview:-1\" \/>\n<link rel=\"canonical\" href=\"https:\/\/www.grounddatabank.com\/ro\/despre-noi\/\" \/>\n<meta property=\"og:locale\" content=\"ro_RO\" \/>\n<meta property=\"og:type\" content=\"article\" \/>\n<meta property=\"og:title\" content=\"Over ons - GroundDataBank\" \/>\n<meta property=\"og:description\" content=\"Over ons GroundDataBank is altijd op zoek naar de beste stukken grond. Bouw grond is namelijk de basis om te bouwen! De belangrijkste vragen bij deze zoektocht zijn \u2018Wat mogen we met de grond?\u2019 en \u2018Welke waarde kan er aan de grond gegeven worden?\u2019. GroundDataBank duikt hier voor\u00a0 u in om deze vragen inzichtelijk te...\" \/>\n<meta property=\"og:url\" content=\"https:\/\/www.grounddatabank.com\/ro\/despre-noi\/\" \/>\n<meta property=\"og:site_name\" content=\"GroundDataBank\" \/>\n<meta property=\"article:modified_time\" content=\"2024-08-15T05:57:15+00:00\" \/>\n<meta property=\"og:image\" content=\"https:\/\/www.grounddatabank.com\/wp-content\/uploads\/2022\/11\/Grounddatabank-scaled.jpg\" \/>\n\t<meta property=\"og:image:width\" content=\"2560\" \/>\n\t<meta property=\"og:image:height\" content=\"1339\" \/>\n\t<meta property=\"og:image:type\" content=\"image\/jpeg\" \/>\n<meta name=\"twitter:card\" content=\"summary_large_image\" \/>\n<meta name=\"twitter:label1\" content=\"Timp estimat pentru citire\" \/>\n\t<meta name=\"twitter:data1\" content=\"3 minute\" \/>\n<script type=\"application\/ld+json\" class=\"yoast-schema-graph\">{\"@context\":\"https:\\\/\\\/schema.org\",\"@graph\":[{\"@type\":\"WebPage\",\"@id\":\"https:\\\/\\\/www.grounddatabank.com\\\/over-ons\\\/\",\"url\":\"https:\\\/\\\/www.grounddatabank.com\\\/over-ons\\\/\",\"name\":\"Over ons - GroundDataBank\",\"isPartOf\":{\"@id\":\"https:\\\/\\\/www.grounddatabank.com\\\/#website\"},\"datePublished\":\"2021-03-31T10:51:08+00:00\",\"dateModified\":\"2024-08-15T05:57:15+00:00\",\"breadcrumb\":{\"@id\":\"https:\\\/\\\/www.grounddatabank.com\\\/over-ons\\\/#breadcrumb\"},\"inLanguage\":\"ro-RO\",\"potentialAction\":[{\"@type\":\"ReadAction\",\"target\":[\"https:\\\/\\\/www.grounddatabank.com\\\/over-ons\\\/\"]}]},{\"@type\":\"BreadcrumbList\",\"@id\":\"https:\\\/\\\/www.grounddatabank.com\\\/over-ons\\\/#breadcrumb\",\"itemListElement\":[{\"@type\":\"ListItem\",\"position\":1,\"name\":\"Home\",\"item\":\"https:\\\/\\\/www.grounddatabank.com\\\/\"},{\"@type\":\"ListItem\",\"position\":2,\"name\":\"Over ons\"}]},{\"@type\":\"WebSite\",\"@id\":\"https:\\\/\\\/www.grounddatabank.com\\\/#website\",\"url\":\"https:\\\/\\\/www.grounddatabank.com\\\/\",\"name\":\"GroundDataBank\",\"description\":\"Grond is machtig, GroundDataBank is krachtig!\",\"publisher\":{\"@id\":\"https:\\\/\\\/www.grounddatabank.com\\\/#organization\"},\"potentialAction\":[{\"@type\":\"SearchAction\",\"target\":{\"@type\":\"EntryPoint\",\"urlTemplate\":\"https:\\\/\\\/www.grounddatabank.com\\\/?s={search_term_string}\"},\"query-input\":{\"@type\":\"PropertyValueSpecification\",\"valueRequired\":true,\"valueName\":\"search_term_string\"}}],\"inLanguage\":\"ro-RO\"},{\"@type\":\"Organization\",\"@id\":\"https:\\\/\\\/www.grounddatabank.com\\\/#organization\",\"name\":\"GroundDataBank\",\"url\":\"https:\\\/\\\/www.grounddatabank.com\\\/\",\"logo\":{\"@type\":\"ImageObject\",\"inLanguage\":\"ro-RO\",\"@id\":\"https:\\\/\\\/www.grounddatabank.com\\\/#\\\/schema\\\/logo\\\/image\\\/\",\"url\":\"https:\\\/\\\/www.grounddatabank.com\\\/wp-content\\\/uploads\\\/2021\\\/04\\\/logo_small_icon_only.png\",\"contentUrl\":\"https:\\\/\\\/www.grounddatabank.com\\\/wp-content\\\/uploads\\\/2021\\\/04\\\/logo_small_icon_only.png\",\"width\":300,\"height\":300,\"caption\":\"GroundDataBank\"},\"image\":{\"@id\":\"https:\\\/\\\/www.grounddatabank.com\\\/#\\\/schema\\\/logo\\\/image\\\/\"}}]}<\/script>\n<!-- \/ Yoast SEO plugin. -->","yoast_head_json":{"title":"Over ons - GroundDataBank","robots":{"index":"index","follow":"follow","max-snippet":"max-snippet:-1","max-image-preview":"max-image-preview:large","max-video-preview":"max-video-preview:-1"},"canonical":"https:\/\/www.grounddatabank.com\/ro\/despre-noi\/","og_locale":"ro_RO","og_type":"article","og_title":"Over ons - GroundDataBank","og_description":"Over ons GroundDataBank is altijd op zoek naar de beste stukken grond. Bouw grond is namelijk de basis om te bouwen! De belangrijkste vragen bij deze zoektocht zijn \u2018Wat mogen we met de grond?\u2019 en \u2018Welke waarde kan er aan de grond gegeven worden?\u2019. GroundDataBank duikt hier voor\u00a0 u in om deze vragen inzichtelijk te...","og_url":"https:\/\/www.grounddatabank.com\/ro\/despre-noi\/","og_site_name":"GroundDataBank","article_modified_time":"2024-08-15T05:57:15+00:00","og_image":[{"width":2560,"height":1339,"url":"https:\/\/www.grounddatabank.com\/wp-content\/uploads\/2022\/11\/Grounddatabank-scaled.jpg","type":"image\/jpeg"}],"twitter_card":"summary_large_image","twitter_misc":{"Timp estimat pentru citire":"3 minute"},"schema":{"@context":"https:\/\/schema.org","@graph":[{"@type":"WebPage","@id":"https:\/\/www.grounddatabank.com\/over-ons\/","url":"https:\/\/www.grounddatabank.com\/over-ons\/","name":"Over ons - GroundDataBank","isPartOf":{"@id":"https:\/\/www.grounddatabank.com\/#website"},"datePublished":"2021-03-31T10:51:08+00:00","dateModified":"2024-08-15T05:57:15+00:00","breadcrumb":{"@id":"https:\/\/www.grounddatabank.com\/over-ons\/#breadcrumb"},"inLanguage":"ro-RO","potentialAction":[{"@type":"ReadAction","target":["https:\/\/www.grounddatabank.com\/over-ons\/"]}]},{"@type":"BreadcrumbList","@id":"https:\/\/www.grounddatabank.com\/over-ons\/#breadcrumb","itemListElement":[{"@type":"ListItem","position":1,"name":"Home","item":"https:\/\/www.grounddatabank.com\/"},{"@type":"ListItem","position":2,"name":"Over ons"}]},{"@type":"WebSite","@id":"https:\/\/www.grounddatabank.com\/#website","url":"https:\/\/www.grounddatabank.com\/","name":"GroundDataBank","description":"Grond is machtig, GroundDataBank is krachtig!","publisher":{"@id":"https:\/\/www.grounddatabank.com\/#organization"},"potentialAction":[{"@type":"SearchAction","target":{"@type":"EntryPoint","urlTemplate":"https:\/\/www.grounddatabank.com\/?s={search_term_string}"},"query-input":{"@type":"PropertyValueSpecification","valueRequired":true,"valueName":"search_term_string"}}],"inLanguage":"ro-RO"},{"@type":"Organization","@id":"https:\/\/www.grounddatabank.com\/#organization","name":"GroundDataBank","url":"https:\/\/www.grounddatabank.com\/","logo":{"@type":"ImageObject","inLanguage":"ro-RO","@id":"https:\/\/www.grounddatabank.com\/#\/schema\/logo\/image\/","url":"https:\/\/www.grounddatabank.com\/wp-content\/uploads\/2021\/04\/logo_small_icon_only.png","contentUrl":"https:\/\/www.grounddatabank.com\/wp-content\/uploads\/2021\/04\/logo_small_icon_only.png","width":300,"height":300,"caption":"GroundDataBank"},"image":{"@id":"https:\/\/www.grounddatabank.com\/#\/schema\/logo\/image\/"}}]}},"_links":{"self":[{"href":"https:\/\/www.grounddatabank.com\/ro\/wp-json\/wp\/v2\/pages\/1184","targetHints":{"allow":["GET"]}}],"collection":[{"href":"https:\/\/www.grounddatabank.com\/ro\/wp-json\/wp\/v2\/pages"}],"about":[{"href":"https:\/\/www.grounddatabank.com\/ro\/wp-json\/wp\/v2\/types\/page"}],"author":[{"embeddable":true,"href":"https:\/\/www.grounddatabank.com\/ro\/wp-json\/wp\/v2\/users\/1"}],"replies":[{"embeddable":true,"href":"https:\/\/www.grounddatabank.com\/ro\/wp-json\/wp\/v2\/comments?post=1184"}],"version-history":[{"count":67,"href":"https:\/\/www.grounddatabank.com\/ro\/wp-json\/wp\/v2\/pages\/1184\/revisions"}],"predecessor-version":[{"id":4071,"href":"https:\/\/www.grounddatabank.com\/ro\/wp-json\/wp\/v2\/pages\/1184\/revisions\/4071"}],"wp:attachment":[{"href":"https:\/\/www.grounddatabank.com\/ro\/wp-json\/wp\/v2\/media?parent=1184"}],"curies":[{"name":"wp","href":"https:\/\/api.w.org\/{rel}","templated":true}]}}