{"id":127,"date":"2017-06-05T09:13:38","date_gmt":"2017-06-05T09:13:38","guid":{"rendered":"http:\/\/realhomes.inspirythemes.com\/?page_id=127"},"modified":"2022-11-20T13:13:20","modified_gmt":"2022-11-20T13:13:20","slug":"columns","status":"publish","type":"page","link":"https:\/\/www.grounddatabank.com\/ro\/coloane\/","title":{"rendered":"Coloane"},"content":{"rendered":"<p>Inoveaz\u0103 \u00een mod obiectiv produsele fabricate \u00eemputernicite \u00een timp ce platformele paralele. Predomin\u0103 holistic procedurile de testare extensibile pentru lan\u021buri de aprovizionare fiabile. Angaja\u021bi \u00een mod dramatic serviciile web de top fa\u021b\u0103 de livrabile de ultim\u0103 genera\u021bie.<\/p>\n\n\n<div class=\"row-fluid\"><div class=\"span3\"><\/p>\n<h4>1\/4<\/h4>\n<p>Inova\u021bi \u00een mod credibil surse interne granulare sau \u201eorganice\u201d, \u00een timp ce standarde \u00eenalte \u00een preg\u0103tirea web. Scala\u021bi \u00een mod sinergic competen\u021bele de baz\u0103 rezistente la viitor fa\u021b\u0103 de experien\u021bele de impact. Sintetiza\u021bi \u00een mod dramatic scheme integrate cu re\u021bele optime.<br \/>\n<\/div><div class=\"span3\"><\/p>\n<h4>1\/4<\/h4>\n<p>Inova\u021bi \u00een mod credibil surse interne granulare sau \u201eorganice\u201d, \u00een timp ce standarde \u00eenalte \u00een preg\u0103tirea web. Scala\u021bi \u00een mod sinergic competen\u021bele de baz\u0103 rezistente la viitor fa\u021b\u0103 de experien\u021bele de impact. Sintetiza\u021bi \u00een mod dramatic scheme integrate cu re\u021bele optime.<\/div><div class=\"span3\"><\/p>\n<h4>1\/4<\/h4>\n<p>Inova\u021bi \u00een mod credibil surse interne granulare sau \u201eorganice\u201d, \u00een timp ce standarde \u00eenalte \u00een preg\u0103tirea web. Scala\u021bi \u00een mod sinergic competen\u021bele de baz\u0103 rezistente la viitor fa\u021b\u0103 de experien\u021bele de impact. Sintetiza\u021bi \u00een mod dramatic scheme integrate cu re\u021bele optime.<\/div><div class=\"span3\"><\/p>\n<h4>1\/4<\/h4>\n<p>Inova\u021bi \u00een mod credibil surse interne granulare sau \u201eorganice\u201d, \u00een timp ce standarde \u00eenalte \u00een preg\u0103tirea web. Scala\u021bi \u00een mod sinergic competen\u021bele de baz\u0103 rezistente la viitor fa\u021b\u0103 de experien\u021bele de impact. Sintetiza\u021bi \u00een mod dramatic scheme integrate cu re\u021bele optime.<\/div><\/div>\n\n\n<div class=\"row-fluid\"><div class=\"span6\"><\/p>\n<h4>1\/2<\/h4>\n<p>Utiliza\u021bi cadrele agile pentru a oferi un rezumat solid pentru prezent\u0103ri de ansamblu la nivel \u00eenalt. Abord\u0103rile iterative ale strategiei corporative \u00eencurajeaz\u0103 g\u00e2ndirea colaborativ\u0103 pentru a promova propunerea general\u0103 de valoare. Cre\u0219te\u021bi \u00een mod organic viziunea holistic\u0103 asupra inova\u021biei perturbatoare prin diversitatea \u0219i \u00eemputernicirea la locul de munc\u0103.<\/div><div class=\"span6\"><\/p>\n<h4>1\/2<\/h4>\n<p>Utiliza\u021bi cadrele agile pentru a oferi un rezumat solid pentru prezent\u0103ri de ansamblu la nivel \u00eenalt. Abord\u0103rile iterative ale strategiei corporative \u00eencurajeaz\u0103 g\u00e2ndirea colaborativ\u0103 pentru a promova propunerea general\u0103 de valoare. Cre\u0219te\u021bi \u00een mod organic viziunea holistic\u0103 asupra inova\u021biei perturbatoare prin diversitatea \u0219i \u00eemputernicirea la locul de munc\u0103.<\/div><\/div>\n\n\n<div class=\"row-fluid\"><div class=\"span4\"><\/p>\n<h4>1\/3<\/h4>\n<p>Utiliza\u021bi cadrele agile pentru a oferi un rezumat solid pentru prezent\u0103ri de ansamblu la nivel \u00eenalt. Abord\u0103rile iterative ale strategiei corporative \u00eencurajeaz\u0103 g\u00e2ndirea colaborativ\u0103 pentru a promova propunerea general\u0103 de valoare. Cre\u0219te\u021bi \u00een mod organic viziunea holistic\u0103 asupra inova\u021biei perturbatoare prin diversitatea \u0219i \u00eemputernicirea la locul de munc\u0103.<\/div><div class=\"span4\"><\/p>\n<h4>1\/3<\/h4>\n<p>Utiliza\u021bi cadrele agile pentru a oferi un rezumat solid pentru prezent\u0103ri de ansamblu la nivel \u00eenalt. Abord\u0103rile iterative ale strategiei corporative \u00eencurajeaz\u0103 g\u00e2ndirea colaborativ\u0103 pentru a promova propunerea general\u0103 de valoare. Cre\u0219te\u021bi \u00een mod organic viziunea holistic\u0103 asupra inova\u021biei perturbatoare prin diversitatea \u0219i \u00eemputernicirea la locul de munc\u0103.<\/div><div class=\"span4\"><\/p>\n<h4>1\/3<\/h4>\n<p>Utiliza\u021bi cadrele agile pentru a oferi un rezumat solid pentru prezent\u0103ri de ansamblu la nivel \u00eenalt. Abord\u0103rile iterative ale strategiei corporative \u00eencurajeaz\u0103 g\u00e2ndirea colaborativ\u0103 pentru a promova propunerea general\u0103 de valoare. Cre\u0219te\u021bi \u00een mod organic viziunea holistic\u0103 asupra inova\u021biei perturbatoare prin diversitatea \u0219i \u00eemputernicirea la locul de munc\u0103.<\/div><\/div>\n\n\n<div class=\"row-fluid\"><div class=\"span3\"><\/p>\n<h4>1\/4<\/h4>\n<p>Utiliza\u021bi cadrele agile pentru a oferi un rezumat solid pentru prezent\u0103ri de ansamblu la nivel \u00eenalt. Abord\u0103rile iterative ale strategiei corporative \u00eencurajeaz\u0103 g\u00e2ndirea colaborativ\u0103 pentru a promova propunerea general\u0103 de valoare. Cre\u0219te\u021bi \u00een mod organic viziunea holistic\u0103 asupra inova\u021biei perturbatoare prin diversitatea \u0219i \u00eemputernicirea la locul de munc\u0103.<\/div><div class=\"span3\"><\/p>\n<h4>1\/4<\/h4>\n<p>Utiliza\u021bi cadrele agile pentru a oferi un rezumat solid pentru prezent\u0103ri de ansamblu la nivel \u00eenalt. Abord\u0103rile iterative ale strategiei corporative \u00eencurajeaz\u0103 g\u00e2ndirea colaborativ\u0103 pentru a promova propunerea general\u0103 de valoare. Cre\u0219te\u021bi \u00een mod organic viziunea holistic\u0103 asupra inova\u021biei perturbatoare prin diversitatea \u0219i \u00eemputernicirea la locul de munc\u0103.<\/div><div class=\"span6\"><\/p>\n<h4>1\/2<\/h4>\n<p>Utiliza\u021bi cadrele agile pentru a oferi un rezumat solid pentru prezent\u0103ri de ansamblu la nivel \u00eenalt. Abord\u0103rile iterative ale strategiei corporative \u00eencurajeaz\u0103 g\u00e2ndirea colaborativ\u0103 pentru a promova propunerea general\u0103 de valoare. Cre\u0219te\u021bi \u00een mod organic viziunea holistic\u0103 asupra inova\u021biei perturbatoare prin diversitatea \u0219i \u00eemputernicirea la locul de munc\u0103.<\/div><\/div>\n\n\n<div class=\"row-fluid\"><div class=\"span2\"><\/p>\n<h4>1\/6<\/h4>\n<p>Utiliza\u021bi cadrele agile pentru a oferi un rezumat solid pentru prezent\u0103ri de ansamblu la nivel \u00eenalt. Abord\u0103rile iterative ale strategiei corporative \u00eencurajeaz\u0103 g\u00e2ndirea colaborativ\u0103 pentru a promova propunerea general\u0103 de valoare. Cre\u0219te\u021bi \u00een mod organic viziunea holistic\u0103 asupra inova\u021biei perturbatoare prin diversitatea \u0219i \u00eemputernicirea la locul de munc\u0103.<\/div><div class=\"span2\"><\/p>\n<h4>1\/6<\/h4>\n<p>Utiliza\u021bi cadrele agile pentru a oferi un rezumat solid pentru prezent\u0103ri de ansamblu la nivel \u00eenalt. Abord\u0103rile iterative ale strategiei corporative \u00eencurajeaz\u0103 g\u00e2ndirea colaborativ\u0103 pentru a promova propunerea general\u0103 de valoare. Cre\u0219te\u021bi \u00een mod organic viziunea holistic\u0103 asupra inova\u021biei perturbatoare prin diversitatea \u0219i \u00eemputernicirea la locul de munc\u0103.<\/div><div class=\"span2\"><\/p>\n<h4>1\/6<\/h4>\n<p>Utiliza\u021bi cadrele agile pentru a oferi un rezumat solid pentru prezent\u0103ri de ansamblu la nivel \u00eenalt. Abord\u0103rile iterative ale strategiei corporative \u00eencurajeaz\u0103 g\u00e2ndirea colaborativ\u0103 pentru a promova propunerea general\u0103 de valoare. Cre\u0219te\u021bi \u00een mod organic viziunea holistic\u0103 asupra inova\u021biei perturbatoare prin diversitatea \u0219i \u00eemputernicirea la locul de munc\u0103.<\/div><div class=\"span2\"><\/p>\n<h4>1\/6<\/h4>\n<p>Utiliza\u021bi cadrele agile pentru a oferi un rezumat solid pentru prezent\u0103ri de ansamblu la nivel \u00eenalt. Abord\u0103rile iterative ale strategiei corporative \u00eencurajeaz\u0103 g\u00e2ndirea colaborativ\u0103 pentru a promova propunerea general\u0103 de valoare. Cre\u0219te\u021bi \u00een mod organic viziunea holistic\u0103 asupra inova\u021biei perturbatoare prin diversitatea \u0219i \u00eemputernicirea la locul de munc\u0103.<\/div><div class=\"span2\"><\/p>\n<h4>1\/6<\/h4>\n<p>Utiliza\u021bi cadrele agile pentru a oferi un rezumat solid pentru prezent\u0103ri de ansamblu la nivel \u00eenalt. Abord\u0103rile iterative ale strategiei corporative \u00eencurajeaz\u0103 g\u00e2ndirea colaborativ\u0103 pentru a promova propunerea general\u0103 de valoare. Cre\u0219te\u021bi \u00een mod organic viziunea holistic\u0103 asupra inova\u021biei perturbatoare prin diversitatea \u0219i \u00eemputernicirea la locul de munc\u0103.<\/div><div class=\"span2\"><\/p>\n<h4>1\/6<\/h4>\n<p>Utiliza\u021bi cadrele agile pentru a oferi un rezumat solid pentru prezent\u0103ri de ansamblu la nivel \u00eenalt. Abord\u0103rile iterative ale strategiei corporative \u00eencurajeaz\u0103 g\u00e2ndirea colaborativ\u0103 pentru a promova propunerea general\u0103 de valoare. Cre\u0219te\u021bi \u00een mod organic viziunea holistic\u0103 asupra inova\u021biei perturbatoare prin diversitatea \u0219i \u00eemputernicirea la locul de munc\u0103.<\/div><\/div>","protected":false},"excerpt":{"rendered":"<p>Inoveaz\u0103 \u00een mod obiectiv produsele fabricate \u00eemputernicite \u00een timp ce platformele paralele. Predomin\u0103 holistic procedurile de testare extensibile pentru lan\u021buri de aprovizionare fiabile. Angaja\u021bi \u00een mod dramatic serviciile web de top fa\u021b\u0103 de livrabile de ultim\u0103 genera\u021bie.<\/p>","protected":false},"author":1,"featured_media":0,"parent":0,"menu_order":0,"comment_status":"closed","ping_status":"closed","template":"templates\/full-width.php","meta":{"inline_featured_image":false,"footnotes":""},"class_list":["post-127","page","type-page","status-publish","hentry"],"yoast_head":"<!-- This site is optimized with the Yoast SEO plugin v27.5 - https:\/\/yoast.com\/product\/yoast-seo-wordpress\/ -->\n<title>Columns - GroundDataBank<\/title>\n<meta name=\"robots\" content=\"index, follow, max-snippet:-1, max-image-preview:large, max-video-preview:-1\" \/>\n<link rel=\"canonical\" href=\"https:\/\/www.grounddatabank.com\/ro\/coloane\/\" \/>\n<meta property=\"og:locale\" content=\"ro_RO\" \/>\n<meta property=\"og:type\" content=\"article\" \/>\n<meta property=\"og:title\" content=\"Columns - GroundDataBank\" \/>\n<meta property=\"og:description\" content=\"Objectively innovate empowered manufactured products whereas parallel platforms. Holistically predominate extensible testing procedures for reliable supply chains. Dramatically engage top-line web services vis-a-vis cutting-edge deliverables.\" \/>\n<meta property=\"og:url\" content=\"https:\/\/www.grounddatabank.com\/ro\/coloane\/\" \/>\n<meta property=\"og:site_name\" content=\"GroundDataBank\" \/>\n<meta property=\"article:modified_time\" content=\"2022-11-20T13:13:20+00:00\" \/>\n<meta property=\"og:image\" content=\"https:\/\/www.grounddatabank.com\/wp-content\/uploads\/2022\/11\/Grounddatabank-scaled.jpg\" \/>\n\t<meta property=\"og:image:width\" content=\"2560\" \/>\n\t<meta property=\"og:image:height\" content=\"1339\" \/>\n\t<meta property=\"og:image:type\" content=\"image\/jpeg\" \/>\n<meta name=\"twitter:card\" content=\"summary_large_image\" \/>\n<meta name=\"twitter:label1\" content=\"Timp estimat pentru citire\" \/>\n\t<meta name=\"twitter:data1\" content=\"4 minute\" \/>\n<script type=\"application\/ld+json\" class=\"yoast-schema-graph\">{\"@context\":\"https:\\\/\\\/schema.org\",\"@graph\":[{\"@type\":\"WebPage\",\"@id\":\"https:\\\/\\\/www.grounddatabank.com\\\/columns\\\/\",\"url\":\"https:\\\/\\\/www.grounddatabank.com\\\/columns\\\/\",\"name\":\"Columns - GroundDataBank\",\"isPartOf\":{\"@id\":\"https:\\\/\\\/www.grounddatabank.com\\\/#website\"},\"datePublished\":\"2017-06-05T09:13:38+00:00\",\"dateModified\":\"2022-11-20T13:13:20+00:00\",\"breadcrumb\":{\"@id\":\"https:\\\/\\\/www.grounddatabank.com\\\/columns\\\/#breadcrumb\"},\"inLanguage\":\"ro-RO\",\"potentialAction\":[{\"@type\":\"ReadAction\",\"target\":[\"https:\\\/\\\/www.grounddatabank.com\\\/columns\\\/\"]}]},{\"@type\":\"BreadcrumbList\",\"@id\":\"https:\\\/\\\/www.grounddatabank.com\\\/columns\\\/#breadcrumb\",\"itemListElement\":[{\"@type\":\"ListItem\",\"position\":1,\"name\":\"Home\",\"item\":\"https:\\\/\\\/www.grounddatabank.com\\\/\"},{\"@type\":\"ListItem\",\"position\":2,\"name\":\"Columns\"}]},{\"@type\":\"WebSite\",\"@id\":\"https:\\\/\\\/www.grounddatabank.com\\\/#website\",\"url\":\"https:\\\/\\\/www.grounddatabank.com\\\/\",\"name\":\"GroundDataBank\",\"description\":\"Grond is machtig, GroundDataBank is krachtig!\",\"publisher\":{\"@id\":\"https:\\\/\\\/www.grounddatabank.com\\\/#organization\"},\"potentialAction\":[{\"@type\":\"SearchAction\",\"target\":{\"@type\":\"EntryPoint\",\"urlTemplate\":\"https:\\\/\\\/www.grounddatabank.com\\\/?s={search_term_string}\"},\"query-input\":{\"@type\":\"PropertyValueSpecification\",\"valueRequired\":true,\"valueName\":\"search_term_string\"}}],\"inLanguage\":\"ro-RO\"},{\"@type\":\"Organization\",\"@id\":\"https:\\\/\\\/www.grounddatabank.com\\\/#organization\",\"name\":\"GroundDataBank\",\"url\":\"https:\\\/\\\/www.grounddatabank.com\\\/\",\"logo\":{\"@type\":\"ImageObject\",\"inLanguage\":\"ro-RO\",\"@id\":\"https:\\\/\\\/www.grounddatabank.com\\\/#\\\/schema\\\/logo\\\/image\\\/\",\"url\":\"https:\\\/\\\/www.grounddatabank.com\\\/wp-content\\\/uploads\\\/2021\\\/04\\\/logo_small_icon_only.png\",\"contentUrl\":\"https:\\\/\\\/www.grounddatabank.com\\\/wp-content\\\/uploads\\\/2021\\\/04\\\/logo_small_icon_only.png\",\"width\":300,\"height\":300,\"caption\":\"GroundDataBank\"},\"image\":{\"@id\":\"https:\\\/\\\/www.grounddatabank.com\\\/#\\\/schema\\\/logo\\\/image\\\/\"}}]}<\/script>\n<!-- \/ Yoast SEO plugin. -->","yoast_head_json":{"title":"Columns - GroundDataBank","robots":{"index":"index","follow":"follow","max-snippet":"max-snippet:-1","max-image-preview":"max-image-preview:large","max-video-preview":"max-video-preview:-1"},"canonical":"https:\/\/www.grounddatabank.com\/ro\/coloane\/","og_locale":"ro_RO","og_type":"article","og_title":"Columns - GroundDataBank","og_description":"Objectively innovate empowered manufactured products whereas parallel platforms. Holistically predominate extensible testing procedures for reliable supply chains. Dramatically engage top-line web services vis-a-vis cutting-edge deliverables.","og_url":"https:\/\/www.grounddatabank.com\/ro\/coloane\/","og_site_name":"GroundDataBank","article_modified_time":"2022-11-20T13:13:20+00:00","og_image":[{"width":2560,"height":1339,"url":"https:\/\/www.grounddatabank.com\/wp-content\/uploads\/2022\/11\/Grounddatabank-scaled.jpg","type":"image\/jpeg"}],"twitter_card":"summary_large_image","twitter_misc":{"Timp estimat pentru citire":"4 minute"},"schema":{"@context":"https:\/\/schema.org","@graph":[{"@type":"WebPage","@id":"https:\/\/www.grounddatabank.com\/columns\/","url":"https:\/\/www.grounddatabank.com\/columns\/","name":"Columns - GroundDataBank","isPartOf":{"@id":"https:\/\/www.grounddatabank.com\/#website"},"datePublished":"2017-06-05T09:13:38+00:00","dateModified":"2022-11-20T13:13:20+00:00","breadcrumb":{"@id":"https:\/\/www.grounddatabank.com\/columns\/#breadcrumb"},"inLanguage":"ro-RO","potentialAction":[{"@type":"ReadAction","target":["https:\/\/www.grounddatabank.com\/columns\/"]}]},{"@type":"BreadcrumbList","@id":"https:\/\/www.grounddatabank.com\/columns\/#breadcrumb","itemListElement":[{"@type":"ListItem","position":1,"name":"Home","item":"https:\/\/www.grounddatabank.com\/"},{"@type":"ListItem","position":2,"name":"Columns"}]},{"@type":"WebSite","@id":"https:\/\/www.grounddatabank.com\/#website","url":"https:\/\/www.grounddatabank.com\/","name":"GroundDataBank","description":"Grond is machtig, GroundDataBank is krachtig!","publisher":{"@id":"https:\/\/www.grounddatabank.com\/#organization"},"potentialAction":[{"@type":"SearchAction","target":{"@type":"EntryPoint","urlTemplate":"https:\/\/www.grounddatabank.com\/?s={search_term_string}"},"query-input":{"@type":"PropertyValueSpecification","valueRequired":true,"valueName":"search_term_string"}}],"inLanguage":"ro-RO"},{"@type":"Organization","@id":"https:\/\/www.grounddatabank.com\/#organization","name":"GroundDataBank","url":"https:\/\/www.grounddatabank.com\/","logo":{"@type":"ImageObject","inLanguage":"ro-RO","@id":"https:\/\/www.grounddatabank.com\/#\/schema\/logo\/image\/","url":"https:\/\/www.grounddatabank.com\/wp-content\/uploads\/2021\/04\/logo_small_icon_only.png","contentUrl":"https:\/\/www.grounddatabank.com\/wp-content\/uploads\/2021\/04\/logo_small_icon_only.png","width":300,"height":300,"caption":"GroundDataBank"},"image":{"@id":"https:\/\/www.grounddatabank.com\/#\/schema\/logo\/image\/"}}]}},"_links":{"self":[{"href":"https:\/\/www.grounddatabank.com\/ro\/wp-json\/wp\/v2\/pages\/127","targetHints":{"allow":["GET"]}}],"collection":[{"href":"https:\/\/www.grounddatabank.com\/ro\/wp-json\/wp\/v2\/pages"}],"about":[{"href":"https:\/\/www.grounddatabank.com\/ro\/wp-json\/wp\/v2\/types\/page"}],"author":[{"embeddable":true,"href":"https:\/\/www.grounddatabank.com\/ro\/wp-json\/wp\/v2\/users\/1"}],"replies":[{"embeddable":true,"href":"https:\/\/www.grounddatabank.com\/ro\/wp-json\/wp\/v2\/comments?post=127"}],"version-history":[{"count":1,"href":"https:\/\/www.grounddatabank.com\/ro\/wp-json\/wp\/v2\/pages\/127\/revisions"}],"predecessor-version":[{"id":1219,"href":"https:\/\/www.grounddatabank.com\/ro\/wp-json\/wp\/v2\/pages\/127\/revisions\/1219"}],"wp:attachment":[{"href":"https:\/\/www.grounddatabank.com\/ro\/wp-json\/wp\/v2\/media?parent=127"}],"curies":[{"name":"wp","href":"https:\/\/api.w.org\/{rel}","templated":true}]}}