{"id":132,"date":"2017-06-05T10:16:32","date_gmt":"2017-06-05T10:16:32","guid":{"rendered":"http:\/\/realhomes.inspirythemes.com\/?page_id=129"},"modified":"2022-11-20T13:13:23","modified_gmt":"2022-11-20T13:13:23","slug":"typography","status":"publish","type":"page","link":"https:\/\/www.grounddatabank.com\/ro\/typography\/","title":{"rendered":"Typography"},"content":{"rendered":"<h1 class=\"wp-block-heading\">H1 heading<\/h1>\n\n\n\n<p>Utiliza\u021bi cadrele agile pentru a oferi un rezumat solid pentru prezent\u0103ri de ansamblu la nivel \u00eenalt. Abord\u0103rile iterative ale strategiei corporative \u00eencurajeaz\u0103 g\u00e2ndirea colaborativ\u0103 pentru a promova propunerea general\u0103 de valoare. Cre\u0219te\u021bi \u00een mod organic viziunea holistic\u0103 asupra inova\u021biei perturbatoare prin diversitatea \u0219i \u00eemputernicirea la locul de munc\u0103.<\/p>\n\n\n\n<h2 class=\"wp-block-heading\">H2 heading<\/h2>\n\n\n\n<p>Utiliza\u021bi cadrele agile pentru a oferi un rezumat solid pentru prezent\u0103ri de ansamblu la nivel \u00eenalt. Abord\u0103rile iterative ale strategiei corporative \u00eencurajeaz\u0103 g\u00e2ndirea colaborativ\u0103 pentru a promova propunerea general\u0103 de valoare. Cre\u0219te\u021bi \u00een mod organic viziunea holistic\u0103 asupra inova\u021biei perturbatoare prin diversitatea \u0219i \u00eemputernicirea la locul de munc\u0103.<\/p>\n\n\n\n<h3 class=\"wp-block-heading\">H3 heading<\/h3>\n\n\n\n<p>Utiliza\u021bi cadrele agile pentru a oferi un rezumat solid pentru prezent\u0103ri de ansamblu la nivel \u00eenalt. Abord\u0103rile iterative ale strategiei corporative \u00eencurajeaz\u0103 g\u00e2ndirea colaborativ\u0103 pentru a promova propunerea general\u0103 de valoare. Cre\u0219te\u021bi \u00een mod organic viziunea holistic\u0103 asupra inova\u021biei perturbatoare prin diversitatea \u0219i \u00eemputernicirea la locul de munc\u0103.<\/p>\n\n\n\n<h4 class=\"wp-block-heading\">H4 heading<\/h4>\n\n\n\n<p>Utiliza\u021bi cadrele agile pentru a oferi un rezumat solid pentru prezent\u0103ri de ansamblu la nivel \u00eenalt. Abord\u0103rile iterative ale strategiei corporative \u00eencurajeaz\u0103 g\u00e2ndirea colaborativ\u0103 pentru a promova propunerea general\u0103 de valoare. Cre\u0219te\u021bi \u00een mod organic viziunea holistic\u0103 asupra inova\u021biei perturbatoare prin diversitatea \u0219i \u00eemputernicirea la locul de munc\u0103.<\/p>\n\n\n\n<h5 class=\"wp-block-heading\">H5 heading<\/h5>\n\n\n\n<p>Utiliza\u021bi cadrele agile pentru a oferi un rezumat solid pentru prezent\u0103ri de ansamblu la nivel \u00eenalt. Abord\u0103rile iterative ale strategiei corporative \u00eencurajeaz\u0103 g\u00e2ndirea colaborativ\u0103 pentru a promova propunerea general\u0103 de valoare. Cre\u0219te\u021bi \u00een mod organic viziunea holistic\u0103 asupra inova\u021biei perturbatoare prin diversitatea \u0219i \u00eemputernicirea la locul de munc\u0103.<\/p>\n\n\n\n<h6 class=\"wp-block-heading\">H6 heading<\/h6>\n\n\n\n<p>Utiliza\u021bi cadrele agile pentru a oferi un rezumat solid pentru prezent\u0103ri de ansamblu la nivel \u00eenalt. Abord\u0103rile iterative ale strategiei corporative \u00eencurajeaz\u0103 g\u00e2ndirea colaborativ\u0103 pentru a promova propunerea general\u0103 de valoare. Cre\u0219te\u021bi \u00een mod organic viziunea holistic\u0103 asupra inova\u021biei perturbatoare prin diversitatea \u0219i \u00eemputernicirea la locul de munc\u0103.<\/p>\n\n\n\n<hr class=\"wp-block-separator\"\/>\n\n\n\n<h3 class=\"wp-block-heading\">List Styles<\/h3>\n\n\n<div class=\"row-fluid\"><div class=\"span6\"><div class=\"disc-list\"><\/p>\n<ul>\n<li>Capitalize on low hanging fruit to identify a ballpark value added activity to beta test.<\/li>\n<li>Override the digital divide with additional clickthroughs from DevOps.<\/li>\n<li>Nanotechnology immersion along the information highway will close the loop on focusing solely on the bottom line.<\/li>\n<li>Taking seamless key performance indicators offline to maximise the long tail.<\/li>\n<\/ul>\n<p><\/div><\/div><div class=\"span6\"><div class=\"small-arrow-list\"><\/p>\n<ul>\n<li>Capitalize on low hanging fruit to identify a ballpark value added activity to beta test.<\/li>\n<li>Override the digital divide with additional clickthroughs from DevOps.<\/li>\n<li>Nanotechnology immersion along the information highway will close the loop on focusing solely on the bottom line.<\/li>\n<li>Taking seamless key performance indicators offline to maximise the long tail.<\/li>\n<\/ul>\n<p><\/div><\/div><\/div>\n\n\n<div class=\"row-fluid\"><div class=\"span6\"><div class=\"tick-list\"><\/p>\n<ul>\n<li>Capitalize on low hanging fruit to identify a ballpark value added activity to beta test.<\/li>\n<li>Override the digital divide with additional clickthroughs from DevOps.<\/li>\n<li>Nanotechnology immersion along the information highway will close the loop on focusing solely on the bottom line.<\/li>\n<li>Taking seamless key performance indicators offline to maximise the long tail.<\/li>\n<\/ul>\n<p><\/div><\/div><div class=\"span6\"><div class=\"arrow-list\"><\/p>\n<ul>\n<li>Capitalize on low hanging fruit to identify a ballpark value added activity to beta test.<\/li>\n<li>Override the digital divide with additional clickthroughs from DevOps.<\/li>\n<li>Nanotechnology immersion along the information highway will close the loop on focusing solely on the bottom line.<\/li>\n<li>Taking seamless key performance indicators offline to maximise the long tail.<\/li>\n<\/ul>\n<p><\/div><\/div><\/div>\n\n\n\n<hr class=\"wp-block-separator\"\/>\n\n\n\n<h3 class=\"wp-block-heading\">Button<\/h3>\n\n\n<div class=\"row-fluid\"><div class=\"span4\"><br \/>\n<a class=\"rh_btn rh_btn--primary btn-mini\" href=\"#1\" target=\"\">Button<\/a><br \/>\n<a class=\"rh_btn rh_btn--primary btn-small\" href=\"#2\" target=\"\">Button<\/a><br \/>\n<a class=\"rh_btn rh_btn--primary btn-large\" href=\"#3\" target=\"\">Button<\/a><br \/>\n<\/div><div class=\"span4\"><br \/>\n<a class=\"rh_btn rh_btn--secondary btn-mini\" href=\"#1\" target=\"\">Button<\/a><br \/>\n<a class=\"rh_btn rh_btn--secondary btn-small\" href=\"#2\" target=\"\">Button<\/a><br \/>\n<a class=\"rh_btn rh_btn--secondary btn-large\" href=\"#3\" target=\"\">Button<\/a><br \/>\n<\/div><div class=\"span4\"><br \/>\n<a class=\"rh_btn rh_btn--greybtn btn-mini\" href=\"#1\" target=\"\">Button<\/a><br \/>\n<a class=\"rh_btn rh_btn--greybtn btn-small\" href=\"#2\" target=\"\">Button<\/a><br \/>\n<a class=\"rh_btn rh_btn--greybtn btn-large\" href=\"#3\" target=\"\">Button<\/a><br \/>\n<\/div><\/div>\n\n\n\n<hr class=\"wp-block-separator\"\/>\n\n\n<p class=\"info\"><strong>Information:<\/strong> Utiliza\u021bi cadrele agile pentru a oferi un rezumat solid pentru prezent\u0103ri de ansamblu la nivel \u00eenalt. Abord\u0103rile iterative ale strategiei corporative \u00eencurajeaz\u0103 g\u00e2ndirea colaborativ\u0103 pentru a promova propunerea general\u0103 de valoare. Cre\u0219te\u021bi \u00een mod organic viziunea holistic\u0103 asupra inova\u021biei perturbatoare prin diversitatea \u0219i \u00eemputernicirea la locul de munc\u0103.<i class=\"icon-remove\"><\/i><\/p>\n\n\n<p class=\"tip\"><strong>Tip:<\/strong> Utiliza\u021bi cadrele agile pentru a oferi un rezumat solid pentru prezent\u0103ri de ansamblu la nivel \u00eenalt. Abord\u0103rile iterative ale strategiei corporative \u00eencurajeaz\u0103 g\u00e2ndirea colaborativ\u0103 pentru a promova propunerea general\u0103 de valoare. Cre\u0219te\u021bi \u00een mod organic viziunea holistic\u0103 asupra inova\u021biei perturbatoare prin diversitatea \u0219i \u00eemputernicirea la locul de munc\u0103. <i class=\"icon-remove\"><\/i><\/p>\n\n\n<p class=\"success\"><strong>Success:<\/strong> Utiliza\u021bi cadrele agile pentru a oferi un rezumat solid pentru prezent\u0103ri de ansamblu la nivel \u00eenalt. Abord\u0103rile iterative ale strategiei corporative \u00eencurajeaz\u0103 g\u00e2ndirea colaborativ\u0103 pentru a promova propunerea general\u0103 de valoare. Cre\u0219te\u021bi \u00een mod organic viziunea holistic\u0103 asupra inova\u021biei perturbatoare prin diversitatea \u0219i \u00eemputernicirea la locul de munc\u0103.<i class=\"icon-remove\"><\/i><\/p>\n\n\n<p class=\"error\"><strong>Error:<\/strong> Utiliza\u021bi cadrele agile pentru a oferi un rezumat solid pentru prezent\u0103ri de ansamblu la nivel \u00eenalt. Abord\u0103rile iterative ale strategiei corporative \u00eencurajeaz\u0103 g\u00e2ndirea colaborativ\u0103 pentru a promova propunerea general\u0103 de valoare. Cre\u0219te\u021bi \u00een mod organic viziunea holistic\u0103 asupra inova\u021biei perturbatoare prin diversitatea \u0219i \u00eemputernicirea la locul de munc\u0103.<i class=\"icon-remove\"><\/i><\/p>","protected":false},"excerpt":{"rendered":"<p>H1 heading Leverage agile frameworks to provide a robust synopsis for high level overviews. Iterative approaches to corporate strategy foster collaborative thinking to further the overall value proposition. Organically grow the holistic world view of disruptive innovation via workplace diversity and empowerment. H2 heading Leverage agile frameworks to provide a robust synopsis for high level&#8230;<\/p>","protected":false},"author":1,"featured_media":0,"parent":0,"menu_order":0,"comment_status":"closed","ping_status":"closed","template":"","meta":{"inline_featured_image":false,"footnotes":""},"class_list":["post-132","page","type-page","status-publish","hentry"],"yoast_head":"<!-- This site is optimized with the Yoast SEO plugin v27.4 - https:\/\/yoast.com\/product\/yoast-seo-wordpress\/ -->\n<title>Typography - GroundDataBank<\/title>\n<meta name=\"robots\" content=\"index, follow, max-snippet:-1, max-image-preview:large, max-video-preview:-1\" \/>\n<link rel=\"canonical\" href=\"https:\/\/www.grounddatabank.com\/ro\/typography\/\" \/>\n<meta property=\"og:locale\" content=\"ro_RO\" \/>\n<meta property=\"og:type\" content=\"article\" \/>\n<meta property=\"og:title\" content=\"Typography - GroundDataBank\" \/>\n<meta property=\"og:description\" content=\"H1 heading Leverage agile frameworks to provide a robust synopsis for high level overviews. Iterative approaches to corporate strategy foster collaborative thinking to further the overall value proposition. Organically grow the holistic world view of disruptive innovation via workplace diversity and empowerment. H2 heading Leverage agile frameworks to provide a robust synopsis for high level...\" \/>\n<meta property=\"og:url\" content=\"https:\/\/www.grounddatabank.com\/ro\/typography\/\" \/>\n<meta property=\"og:site_name\" content=\"GroundDataBank\" \/>\n<meta property=\"article:modified_time\" content=\"2022-11-20T13:13:23+00:00\" \/>\n<meta property=\"og:image\" content=\"https:\/\/www.grounddatabank.com\/wp-content\/uploads\/2022\/11\/Grounddatabank-scaled.jpg\" \/>\n\t<meta property=\"og:image:width\" content=\"2560\" \/>\n\t<meta property=\"og:image:height\" content=\"1339\" \/>\n\t<meta property=\"og:image:type\" content=\"image\/jpeg\" \/>\n<meta name=\"twitter:card\" content=\"summary_large_image\" \/>\n<meta name=\"twitter:label1\" content=\"Timp estimat pentru citire\" \/>\n\t<meta name=\"twitter:data1\" content=\"4 minute\" \/>\n<script type=\"application\/ld+json\" class=\"yoast-schema-graph\">{\"@context\":\"https:\\\/\\\/schema.org\",\"@graph\":[{\"@type\":\"WebPage\",\"@id\":\"https:\\\/\\\/www.grounddatabank.com\\\/typography\\\/\",\"url\":\"https:\\\/\\\/www.grounddatabank.com\\\/typography\\\/\",\"name\":\"Typography - GroundDataBank\",\"isPartOf\":{\"@id\":\"https:\\\/\\\/www.grounddatabank.com\\\/#website\"},\"datePublished\":\"2017-06-05T10:16:32+00:00\",\"dateModified\":\"2022-11-20T13:13:23+00:00\",\"breadcrumb\":{\"@id\":\"https:\\\/\\\/www.grounddatabank.com\\\/typography\\\/#breadcrumb\"},\"inLanguage\":\"ro-RO\",\"potentialAction\":[{\"@type\":\"ReadAction\",\"target\":[\"https:\\\/\\\/www.grounddatabank.com\\\/typography\\\/\"]}]},{\"@type\":\"BreadcrumbList\",\"@id\":\"https:\\\/\\\/www.grounddatabank.com\\\/typography\\\/#breadcrumb\",\"itemListElement\":[{\"@type\":\"ListItem\",\"position\":1,\"name\":\"Home\",\"item\":\"https:\\\/\\\/www.grounddatabank.com\\\/\"},{\"@type\":\"ListItem\",\"position\":2,\"name\":\"Typography\"}]},{\"@type\":\"WebSite\",\"@id\":\"https:\\\/\\\/www.grounddatabank.com\\\/#website\",\"url\":\"https:\\\/\\\/www.grounddatabank.com\\\/\",\"name\":\"GroundDataBank\",\"description\":\"Grond is machtig, GroundDataBank is krachtig!\",\"publisher\":{\"@id\":\"https:\\\/\\\/www.grounddatabank.com\\\/#organization\"},\"potentialAction\":[{\"@type\":\"SearchAction\",\"target\":{\"@type\":\"EntryPoint\",\"urlTemplate\":\"https:\\\/\\\/www.grounddatabank.com\\\/?s={search_term_string}\"},\"query-input\":{\"@type\":\"PropertyValueSpecification\",\"valueRequired\":true,\"valueName\":\"search_term_string\"}}],\"inLanguage\":\"ro-RO\"},{\"@type\":\"Organization\",\"@id\":\"https:\\\/\\\/www.grounddatabank.com\\\/#organization\",\"name\":\"GroundDataBank\",\"url\":\"https:\\\/\\\/www.grounddatabank.com\\\/\",\"logo\":{\"@type\":\"ImageObject\",\"inLanguage\":\"ro-RO\",\"@id\":\"https:\\\/\\\/www.grounddatabank.com\\\/#\\\/schema\\\/logo\\\/image\\\/\",\"url\":\"https:\\\/\\\/www.grounddatabank.com\\\/wp-content\\\/uploads\\\/2021\\\/04\\\/logo_small_icon_only.png\",\"contentUrl\":\"https:\\\/\\\/www.grounddatabank.com\\\/wp-content\\\/uploads\\\/2021\\\/04\\\/logo_small_icon_only.png\",\"width\":300,\"height\":300,\"caption\":\"GroundDataBank\"},\"image\":{\"@id\":\"https:\\\/\\\/www.grounddatabank.com\\\/#\\\/schema\\\/logo\\\/image\\\/\"}}]}<\/script>\n<!-- \/ Yoast SEO plugin. -->","yoast_head_json":{"title":"Typography - GroundDataBank","robots":{"index":"index","follow":"follow","max-snippet":"max-snippet:-1","max-image-preview":"max-image-preview:large","max-video-preview":"max-video-preview:-1"},"canonical":"https:\/\/www.grounddatabank.com\/ro\/typography\/","og_locale":"ro_RO","og_type":"article","og_title":"Typography - GroundDataBank","og_description":"H1 heading Leverage agile frameworks to provide a robust synopsis for high level overviews. Iterative approaches to corporate strategy foster collaborative thinking to further the overall value proposition. Organically grow the holistic world view of disruptive innovation via workplace diversity and empowerment. H2 heading Leverage agile frameworks to provide a robust synopsis for high level...","og_url":"https:\/\/www.grounddatabank.com\/ro\/typography\/","og_site_name":"GroundDataBank","article_modified_time":"2022-11-20T13:13:23+00:00","og_image":[{"width":2560,"height":1339,"url":"https:\/\/www.grounddatabank.com\/wp-content\/uploads\/2022\/11\/Grounddatabank-scaled.jpg","type":"image\/jpeg"}],"twitter_card":"summary_large_image","twitter_misc":{"Timp estimat pentru citire":"4 minute"},"schema":{"@context":"https:\/\/schema.org","@graph":[{"@type":"WebPage","@id":"https:\/\/www.grounddatabank.com\/typography\/","url":"https:\/\/www.grounddatabank.com\/typography\/","name":"Typography - GroundDataBank","isPartOf":{"@id":"https:\/\/www.grounddatabank.com\/#website"},"datePublished":"2017-06-05T10:16:32+00:00","dateModified":"2022-11-20T13:13:23+00:00","breadcrumb":{"@id":"https:\/\/www.grounddatabank.com\/typography\/#breadcrumb"},"inLanguage":"ro-RO","potentialAction":[{"@type":"ReadAction","target":["https:\/\/www.grounddatabank.com\/typography\/"]}]},{"@type":"BreadcrumbList","@id":"https:\/\/www.grounddatabank.com\/typography\/#breadcrumb","itemListElement":[{"@type":"ListItem","position":1,"name":"Home","item":"https:\/\/www.grounddatabank.com\/"},{"@type":"ListItem","position":2,"name":"Typography"}]},{"@type":"WebSite","@id":"https:\/\/www.grounddatabank.com\/#website","url":"https:\/\/www.grounddatabank.com\/","name":"GroundDataBank","description":"Grond is machtig, GroundDataBank is krachtig!","publisher":{"@id":"https:\/\/www.grounddatabank.com\/#organization"},"potentialAction":[{"@type":"SearchAction","target":{"@type":"EntryPoint","urlTemplate":"https:\/\/www.grounddatabank.com\/?s={search_term_string}"},"query-input":{"@type":"PropertyValueSpecification","valueRequired":true,"valueName":"search_term_string"}}],"inLanguage":"ro-RO"},{"@type":"Organization","@id":"https:\/\/www.grounddatabank.com\/#organization","name":"GroundDataBank","url":"https:\/\/www.grounddatabank.com\/","logo":{"@type":"ImageObject","inLanguage":"ro-RO","@id":"https:\/\/www.grounddatabank.com\/#\/schema\/logo\/image\/","url":"https:\/\/www.grounddatabank.com\/wp-content\/uploads\/2021\/04\/logo_small_icon_only.png","contentUrl":"https:\/\/www.grounddatabank.com\/wp-content\/uploads\/2021\/04\/logo_small_icon_only.png","width":300,"height":300,"caption":"GroundDataBank"},"image":{"@id":"https:\/\/www.grounddatabank.com\/#\/schema\/logo\/image\/"}}]}},"_links":{"self":[{"href":"https:\/\/www.grounddatabank.com\/ro\/wp-json\/wp\/v2\/pages\/132","targetHints":{"allow":["GET"]}}],"collection":[{"href":"https:\/\/www.grounddatabank.com\/ro\/wp-json\/wp\/v2\/pages"}],"about":[{"href":"https:\/\/www.grounddatabank.com\/ro\/wp-json\/wp\/v2\/types\/page"}],"author":[{"embeddable":true,"href":"https:\/\/www.grounddatabank.com\/ro\/wp-json\/wp\/v2\/users\/1"}],"replies":[{"embeddable":true,"href":"https:\/\/www.grounddatabank.com\/ro\/wp-json\/wp\/v2\/comments?post=132"}],"version-history":[{"count":1,"href":"https:\/\/www.grounddatabank.com\/ro\/wp-json\/wp\/v2\/pages\/132\/revisions"}],"predecessor-version":[{"id":1227,"href":"https:\/\/www.grounddatabank.com\/ro\/wp-json\/wp\/v2\/pages\/132\/revisions\/1227"}],"wp:attachment":[{"href":"https:\/\/www.grounddatabank.com\/ro\/wp-json\/wp\/v2\/media?parent=132"}],"curies":[{"name":"wp","href":"https:\/\/api.w.org\/{rel}","templated":true}]}}