{"id":3038,"date":"2021-11-09T10:46:15","date_gmt":"2021-11-09T10:46:15","guid":{"rendered":"https:\/\/www.grounddatabank.com\/?page_id=3038"},"modified":"2022-11-20T13:13:20","modified_gmt":"2022-11-20T13:13:20","slug":"co2-compensatie","status":"publish","type":"page","link":"https:\/\/www.grounddatabank.com\/ro\/compensare-co2\/","title":{"rendered":"compensare CO2"},"content":{"rendered":"<div data-elementor-type=\"wp-page\" data-elementor-id=\"3038\" class=\"elementor elementor-3038\">\n\t\t\t\t\t\t<section class=\"elementor-section elementor-top-section elementor-element elementor-element-26f907c elementor-section-boxed elementor-section-height-default elementor-section-height-default\" data-id=\"26f907c\" data-element_type=\"section\">\n\t\t\t\t\t\t<div class=\"elementor-container elementor-column-gap-default\">\n\t\t\t\t\t<div class=\"elementor-column elementor-col-100 elementor-top-column elementor-element elementor-element-dc0c8fe\" data-id=\"dc0c8fe\" data-element_type=\"column\">\n\t\t\t<div class=\"elementor-widget-wrap\">\n\t\t\t\t\t\t\t<\/div>\n\t\t<\/div>\n\t\t\t\t\t<\/div>\n\t\t<\/section>\n\t\t\t\t<section class=\"elementor-section elementor-top-section elementor-element elementor-element-58fd3942 elementor-section-content-middle elementor-section-boxed elementor-section-height-default elementor-section-height-default\" data-id=\"58fd3942\" data-element_type=\"section\">\n\t\t\t\t\t\t\t<div class=\"elementor-background-overlay\"><\/div>\n\t\t\t\t\t\t\t<div class=\"elementor-container elementor-column-gap-no\">\n\t\t\t\t\t<div class=\"elementor-column elementor-col-100 elementor-top-column elementor-element elementor-element-421a0eeb\" data-id=\"421a0eeb\" data-element_type=\"column\">\n\t\t\t<div class=\"elementor-widget-wrap elementor-element-populated\">\n\t\t\t\t\t\t<div class=\"elementor-element elementor-element-2462c2a2 elementor-view-default elementor-position-top elementor-mobile-position-top elementor-widget elementor-widget-icon-box\" data-id=\"2462c2a2\" data-element_type=\"widget\" data-widget_type=\"icon-box.default\">\n\t\t\t\t<div class=\"elementor-widget-container\">\n\t\t\t\t\t<div class=\"elementor-icon-box-wrapper\">\n\n\t\t\t\t\t\t<div class=\"elementor-icon-box-icon\">\n\t\t\t\t<span  class=\"elementor-icon elementor-animation-\">\n\t\t\t\t<i aria-hidden=\"true\" class=\"fas fa-tree\"><\/i>\t\t\t\t<\/span>\n\t\t\t<\/div>\n\t\t\t\n\t\t\t\t\t\t<div class=\"elementor-icon-box-content\">\n\n\t\t\t\t\t\t\t\t\t<h4 class=\"elementor-icon-box-title\">\n\t\t\t\t\t\t<span  >\n\t\t\t\t\t\t\tcompensare CO2\t\t\t\t\t\t<\/span>\n\t\t\t\t\t<\/h4>\n\t\t\t\t\n\t\t\t\t\t\t\t\t\t<p class=\"elementor-icon-box-description\">\n\t\t\t\t\t\tAjut\u0103-ne pentru o lume mai bun\u0103!\t\t\t\t\t<\/p>\n\t\t\t\t\n\t\t\t<\/div>\n\t\t\t\n\t\t<\/div>\n\t\t\t\t<\/div>\n\t\t\t\t<\/div>\n\t\t\t\t<div class=\"elementor-element elementor-element-6ec9f63d elementor-widget elementor-widget-text-editor\" data-id=\"6ec9f63d\" data-element_type=\"widget\" data-widget_type=\"text-editor.default\">\n\t\t\t\t<div class=\"elementor-widget-container\">\n\t\t\t\t\t\t\t<p>Un copac pentru a lupta \u00eempotriva schimb\u0103rilor climatice: Investe\u0219te \u00een PAULOWNIA!<\/p><p>\u00cen urma Acordului privind Clima, \u00een 2020, Strategia P\u0103durilor va determina modul \u00een care p\u0103durile \u0219i copacii pot contribui la captarea CO2 suplimentar din atmosfer\u0103, consolid\u00e2nd peisajul \u00eempotriva schimb\u0103rilor climatice \u0219i contribuind la biodiversitate.<\/p><p>Una dintre solu\u021biile de combatere a schimb\u0103rilor climatice \u0219i a \u00eenc\u0103lzirii globale este cre\u0219terea suprafe\u021belor \u00eemp\u0103durite.<\/p><p>Acest lucru se datoreaz\u0103 faptului c\u0103 copacii absorb CO2 pe care \u00eel emitem \u00een timpul activit\u0103\u021bilor \u0219i transportului nostru. Cu c\u00e2t sunt mai multe zone verzi pe planet\u0103, cu at\u00e2t se absoarbe mai mult CO2.<\/p><p>\u00cen timp ce protejarea p\u0103durilor \u0219i cre\u0219terea suprafe\u021belor lor este vital\u0103 pentru viitorul nostru, oamenii insist\u0103 s\u0103 le distrug\u0103 pentru a produce cherestea sau a face comer\u021b cu ele. Dintre toate speciile de copaci din lume, Paulownia este una \u00een special care ne poate ajuta foarte mult \u00een lupta \u00eempotriva schimb\u0103rilor climatice!<\/p>\t\t\t\t\t\t<\/div>\n\t\t\t\t<\/div>\n\t\t\t\t\t<\/div>\n\t\t<\/div>\n\t\t\t\t\t<\/div>\n\t\t<\/section>\n\t\t\t\t<section class=\"elementor-section elementor-top-section elementor-element elementor-element-7f0fd7e7 elementor-section-content-middle elementor-section-boxed elementor-section-height-default elementor-section-height-default\" data-id=\"7f0fd7e7\" data-element_type=\"section\">\n\t\t\t\t\t\t<div class=\"elementor-container elementor-column-gap-no\">\n\t\t\t\t\t<div class=\"elementor-column elementor-col-100 elementor-top-column elementor-element elementor-element-e8e7a0a\" data-id=\"e8e7a0a\" data-element_type=\"column\">\n\t\t\t<div class=\"elementor-widget-wrap elementor-element-populated\">\n\t\t\t\t\t\t<div class=\"elementor-element elementor-element-75a0d618 elementor-widget elementor-widget-heading\" data-id=\"75a0d618\" data-element_type=\"widget\" data-widget_type=\"heading.default\">\n\t\t\t\t<div class=\"elementor-widget-container\">\n\t\t\t<h5 class=\"elementor-heading-title elementor-size-default\">a lua legatura<\/h5>\t\t<\/div>\n\t\t\t\t<\/div>\n\t\t\t\t<div class=\"elementor-element elementor-element-4b05e6bf elementor-widget elementor-widget-heading\" data-id=\"4b05e6bf\" data-element_type=\"widget\" data-widget_type=\"heading.default\">\n\t\t\t\t<div class=\"elementor-widget-container\">\n\t\t\t<h6 class=\"elementor-heading-title elementor-size-default\">Mai multe informatii? Atunci contacta\u021bi-ne!<\/h6>\t\t<\/div>\n\t\t\t\t<\/div>\n\t\t\t\t<div class=\"elementor-element elementor-element-e6e036f elementor-widget elementor-widget-heading\" data-id=\"e6e036f\" data-element_type=\"widget\" data-widget_type=\"heading.default\">\n\t\t\t\t<div class=\"elementor-widget-container\">\n\t\t\t<h4 class=\"elementor-heading-title elementor-size-default\">info@grounddatabank.com<\/h4>\t\t<\/div>\n\t\t\t\t<\/div>\n\t\t\t\t\t<\/div>\n\t\t<\/div>\n\t\t\t\t\t<\/div>\n\t\t<\/section>\n\t\t\t\t<\/div>","protected":false},"excerpt":{"rendered":"<p>Compensarea CO2 Ajut\u0103-ne pentru o lume mai bun\u0103! Un copac pentru combaterea schimb\u0103rilor climatice: Investe\u0219te \u00een PAULOWNIA! Ca r\u0103spuns la Acordul privind Clima, Strategia Forestier\u0103 din 2020 a stabilit modul \u00een care p\u0103durile \u0219i copacii pot contribui la captarea CO2 suplimentar din atmosfer\u0103, pot consolida peisajul \u00eempotriva schimb\u0103rilor climatice \u0219i pot contribui la...<\/p>","protected":false},"author":4,"featured_media":0,"parent":0,"menu_order":0,"comment_status":"closed","ping_status":"closed","template":"","meta":{"inline_featured_image":false,"footnotes":""},"class_list":["post-3038","page","type-page","status-publish","hentry"],"yoast_head":"<!-- This site is optimized with the Yoast SEO plugin v27.5 - https:\/\/yoast.com\/product\/yoast-seo-wordpress\/ -->\n<title>CO2 compensatie - GroundDataBank<\/title>\n<meta name=\"robots\" content=\"index, follow, max-snippet:-1, max-image-preview:large, max-video-preview:-1\" \/>\n<link rel=\"canonical\" href=\"https:\/\/www.grounddatabank.com\/ro\/compensare-co2\/\" \/>\n<meta property=\"og:locale\" content=\"ro_RO\" \/>\n<meta property=\"og:type\" content=\"article\" \/>\n<meta property=\"og:title\" content=\"CO2 compensatie - GroundDataBank\" \/>\n<meta property=\"og:description\" content=\"CO2 compensatie Help us for a better world! Een boom om klimaatverandering tegen te gaan: Investeer in PAULOWNIA! Naar aanleiding van het Klimaatakkoord is in 2020 in de Bossenstrategie vastgesteld hoe bos en bomen kunnen bijdragen aan het vastleggen van extra CO2 uit de atmosfeer, het landschap tegen klimaatverandering kunnen versterken en kunnen bijdragen aan...\" \/>\n<meta property=\"og:url\" content=\"https:\/\/www.grounddatabank.com\/ro\/compensare-co2\/\" \/>\n<meta property=\"og:site_name\" content=\"GroundDataBank\" \/>\n<meta property=\"article:modified_time\" content=\"2022-11-20T13:13:20+00:00\" \/>\n<meta property=\"og:image\" content=\"https:\/\/www.grounddatabank.com\/wp-content\/uploads\/2022\/11\/Grounddatabank-scaled.jpg\" \/>\n\t<meta property=\"og:image:width\" content=\"2560\" \/>\n\t<meta property=\"og:image:height\" content=\"1339\" \/>\n\t<meta property=\"og:image:type\" content=\"image\/jpeg\" \/>\n<meta name=\"twitter:card\" content=\"summary_large_image\" \/>\n<meta name=\"twitter:label1\" content=\"Timp estimat pentru citire\" \/>\n\t<meta name=\"twitter:data1\" content=\"1 minut\" \/>\n<script type=\"application\/ld+json\" class=\"yoast-schema-graph\">{\"@context\":\"https:\\\/\\\/schema.org\",\"@graph\":[{\"@type\":\"WebPage\",\"@id\":\"https:\\\/\\\/www.grounddatabank.com\\\/co2-compensatie\\\/\",\"url\":\"https:\\\/\\\/www.grounddatabank.com\\\/co2-compensatie\\\/\",\"name\":\"CO2 compensatie - GroundDataBank\",\"isPartOf\":{\"@id\":\"https:\\\/\\\/www.grounddatabank.com\\\/#website\"},\"datePublished\":\"2021-11-09T10:46:15+00:00\",\"dateModified\":\"2022-11-20T13:13:20+00:00\",\"breadcrumb\":{\"@id\":\"https:\\\/\\\/www.grounddatabank.com\\\/co2-compensatie\\\/#breadcrumb\"},\"inLanguage\":\"ro-RO\",\"potentialAction\":[{\"@type\":\"ReadAction\",\"target\":[\"https:\\\/\\\/www.grounddatabank.com\\\/co2-compensatie\\\/\"]}]},{\"@type\":\"BreadcrumbList\",\"@id\":\"https:\\\/\\\/www.grounddatabank.com\\\/co2-compensatie\\\/#breadcrumb\",\"itemListElement\":[{\"@type\":\"ListItem\",\"position\":1,\"name\":\"Home\",\"item\":\"https:\\\/\\\/www.grounddatabank.com\\\/\"},{\"@type\":\"ListItem\",\"position\":2,\"name\":\"CO2 compensatie\"}]},{\"@type\":\"WebSite\",\"@id\":\"https:\\\/\\\/www.grounddatabank.com\\\/#website\",\"url\":\"https:\\\/\\\/www.grounddatabank.com\\\/\",\"name\":\"GroundDataBank\",\"description\":\"Grond is machtig, GroundDataBank is krachtig!\",\"publisher\":{\"@id\":\"https:\\\/\\\/www.grounddatabank.com\\\/#organization\"},\"potentialAction\":[{\"@type\":\"SearchAction\",\"target\":{\"@type\":\"EntryPoint\",\"urlTemplate\":\"https:\\\/\\\/www.grounddatabank.com\\\/?s={search_term_string}\"},\"query-input\":{\"@type\":\"PropertyValueSpecification\",\"valueRequired\":true,\"valueName\":\"search_term_string\"}}],\"inLanguage\":\"ro-RO\"},{\"@type\":\"Organization\",\"@id\":\"https:\\\/\\\/www.grounddatabank.com\\\/#organization\",\"name\":\"GroundDataBank\",\"url\":\"https:\\\/\\\/www.grounddatabank.com\\\/\",\"logo\":{\"@type\":\"ImageObject\",\"inLanguage\":\"ro-RO\",\"@id\":\"https:\\\/\\\/www.grounddatabank.com\\\/#\\\/schema\\\/logo\\\/image\\\/\",\"url\":\"https:\\\/\\\/www.grounddatabank.com\\\/wp-content\\\/uploads\\\/2021\\\/04\\\/logo_small_icon_only.png\",\"contentUrl\":\"https:\\\/\\\/www.grounddatabank.com\\\/wp-content\\\/uploads\\\/2021\\\/04\\\/logo_small_icon_only.png\",\"width\":300,\"height\":300,\"caption\":\"GroundDataBank\"},\"image\":{\"@id\":\"https:\\\/\\\/www.grounddatabank.com\\\/#\\\/schema\\\/logo\\\/image\\\/\"}}]}<\/script>\n<!-- \/ Yoast SEO plugin. -->","yoast_head_json":{"title":"CO2 compensatie - GroundDataBank","robots":{"index":"index","follow":"follow","max-snippet":"max-snippet:-1","max-image-preview":"max-image-preview:large","max-video-preview":"max-video-preview:-1"},"canonical":"https:\/\/www.grounddatabank.com\/ro\/compensare-co2\/","og_locale":"ro_RO","og_type":"article","og_title":"CO2 compensatie - GroundDataBank","og_description":"CO2 compensatie Help us for a better world! Een boom om klimaatverandering tegen te gaan: Investeer in PAULOWNIA! Naar aanleiding van het Klimaatakkoord is in 2020 in de Bossenstrategie vastgesteld hoe bos en bomen kunnen bijdragen aan het vastleggen van extra CO2 uit de atmosfeer, het landschap tegen klimaatverandering kunnen versterken en kunnen bijdragen aan...","og_url":"https:\/\/www.grounddatabank.com\/ro\/compensare-co2\/","og_site_name":"GroundDataBank","article_modified_time":"2022-11-20T13:13:20+00:00","og_image":[{"width":2560,"height":1339,"url":"https:\/\/www.grounddatabank.com\/wp-content\/uploads\/2022\/11\/Grounddatabank-scaled.jpg","type":"image\/jpeg"}],"twitter_card":"summary_large_image","twitter_misc":{"Timp estimat pentru citire":"1 minut"},"schema":{"@context":"https:\/\/schema.org","@graph":[{"@type":"WebPage","@id":"https:\/\/www.grounddatabank.com\/co2-compensatie\/","url":"https:\/\/www.grounddatabank.com\/co2-compensatie\/","name":"CO2 compensatie - GroundDataBank","isPartOf":{"@id":"https:\/\/www.grounddatabank.com\/#website"},"datePublished":"2021-11-09T10:46:15+00:00","dateModified":"2022-11-20T13:13:20+00:00","breadcrumb":{"@id":"https:\/\/www.grounddatabank.com\/co2-compensatie\/#breadcrumb"},"inLanguage":"ro-RO","potentialAction":[{"@type":"ReadAction","target":["https:\/\/www.grounddatabank.com\/co2-compensatie\/"]}]},{"@type":"BreadcrumbList","@id":"https:\/\/www.grounddatabank.com\/co2-compensatie\/#breadcrumb","itemListElement":[{"@type":"ListItem","position":1,"name":"Home","item":"https:\/\/www.grounddatabank.com\/"},{"@type":"ListItem","position":2,"name":"CO2 compensatie"}]},{"@type":"WebSite","@id":"https:\/\/www.grounddatabank.com\/#website","url":"https:\/\/www.grounddatabank.com\/","name":"GroundDataBank","description":"Grond is machtig, GroundDataBank is krachtig!","publisher":{"@id":"https:\/\/www.grounddatabank.com\/#organization"},"potentialAction":[{"@type":"SearchAction","target":{"@type":"EntryPoint","urlTemplate":"https:\/\/www.grounddatabank.com\/?s={search_term_string}"},"query-input":{"@type":"PropertyValueSpecification","valueRequired":true,"valueName":"search_term_string"}}],"inLanguage":"ro-RO"},{"@type":"Organization","@id":"https:\/\/www.grounddatabank.com\/#organization","name":"GroundDataBank","url":"https:\/\/www.grounddatabank.com\/","logo":{"@type":"ImageObject","inLanguage":"ro-RO","@id":"https:\/\/www.grounddatabank.com\/#\/schema\/logo\/image\/","url":"https:\/\/www.grounddatabank.com\/wp-content\/uploads\/2021\/04\/logo_small_icon_only.png","contentUrl":"https:\/\/www.grounddatabank.com\/wp-content\/uploads\/2021\/04\/logo_small_icon_only.png","width":300,"height":300,"caption":"GroundDataBank"},"image":{"@id":"https:\/\/www.grounddatabank.com\/#\/schema\/logo\/image\/"}}]}},"_links":{"self":[{"href":"https:\/\/www.grounddatabank.com\/ro\/wp-json\/wp\/v2\/pages\/3038","targetHints":{"allow":["GET"]}}],"collection":[{"href":"https:\/\/www.grounddatabank.com\/ro\/wp-json\/wp\/v2\/pages"}],"about":[{"href":"https:\/\/www.grounddatabank.com\/ro\/wp-json\/wp\/v2\/types\/page"}],"author":[{"embeddable":true,"href":"https:\/\/www.grounddatabank.com\/ro\/wp-json\/wp\/v2\/users\/4"}],"replies":[{"embeddable":true,"href":"https:\/\/www.grounddatabank.com\/ro\/wp-json\/wp\/v2\/comments?post=3038"}],"version-history":[{"count":6,"href":"https:\/\/www.grounddatabank.com\/ro\/wp-json\/wp\/v2\/pages\/3038\/revisions"}],"predecessor-version":[{"id":3158,"href":"https:\/\/www.grounddatabank.com\/ro\/wp-json\/wp\/v2\/pages\/3038\/revisions\/3158"}],"wp:attachment":[{"href":"https:\/\/www.grounddatabank.com\/ro\/wp-json\/wp\/v2\/media?parent=3038"}],"curies":[{"name":"wp","href":"https:\/\/api.w.org\/{rel}","templated":true}]}}