{"id":947,"date":"2018-04-26T11:23:53","date_gmt":"2018-04-26T11:23:53","guid":{"rendered":"http:\/\/classic-min.realhomes.io\/?page_id=947"},"modified":"2022-11-20T13:13:21","modified_gmt":"2022-11-20T13:13:21","slug":"faqs","status":"publish","type":"page","link":"https:\/\/www.grounddatabank.com\/ro\/intrebari-frecvente\/","title":{"rendered":"\u00centreb\u0103ri frecvente"},"content":{"rendered":"<div class=\"wp-block-quick-and-easy-faqs-faqs-filterable-accordion\">            <div class=\"qae-faqs-container qae-faqs-toggle-container\">\n\t\t\t\t\t\t\t<ul class=\"qe-faqs-filters-container\">\n\t\t\t\t<li class=\"active\"><a class=\"qe-faqs-filter all-faqs\" href=\"#\" data-filter=\"*\">Toate<\/a><\/li>\n\t\t\t\t<li><a class=\"qe-faqs-filter\" href=\"#agents-faqs\" data-filter=\".agents-faqs\">\u00centreb\u0103ri frecvente despre agen\u021bi<\/a><\/li><li><a class=\"qe-faqs-filter\" href=\"#choosing-a-property\" data-filter=\".choosing-a-property\">Alegerea unei propriet\u0103\u021bi<\/a><\/li>\t\t\t<\/ul>\n\t\t\t\t\t<div id=\"qaef-946\" class=\"qe-faq-toggle choosing-a-property\">\n\t\t\t<div class=\"qe-toggle-title\">\n\t\t\t\t<h4>\n\t\t\t\t\t<i class=\"fa fa-minus-circle\"><\/i> C\u00e2nd cump\u0103r\u0103m o cas\u0103 nou\u0103, la ce upgrade-uri ar trebui s\u0103 mergem? Ce are cea mai mare valoare? Facem upgrade lotul? Alege\u021bi mai multe metri p\u0103tra\u021bi \u00een cas\u0103? Ad\u0103uga\u021bi un dormitor suplimentar?, etc.\t\t\t\t<\/h4>\n\t\t\t<\/div>\n\t\t\t<div class=\"qe-toggle-content\">\n\t\t\t\t\n<p>Multe depind de motivul pentru care cumperi casa. \u00cel cump\u0103ra\u021bi mai ales ca locuin\u021b\u0103 sau mai ales ca investi\u021bie? Exist\u0103 o diferen\u021b\u0103.<\/p>\n\n\n\n<p>\u00cen cea mai mare parte, upgrade-urile sunt articole cu profit ridicat pentru constructori. Ele nu sunt concepute pentru a spori valoarea casei, ci pentru a v\u0103 face mai fericit cu casa pe care o cump\u0103ra\u021bi.<\/p>\n\n\n\n<p>Dac\u0103 v\u0103 uita\u021bi la casa dvs. ca pe o investi\u021bie, atunci cump\u0103ra\u021bi de la dimensiuni mai mici p\u00e2n\u0103 la medii \u00een tract \u0219i cheltui\u021bi doar o sum\u0103 minim\u0103 pentru upgrade-uri. Dac\u0103 v\u0103 uita\u021bi la achizi\u021bia dvs. ca o cas\u0103, atunci selecta\u021bi upgrade-uri care v\u0103 vor \u00eembun\u0103t\u0103\u021bi calitatea vie\u021bii.<\/p>\n\n\n\n<p>O regul\u0103 general\u0103 este s\u0103 actualiza\u021bi \u00eentotdeauna covorul \u0219i c\u0103ptu\u0219eala.<\/p>\n\t\t\t<\/div>\n\t\t<\/div>\n\t\t\t\t<div id=\"qaef-945\" class=\"qe-faq-toggle choosing-a-property\">\n\t\t\t<div class=\"qe-toggle-title\">\n\t\t\t\t<h4>\n\t\t\t\t\t<i class=\"fa fa-minus-circle\"><\/i> Trebuie s\u0103 aleg \u00eentre o cas\u0103 actualizat\u0103 \u00eentr-un cartier mai vechi sau o cas\u0103 mai nou\u0103 \u00eentr-un cartier mai modern. Locuinta din cartierul mai vechi are aproape tot ce imi doresc si este mult mai mare, dar care are cel mai mult sens ca investitie?\t\t\t\t<\/h4>\n\t\t\t<\/div>\n\t\t\t<div class=\"qe-toggle-content\">\n\t\t\t\t\n<p>Dac\u0103 scopul t\u0103u este s\u0103 cumperi o cas\u0103 pentru valoarea de rev\u00e2nzare \u0219i cea pe care te g\u00e2nde\u0219ti s\u0103 o cumperi \u00een cartierul mai vechi se afl\u0103 la cap\u0103tul superior al valorilor pentru acel cartier, atunci s-ar putea s\u0103 nu fie cea mai \u00een\u021beleapt\u0103 alegere. Dac\u0103 este similar sau mai mic ca pre\u021b cu celelalte, atunci nu ar trebui s\u0103 existe nicio problem\u0103, deoarece pre\u021bul trebuie luat \u00een considerare \u00een raport cu cartierul local \u0219i nu comparat cu locuin\u021bele din alte cartiere (\u00een cea mai mare parte)<\/p>\n\n\n\n<p>\u00cen plus, este un cartier \u00een declin sau vor remedia \u0219i al\u021bii, astfel \u00eenc\u00e2t s\u0103 fie un cartier care se \u00eembun\u0103t\u0103\u021be\u0219te? S-ar putea dovedi a fi o afacere foarte bun\u0103, at\u00e2ta timp c\u00e2t nu \u201epl\u0103ti\u021bi \u00een plus\u201d din cauza \u00eembun\u0103t\u0103\u021birilor recente.<\/p>\n\n\n\n<p>Aminti\u021bi-v\u0103 c\u0103 cump\u0103ra\u021bi \u0219i o cas\u0103 pentru valoarea ei pentru dvs. ca \u201ecas\u0103\u201d \u0219i acesta este altceva pe care ar trebui s\u0103 lua\u021bi \u00een considerare. \u00cen ce cartier v-a\u021bi sim\u021bi cel mai confortabil TU \u0218I familia ta?<\/p>\n\t\t\t<\/div>\n\t\t<\/div>\n\t\t\t\t<div id=\"qaef-944\" class=\"qe-faq-toggle agents-faqs\">\n\t\t\t<div class=\"qe-toggle-title\">\n\t\t\t\t<h4>\n\t\t\t\t\t<i class=\"fa fa-minus-circle\"><\/i> Am un prieten de familie care este agent imobiliar. \u00cemi place de ea \u0219i este de ajutor, dar \u00eemi ofer\u0103 un pre\u021b pentru care s\u0103-mi v\u00e2nd casa \u0219i cred c\u0103 este prea mic. A\u0219a c\u0103 am sunat un alt agent care mi-a sugerat un pre\u021b mai potrivit cu a\u0219tept\u0103rile mele. Pe cine aleg?\t\t\t\t<\/h4>\n\t\t\t<\/div>\n\t\t\t<div class=\"qe-toggle-content\">\n\t\t\t\t\n<p>Poate dori\u021bi s\u0103 consulta\u021bi mai mul\u021bi agen\u021bi imobiliari cu privire la valoarea de pia\u021b\u0103 a casei dvs. Majoritatea estim\u0103rilor ar trebui s\u0103 fie \u00een acela\u0219i stagiu.<\/p>\n\n\n\n<p>S-ar putea ca prietenul t\u0103u s\u0103 fie mai sincer cu tine cu privire la valoarea casei tale, iar cel\u0103lalt agent imobiliar \u021bi-a dat un num\u0103r mai mare pentru c\u0103 \u0219tia deja c\u0103 te a\u0219teptai. Aceasta se nume\u0219te \u201eCump\u0103rarea unei liste\u201d \u0219i face obiectul unui articol pe site-ul nostru web.<\/p>\n\n\n\n<p>Sau ar putea fi pur \u0219i simplu c\u0103 prietenul t\u0103u este un bun prieten, dar nu at\u00e2t de grozav ca un agent imobiliar.<\/p>\n\n\n\n<p>Amestecarea afacerilor \u0219i a prieteniilor este \u00eentotdeauna riscant\u0103 pentru prietenie. Pe de alt\u0103 parte, dac\u0103 prietenul t\u0103u este cu adev\u0103rat competent \u0219i a oferit sfaturi \u00een\u021belepte, ea poate fi jignit\u0103 dac\u0103 ignori sfatul \u0219i alegi un alt agent.<\/p>\n\t\t\t<\/div>\n\t\t<\/div>\n\t\t\t\t<div id=\"qaef-943\" class=\"qe-faq-toggle agents-faqs\">\n\t\t\t<div class=\"qe-toggle-title\">\n\t\t\t\t<h4>\n\t\t\t\t\t<i class=\"fa fa-minus-circle\"><\/i> De ce ar trebui s\u0103 apelez la un agent de v\u00e2nz\u0103ri imobiliare?\t\t\t\t<\/h4>\n\t\t\t<\/div>\n\t\t\t<div class=\"qe-toggle-content\">\n\t\t\t\t\n<p>Un om de v\u00e2nz\u0103ri imobiliare este mai mult dec\u00e2t o \u201epersoan\u0103 de v\u00e2nz\u0103ri\u201d. Ace\u0219tia ac\u021bioneaz\u0103 \u00een numele t\u0103u \u00een calitate de agent, oferindu-\u021bi sfaturi \u0219i \u00eendrumare \u0219i f\u0103c\u00e2nd o treab\u0103 - ajut\u00e2ndu-te s\u0103 cumperi sau s\u0103 vinzi o cas\u0103. De\u0219i este adev\u0103rat, ei sunt pl\u0103ti\u021bi pentru ceea ce fac, la fel \u0219i alte profesii care ofer\u0103 sfaturi, \u00eendrum\u0103ri \u0219i au un serviciu de v\u00e2ndut, cum ar fi Contabilii Publici Autoriza\u021bi \u0219i Avoca\u021bii<\/p>\n\n\n\n<p>Internetul a deschis o lume de informa\u021bii care nu era disponibil\u0103 anterior pentru cump\u0103r\u0103torii de case \u0219i v\u00e2nz\u0103tori. Datele despre list\u0103rile disponibile pentru v\u00e2nzare sunt aproape actuale, dar nu chiar. Exist\u0103 momente \u00een care ave\u021bi nevoie de cele mai actuale informa\u021bii despre ceea ce s-a v\u00e2ndut sau este de v\u00e2nzare \u0219i singura modalitate de a le ob\u021bine este cu un agent.<\/p>\n\n\n\n<p>Dac\u0103 vinde\u021bi o cas\u0103, ob\u021bine\u021bi acces la cei mai mul\u021bi cump\u0103r\u0103tori dac\u0103 sunte\u021bi listat \u00een Serviciul de list\u0103ri multiple. Doar un agent imobiliar autorizat, care este membru al MLS local, v\u0103 poate face listat acolo \u2013 ceea ce v\u0103 va face apoi listat automat pe unele dintre principalele site-uri web imobiliare. Dac\u0103 cump\u0103ra\u021bi sau vinde\u021bi o cas\u0103, MLS este cel mai bun instrument al agentului dvs.<\/p>\n\n\n\n<p>Cu toate acestea, rolul unui agent s-a schimbat \u00een ultimii doi ani. \u00cen trecut, agen\u021bii erau singura modalitate prin care cump\u0103r\u0103torii \u0219i v\u00e2nz\u0103torii de case puteau accesa informa\u021bii. Acum agen\u021bii evolueaz\u0103. Deoarece cump\u0103r\u0103torii \u0219i v\u00e2nz\u0103torii de case de ast\u0103zi sunt mult mai bine informa\u021bi dec\u00e2t \u00een trecut, expertiza \u0219i abilit\u0103\u021bile devin din ce \u00een ce mai importante.<\/p>\n\n\n\n<p>Agentul imobiliar devine mai mult un \u201eghid\u201d dec\u00e2t un \u201ev\u00e2nz\u0103tor\u201d \u2013 reprezentantul dumneavoastr\u0103 personal \u00een cump\u0103rarea sau v\u00e2nzarea unei locuin\u021be.<\/p>\n\t\t\t<\/div>\n\t\t<\/div>\n\t\t\t\t<div id=\"qaef-942\" class=\"qe-faq-toggle agents-faqs\">\n\t\t\t<div class=\"qe-toggle-title\">\n\t\t\t\t<h4>\n\t\t\t\t\t<i class=\"fa fa-minus-circle\"><\/i> Care este diferen\u021ba dintre un agent imobiliar \u0219i un broker imobiliar?\t\t\t\t<\/h4>\n\t\t\t<\/div>\n\t\t\t<div class=\"qe-toggle-content\">\n\t\t\t\t\n<p>Majoritatea statelor solicit\u0103 ca profesioni\u0219tii \u00een v\u00e2nz\u0103ri imobiliare s\u0103 fie autoriza\u021bi de c\u0103tre stat, astfel \u00eenc\u00e2t s\u0103 poat\u0103 controla cerin\u021bele de educa\u021bie \u0219i experien\u021b\u0103 \u0219i s\u0103 aib\u0103 o autoritate central\u0103 pentru a rezolva problemele consumatorilor.<\/p>\n\n\n\n<p>Terminologia folosit\u0103 pentru a identifica profesioni\u0219tii imobiliari variaz\u0103 pu\u021bin de la stat la stat. Brokerilor li se cere, \u00een general, s\u0103 aib\u0103 mai mult\u0103 educa\u021bie \u0219i experien\u021b\u0103 dec\u00e2t agen\u021bii sau agen\u021bii de v\u00e2nz\u0103ri imobiliare.<\/p>\n\n\n\n<p>Persoana cu care ave\u021bi de-a face \u00een mod normal este un agent imobiliar sau un agent de v\u00e2nz\u0103ri. Agentul de v\u00e2nz\u0103ri este autorizat de stat, dar trebuie s\u0103 lucreze pentru un broker. Toate listele sunt plasate pe numele brokerului, nu al v\u00e2nz\u0103torului.<\/p>\n\n\n\n<p>Un broker poate trata direct cu cump\u0103r\u0103torii \u0219i v\u00e2nz\u0103torii de case sau poate avea un personal de v\u00e2nz\u0103tori sau agen\u021bi care lucreaz\u0103 pentru el sau ea.<\/p>\n\t\t\t<\/div>\n\t\t<\/div>\n\t\t            <\/div>\n\t\t<\/div>","protected":false},"excerpt":{"rendered":"","protected":false},"author":1,"featured_media":0,"parent":0,"menu_order":0,"comment_status":"closed","ping_status":"closed","template":"","meta":{"inline_featured_image":false,"footnotes":""},"class_list":["post-947","page","type-page","status-publish","hentry"],"yoast_head":"<!-- This site is optimized with the Yoast SEO plugin v27.3 - https:\/\/yoast.com\/product\/yoast-seo-wordpress\/ -->\n<title>FAQs - GroundDataBank<\/title>\n<meta name=\"robots\" content=\"index, follow, max-snippet:-1, max-image-preview:large, max-video-preview:-1\" \/>\n<link rel=\"canonical\" href=\"https:\/\/www.grounddatabank.com\/ro\/intrebari-frecvente\/\" \/>\n<meta property=\"og:locale\" content=\"ro_RO\" \/>\n<meta property=\"og:type\" content=\"article\" \/>\n<meta property=\"og:title\" content=\"FAQs - GroundDataBank\" \/>\n<meta property=\"og:url\" content=\"https:\/\/www.grounddatabank.com\/ro\/intrebari-frecvente\/\" \/>\n<meta property=\"og:site_name\" content=\"GroundDataBank\" \/>\n<meta property=\"article:modified_time\" content=\"2022-11-20T13:13:21+00:00\" \/>\n<meta property=\"og:image\" content=\"https:\/\/www.grounddatabank.com\/wp-content\/uploads\/2022\/11\/Grounddatabank-scaled.jpg\" \/>\n\t<meta property=\"og:image:width\" content=\"2560\" \/>\n\t<meta property=\"og:image:height\" content=\"1339\" \/>\n\t<meta property=\"og:image:type\" content=\"image\/jpeg\" \/>\n<meta name=\"twitter:card\" content=\"summary_large_image\" \/>\n<script type=\"application\/ld+json\" class=\"yoast-schema-graph\">{\"@context\":\"https:\\\/\\\/schema.org\",\"@graph\":[{\"@type\":\"WebPage\",\"@id\":\"https:\\\/\\\/www.grounddatabank.com\\\/faqs\\\/\",\"url\":\"https:\\\/\\\/www.grounddatabank.com\\\/faqs\\\/\",\"name\":\"FAQs - GroundDataBank\",\"isPartOf\":{\"@id\":\"https:\\\/\\\/www.grounddatabank.com\\\/#website\"},\"datePublished\":\"2018-04-26T11:23:53+00:00\",\"dateModified\":\"2022-11-20T13:13:21+00:00\",\"breadcrumb\":{\"@id\":\"https:\\\/\\\/www.grounddatabank.com\\\/faqs\\\/#breadcrumb\"},\"inLanguage\":\"ro-RO\",\"potentialAction\":[{\"@type\":\"ReadAction\",\"target\":[\"https:\\\/\\\/www.grounddatabank.com\\\/faqs\\\/\"]}]},{\"@type\":\"BreadcrumbList\",\"@id\":\"https:\\\/\\\/www.grounddatabank.com\\\/faqs\\\/#breadcrumb\",\"itemListElement\":[{\"@type\":\"ListItem\",\"position\":1,\"name\":\"Home\",\"item\":\"https:\\\/\\\/www.grounddatabank.com\\\/\"},{\"@type\":\"ListItem\",\"position\":2,\"name\":\"FAQs\"}]},{\"@type\":\"WebSite\",\"@id\":\"https:\\\/\\\/www.grounddatabank.com\\\/#website\",\"url\":\"https:\\\/\\\/www.grounddatabank.com\\\/\",\"name\":\"GroundDataBank\",\"description\":\"Grond is machtig, GroundDataBank is krachtig!\",\"publisher\":{\"@id\":\"https:\\\/\\\/www.grounddatabank.com\\\/#organization\"},\"potentialAction\":[{\"@type\":\"SearchAction\",\"target\":{\"@type\":\"EntryPoint\",\"urlTemplate\":\"https:\\\/\\\/www.grounddatabank.com\\\/?s={search_term_string}\"},\"query-input\":{\"@type\":\"PropertyValueSpecification\",\"valueRequired\":true,\"valueName\":\"search_term_string\"}}],\"inLanguage\":\"ro-RO\"},{\"@type\":\"Organization\",\"@id\":\"https:\\\/\\\/www.grounddatabank.com\\\/#organization\",\"name\":\"GroundDataBank\",\"url\":\"https:\\\/\\\/www.grounddatabank.com\\\/\",\"logo\":{\"@type\":\"ImageObject\",\"inLanguage\":\"ro-RO\",\"@id\":\"https:\\\/\\\/www.grounddatabank.com\\\/#\\\/schema\\\/logo\\\/image\\\/\",\"url\":\"https:\\\/\\\/www.grounddatabank.com\\\/wp-content\\\/uploads\\\/2021\\\/04\\\/logo_small_icon_only.png\",\"contentUrl\":\"https:\\\/\\\/www.grounddatabank.com\\\/wp-content\\\/uploads\\\/2021\\\/04\\\/logo_small_icon_only.png\",\"width\":300,\"height\":300,\"caption\":\"GroundDataBank\"},\"image\":{\"@id\":\"https:\\\/\\\/www.grounddatabank.com\\\/#\\\/schema\\\/logo\\\/image\\\/\"}}]}<\/script>\n<!-- \/ Yoast SEO plugin. -->","yoast_head_json":{"title":"FAQs - GroundDataBank","robots":{"index":"index","follow":"follow","max-snippet":"max-snippet:-1","max-image-preview":"max-image-preview:large","max-video-preview":"max-video-preview:-1"},"canonical":"https:\/\/www.grounddatabank.com\/ro\/intrebari-frecvente\/","og_locale":"ro_RO","og_type":"article","og_title":"FAQs - GroundDataBank","og_url":"https:\/\/www.grounddatabank.com\/ro\/intrebari-frecvente\/","og_site_name":"GroundDataBank","article_modified_time":"2022-11-20T13:13:21+00:00","og_image":[{"width":2560,"height":1339,"url":"https:\/\/www.grounddatabank.com\/wp-content\/uploads\/2022\/11\/Grounddatabank-scaled.jpg","type":"image\/jpeg"}],"twitter_card":"summary_large_image","schema":{"@context":"https:\/\/schema.org","@graph":[{"@type":"WebPage","@id":"https:\/\/www.grounddatabank.com\/faqs\/","url":"https:\/\/www.grounddatabank.com\/faqs\/","name":"FAQs - GroundDataBank","isPartOf":{"@id":"https:\/\/www.grounddatabank.com\/#website"},"datePublished":"2018-04-26T11:23:53+00:00","dateModified":"2022-11-20T13:13:21+00:00","breadcrumb":{"@id":"https:\/\/www.grounddatabank.com\/faqs\/#breadcrumb"},"inLanguage":"ro-RO","potentialAction":[{"@type":"ReadAction","target":["https:\/\/www.grounddatabank.com\/faqs\/"]}]},{"@type":"BreadcrumbList","@id":"https:\/\/www.grounddatabank.com\/faqs\/#breadcrumb","itemListElement":[{"@type":"ListItem","position":1,"name":"Home","item":"https:\/\/www.grounddatabank.com\/"},{"@type":"ListItem","position":2,"name":"FAQs"}]},{"@type":"WebSite","@id":"https:\/\/www.grounddatabank.com\/#website","url":"https:\/\/www.grounddatabank.com\/","name":"GroundDataBank","description":"Grond is machtig, GroundDataBank is krachtig!","publisher":{"@id":"https:\/\/www.grounddatabank.com\/#organization"},"potentialAction":[{"@type":"SearchAction","target":{"@type":"EntryPoint","urlTemplate":"https:\/\/www.grounddatabank.com\/?s={search_term_string}"},"query-input":{"@type":"PropertyValueSpecification","valueRequired":true,"valueName":"search_term_string"}}],"inLanguage":"ro-RO"},{"@type":"Organization","@id":"https:\/\/www.grounddatabank.com\/#organization","name":"GroundDataBank","url":"https:\/\/www.grounddatabank.com\/","logo":{"@type":"ImageObject","inLanguage":"ro-RO","@id":"https:\/\/www.grounddatabank.com\/#\/schema\/logo\/image\/","url":"https:\/\/www.grounddatabank.com\/wp-content\/uploads\/2021\/04\/logo_small_icon_only.png","contentUrl":"https:\/\/www.grounddatabank.com\/wp-content\/uploads\/2021\/04\/logo_small_icon_only.png","width":300,"height":300,"caption":"GroundDataBank"},"image":{"@id":"https:\/\/www.grounddatabank.com\/#\/schema\/logo\/image\/"}}]}},"_links":{"self":[{"href":"https:\/\/www.grounddatabank.com\/ro\/wp-json\/wp\/v2\/pages\/947","targetHints":{"allow":["GET"]}}],"collection":[{"href":"https:\/\/www.grounddatabank.com\/ro\/wp-json\/wp\/v2\/pages"}],"about":[{"href":"https:\/\/www.grounddatabank.com\/ro\/wp-json\/wp\/v2\/types\/page"}],"author":[{"embeddable":true,"href":"https:\/\/www.grounddatabank.com\/ro\/wp-json\/wp\/v2\/users\/1"}],"replies":[{"embeddable":true,"href":"https:\/\/www.grounddatabank.com\/ro\/wp-json\/wp\/v2\/comments?post=947"}],"version-history":[{"count":1,"href":"https:\/\/www.grounddatabank.com\/ro\/wp-json\/wp\/v2\/pages\/947\/revisions"}],"predecessor-version":[{"id":1220,"href":"https:\/\/www.grounddatabank.com\/ro\/wp-json\/wp\/v2\/pages\/947\/revisions\/1220"}],"wp:attachment":[{"href":"https:\/\/www.grounddatabank.com\/ro\/wp-json\/wp\/v2\/media?parent=947"}],"curies":[{"name":"wp","href":"https:\/\/api.w.org\/{rel}","templated":true}]}}