{"id":1213,"date":"2021-04-02T14:13:06","date_gmt":"2021-04-02T14:13:06","guid":{"rendered":"https:\/\/www.grounddatabank.com\/?page_id=1213"},"modified":"2024-02-26T03:18:30","modified_gmt":"2024-02-26T03:18:30","slug":"referenties","status":"publish","type":"page","link":"https:\/\/www.grounddatabank.com\/tr\/referanslar\/","title":{"rendered":"Referanslar"},"content":{"rendered":"<div data-elementor-type=\"wp-page\" data-elementor-id=\"1213\" class=\"elementor elementor-1213\">\n\t\t\t\t\t\t<section class=\"elementor-section elementor-top-section elementor-element elementor-element-6e87cf8 elementor-section-boxed elementor-section-height-default elementor-section-height-default\" data-id=\"6e87cf8\" data-element_type=\"section\">\n\t\t\t\t\t\t<div class=\"elementor-container elementor-column-gap-default\">\n\t\t\t\t\t<div class=\"elementor-column elementor-col-100 elementor-top-column elementor-element elementor-element-8e12297\" data-id=\"8e12297\" data-element_type=\"column\">\n\t\t\t<div class=\"elementor-widget-wrap elementor-element-populated\">\n\t\t\t\t\t\t<div class=\"elementor-element elementor-element-d9e1e9b elementor-widget elementor-widget-heading\" data-id=\"d9e1e9b\" data-element_type=\"widget\" data-widget_type=\"heading.default\">\n\t\t\t\t<div class=\"elementor-widget-container\">\n\t\t\t<h2 class=\"elementor-heading-title elementor-size-default\">Referanslar<\/h2>\t\t<\/div>\n\t\t\t\t<\/div>\n\t\t\t\t<div class=\"elementor-element elementor-element-57627b4 elementor-widget elementor-widget-text-editor\" data-id=\"57627b4\" data-element_type=\"widget\" data-widget_type=\"text-editor.default\">\n\t\t\t\t<div class=\"elementor-widget-container\">\n\t\t\t\t\t\t\t<p>Kapsaml\u0131 ara\u015ft\u0131rmalar sayesinde GroundDataBank, \u00e7e\u015fitli \u00fclkelerde tan\u0131nm\u0131\u015f birka\u00e7 in\u015faat firmas\u0131 ile i\u015fbirli\u011fi yapmaktad\u0131r. Bu i\u015fbirliklerinin temeli Hollanda\u2019da Drost Project Group taraf\u0131ndan at\u0131lm\u0131\u015ft\u0131r.<\/p><p>Drost Project Groep heeft verschillende projecten <a href=\"https:\/\/www.boondockvapes.com\/product\/sadboy-freebase-fruit-line-rainbow-blood-ice-100ml-vape-juice\/\">https:\/\/www.boondockvapes.com\/product\/sadboy-freebase-fruit-line-rainbow-blood-ice-100ml-vape-juice\/<\/a><a href=\"https:\/\/www.mehboobtravel.co.uk\/cargo-services\/\">this hyperlink<\/a><a href=\"https:\/\/vainsofjenna.com\/wp-content\/uploads\/2020\/09\/coque-de-telephone-samsung-s9.html\">coque telephone louis vuitton<\/a><a href=\"http:\/\/www.chovatele-ceskaskalice.cz\/js\/121263024.html\">elf bar elfa<\/a> ontwikkeld in Nederland, Itali\u00eb, Spanje, Duitsland, Marokko, Kroati\u00eb en Turkije. Het project in Turkije \u2018Residence Riviera\u2019 is een mooi voorbeeld voor wat de mogelijkheden in Turkije zijn.<\/p><p>Drost Project Group, Hollanda, \u0130talya, \u0130spanya, Almanya, Fas ve T\u00fcrkiye\u2019de \u00e7e\u015fitli projeler geli\u015ftirmi\u015ftir. T\u00fcrkiye\u2019de ki \u2019\u2019Residence Riviera\u2019\u2019 projesi T\u00fcrkiye\u2019de ki olanaklara g\u00fczel bir \u00f6rnektir. \nAlanya\u2019da g\u00fczel deniz manzaras\u0131na sahip ve sahilde yer alan bir arsa \u00fczerinde bir projedir. Projede 54 daire, ofis alan\u0131 ve b\u00fcy\u00fck bir y\u00fczme havuzu in\u015fa edilmi\u015ftir.<\/p><p>Bu ve di\u011fer projeler hakk\u0131nda daha fazla bilgiyi<strong> <span style=\"color: #40e0d0;\"><a style=\"color: #40e0d0;\" href=\"https:\/\/dpgn.nl\/projecten\/\">burada<\/a><\/span><\/strong> bulabilirsiniz<\/p><p>GroundDataBank, uzun y\u0131llara dayanan tecr\u00fcbesi sayesinde, projenizi b\u00fcy\u00fck bir ba\u015far\u0131ya d\u00f6n\u00fc\u015ft\u00fcrmek i\u00e7in farkl\u0131 \u00fclkelerde iyi ili\u015fkilere ve geni\u015f bir a\u011fa sahiptir.<\/p>\t\t\t\t\t\t<\/div>\n\t\t\t\t<\/div>\n\t\t\t\t\t<\/div>\n\t\t<\/div>\n\t\t\t\t\t<\/div>\n\t\t<\/section>\n\t\t\t\t<section class=\"elementor-section elementor-top-section elementor-element elementor-element-28ecf629 elementor-section-content-middle elementor-section-boxed elementor-section-height-default elementor-section-height-default\" data-id=\"28ecf629\" data-element_type=\"section\">\n\t\t\t\t\t\t<div class=\"elementor-container elementor-column-gap-no\">\n\t\t\t\t\t<div class=\"elementor-column elementor-col-100 elementor-top-column elementor-element elementor-element-45b9399f\" data-id=\"45b9399f\" data-element_type=\"column\">\n\t\t\t<div class=\"elementor-widget-wrap elementor-element-populated\">\n\t\t\t\t\t\t<div class=\"elementor-element elementor-element-1a8013c4 elementor-widget elementor-widget-heading\" data-id=\"1a8013c4\" data-element_type=\"widget\" data-widget_type=\"heading.default\">\n\t\t\t\t<div class=\"elementor-widget-container\">\n\t\t\t<h4 class=\"elementor-heading-title elementor-size-default\">Projelerimizi g\u00f6r\u00fcnt\u00fcleyin<\/h4>\t\t<\/div>\n\t\t\t\t<\/div>\n\t\t\t\t<div class=\"elementor-element elementor-element-27197e4a gallery-spacing-custom elementor-widget elementor-widget-image-gallery\" data-id=\"27197e4a\" data-element_type=\"widget\" data-widget_type=\"image-gallery.default\">\n\t\t\t\t<div class=\"elementor-widget-container\">\n\t\t\t\t\t<div class=\"elementor-image-gallery\">\n\t\t\t\n\t\t<style type=\"text\/css\">\n\t\t\t#gallery-1 {\n\t\t\t\tmargin: auto;\n\t\t\t}\n\t\t\t#gallery-1 .gallery-item {\n\t\t\t\tfloat: left;\n\t\t\t\tmargin-top: 10px;\n\t\t\t\ttext-align: center;\n\t\t\t\twidth: 100%;\n\t\t\t}\n\t\t\t#gallery-1 img {\n\t\t\t\tborder: 2px solid #cfcfcf;\n\t\t\t}\n\t\t\t#gallery-1 .gallery-caption {\n\t\t\t\tmargin-left: 0;\n\t\t\t}\n\t\t\t\/* see gallery_shortcode() in wp-includes\/media.php *\/\n\t\t<\/style>\n\t\t<div id='gallery-1' class='gallery galleryid-1213 gallery-columns-1 gallery-size-full'><dl class='gallery-item'>\n\t\t\t<dt class='gallery-icon landscape'>\n\t\t\t\t<a data-elementor-open-lightbox=\"yes\" data-elementor-lightbox-slideshow=\"27197e4a\" data-elementor-lightbox-title=\"spanje\" data-e-action-hash=\"#elementor-action%3Aaction%3Dlightbox%26settings%3DeyJpZCI6MjI4NiwidXJsIjoiaHR0cHM6XC9cL3d3dy5ncm91bmRkYXRhYmFuay5jb21cL3dwLWNvbnRlbnRcL3VwbG9hZHNcLzIwMjFcLzA1XC9zcGFuamUuanBnIiwic2xpZGVzaG93IjoiMjcxOTdlNGEifQ%3D%3D\" href='https:\/\/www.grounddatabank.com\/wp-content\/uploads\/2021\/05\/spanje.jpg'><img fetchpriority=\"high\" decoding=\"async\" width=\"1280\" height=\"960\" src=\"https:\/\/www.grounddatabank.com\/wp-content\/uploads\/2021\/05\/spanje.jpg\" class=\"attachment-full size-full\" alt=\"\" aria-describedby=\"gallery-1-2286\" srcset=\"https:\/\/www.grounddatabank.com\/wp-content\/uploads\/2021\/05\/spanje.jpg 1280w, https:\/\/www.grounddatabank.com\/wp-content\/uploads\/2021\/05\/spanje-300x225.jpg 300w, https:\/\/www.grounddatabank.com\/wp-content\/uploads\/2021\/05\/spanje-1024x768.jpg 1024w, https:\/\/www.grounddatabank.com\/wp-content\/uploads\/2021\/05\/spanje-768x576.jpg 768w, https:\/\/www.grounddatabank.com\/wp-content\/uploads\/2021\/05\/spanje-16x12.jpg 16w, https:\/\/www.grounddatabank.com\/wp-content\/uploads\/2021\/05\/spanje-150x113.jpg 150w, https:\/\/www.grounddatabank.com\/wp-content\/uploads\/2021\/05\/spanje-680x510.jpg 680w\" sizes=\"(max-width: 1280px) 100vw, 1280px\" \/><\/a>\n\t\t\t<\/dt>\n\t\t\t\t<dd class='wp-caption-text gallery-caption' id='gallery-1-2286'>\n\t\t\t\t\u0130spanya \u2013 Apartments Marbella\n\t\t\t\t<\/dd><\/dl><br style=\"clear: both\" \/><dl class='gallery-item'>\n\t\t\t<dt class='gallery-icon landscape'>\n\t\t\t\t<a data-elementor-open-lightbox=\"yes\" data-elementor-lightbox-slideshow=\"27197e4a\" data-elementor-lightbox-title=\"Heino, Landgoed\" data-e-action-hash=\"#elementor-action%3Aaction%3Dlightbox%26settings%3DeyJpZCI6MjQ1OSwidXJsIjoiaHR0cHM6XC9cL3d3dy5ncm91bmRkYXRhYmFuay5jb21cL3dwLWNvbnRlbnRcL3VwbG9hZHNcLzIwMjFcLzA1XC84YWNodGVyLTIuanBnIiwic2xpZGVzaG93IjoiMjcxOTdlNGEifQ%3D%3D\" href='https:\/\/www.grounddatabank.com\/wp-content\/uploads\/2021\/05\/8achter-2.jpg'><img decoding=\"async\" width=\"1200\" height=\"900\" src=\"https:\/\/www.grounddatabank.com\/wp-content\/uploads\/2021\/05\/8achter-2.jpg\" class=\"attachment-full size-full\" alt=\"Heino, Emlak\" aria-describedby=\"gallery-1-2459\" srcset=\"https:\/\/www.grounddatabank.com\/wp-content\/uploads\/2021\/05\/8achter-2.jpg 1200w, https:\/\/www.grounddatabank.com\/wp-content\/uploads\/2021\/05\/8achter-2-300x225.jpg 300w, https:\/\/www.grounddatabank.com\/wp-content\/uploads\/2021\/05\/8achter-2-1024x768.jpg 1024w, https:\/\/www.grounddatabank.com\/wp-content\/uploads\/2021\/05\/8achter-2-768x576.jpg 768w, https:\/\/www.grounddatabank.com\/wp-content\/uploads\/2021\/05\/8achter-2-16x12.jpg 16w, https:\/\/www.grounddatabank.com\/wp-content\/uploads\/2021\/05\/8achter-2-150x113.jpg 150w, https:\/\/www.grounddatabank.com\/wp-content\/uploads\/2021\/05\/8achter-2-680x510.jpg 680w\" sizes=\"(max-width: 1200px) 100vw, 1200px\" \/><\/a>\n\t\t\t<\/dt>\n\t\t\t\t<dd class='wp-caption-text gallery-caption' id='gallery-1-2459'>\n\t\t\t\t\u00d6zel ev - Heino (NL)\n\t\t\t\t<\/dd><\/dl><br style=\"clear: both\" \/><dl class='gallery-item'>\n\t\t\t<dt class='gallery-icon landscape'>\n\t\t\t\t<a data-elementor-open-lightbox=\"yes\" data-elementor-lightbox-slideshow=\"27197e4a\" data-elementor-lightbox-title=\"Marokko- Royal MDIQ\" data-e-action-hash=\"#elementor-action%3Aaction%3Dlightbox%26settings%3DeyJpZCI6MjQ2NSwidXJsIjoiaHR0cHM6XC9cL3d3dy5ncm91bmRkYXRhYmFuay5jb21cL3dwLWNvbnRlbnRcL3VwbG9hZHNcLzIwMjFcLzA1XC82aG90ZWwtZTE2MjA1NTQ1NzYxNDgucG5nIiwic2xpZGVzaG93IjoiMjcxOTdlNGEifQ%3D%3D\" href='https:\/\/www.grounddatabank.com\/wp-content\/uploads\/2021\/05\/6hotel-e1620554576148.png'><img decoding=\"async\" width=\"1187\" height=\"833\" src=\"https:\/\/www.grounddatabank.com\/wp-content\/uploads\/2021\/05\/6hotel-e1620554576148.png\" class=\"attachment-full size-full\" alt=\"Fas - Royal MDIQ\" aria-describedby=\"gallery-1-2465\" \/><\/a>\n\t\t\t<\/dt>\n\t\t\t\t<dd class='wp-caption-text gallery-caption' id='gallery-1-2465'>\n\t\t\t\tFas - Kraliyet MDIQ\n\t\t\t\t<\/dd><\/dl><br style=\"clear: both\" \/>\n\t\t<\/div>\n\t\t<\/div>\n\t\t\t\t<\/div>\n\t\t\t\t<\/div>\n\t\t\t\t\t<\/div>\n\t\t<\/div>\n\t\t\t\t\t<\/div>\n\t\t<\/section>\n\t\t\t\t<\/div>","protected":false},"excerpt":{"rendered":"<p>Referenties Door grondig onderzoek heeft GroundDataBank met verschillende bekende bouwers samengewerkt in diverse landen. De basis is gelegd in Nederland door Drost Project Groep. Drost Project Groep heeft verschillende projecten https:\/\/www.boondockvapes.com\/product\/sadboy-freebase-fruit-line-rainbow-blood-ice-100ml-vape-juice\/this hyperlinkcoque telephone louis vuittonelf bar elfa ontwikkeld in Nederland, Itali\u00eb, Spanje, Duitsland, Marokko, Kroati\u00eb en Turkije. Het project in Turkije \u2018Residence Riviera\u2019 is een&#8230;<\/p>","protected":false},"author":1,"featured_media":0,"parent":0,"menu_order":0,"comment_status":"closed","ping_status":"closed","template":"","meta":{"inline_featured_image":false,"footnotes":""},"class_list":["post-1213","page","type-page","status-publish","hentry"],"yoast_head":"<!-- This site is optimized with the Yoast SEO plugin v27.4 - https:\/\/yoast.com\/product\/yoast-seo-wordpress\/ -->\n<title>Referenties - GroundDataBank<\/title>\n<meta name=\"robots\" content=\"index, follow, max-snippet:-1, max-image-preview:large, max-video-preview:-1\" \/>\n<link rel=\"canonical\" href=\"https:\/\/www.grounddatabank.com\/tr\/referanslar\/\" \/>\n<meta property=\"og:locale\" content=\"tr_TR\" \/>\n<meta property=\"og:type\" content=\"article\" \/>\n<meta property=\"og:title\" content=\"Referenties - GroundDataBank\" \/>\n<meta property=\"og:description\" content=\"Referenties Door grondig onderzoek heeft GroundDataBank met verschillende bekende bouwers samengewerkt in diverse landen. De basis is gelegd in Nederland door Drost Project Groep. Drost Project Groep heeft verschillende projecten https:\/\/www.boondockvapes.com\/product\/sadboy-freebase-fruit-line-rainbow-blood-ice-100ml-vape-juice\/this hyperlinkcoque telephone louis vuittonelf bar elfa ontwikkeld in Nederland, Itali\u00eb, Spanje, Duitsland, Marokko, Kroati\u00eb en Turkije. Het project in Turkije \u2018Residence Riviera\u2019 is een...\" \/>\n<meta property=\"og:url\" content=\"https:\/\/www.grounddatabank.com\/tr\/referanslar\/\" \/>\n<meta property=\"og:site_name\" content=\"GroundDataBank\" \/>\n<meta property=\"article:modified_time\" content=\"2024-02-26T03:18:30+00:00\" \/>\n<meta property=\"og:image\" content=\"https:\/\/www.grounddatabank.com\/wp-content\/uploads\/2021\/05\/spanje.jpg\" \/>\n<meta name=\"twitter:card\" content=\"summary_large_image\" \/>\n<meta name=\"twitter:label1\" content=\"Tahmini okuma s\u00fcresi\" \/>\n\t<meta name=\"twitter:data1\" content=\"2 dakika\" \/>\n<script type=\"application\/ld+json\" class=\"yoast-schema-graph\">{\"@context\":\"https:\\\/\\\/schema.org\",\"@graph\":[{\"@type\":\"WebPage\",\"@id\":\"https:\\\/\\\/www.grounddatabank.com\\\/referenties\\\/\",\"url\":\"https:\\\/\\\/www.grounddatabank.com\\\/referenties\\\/\",\"name\":\"Referenties - GroundDataBank\",\"isPartOf\":{\"@id\":\"https:\\\/\\\/www.grounddatabank.com\\\/#website\"},\"primaryImageOfPage\":{\"@id\":\"https:\\\/\\\/www.grounddatabank.com\\\/referenties\\\/#primaryimage\"},\"image\":{\"@id\":\"https:\\\/\\\/www.grounddatabank.com\\\/referenties\\\/#primaryimage\"},\"thumbnailUrl\":\"https:\\\/\\\/www.grounddatabank.com\\\/wp-content\\\/uploads\\\/2021\\\/05\\\/spanje.jpg\",\"datePublished\":\"2021-04-02T14:13:06+00:00\",\"dateModified\":\"2024-02-26T03:18:30+00:00\",\"breadcrumb\":{\"@id\":\"https:\\\/\\\/www.grounddatabank.com\\\/referenties\\\/#breadcrumb\"},\"inLanguage\":\"tr\",\"potentialAction\":[{\"@type\":\"ReadAction\",\"target\":[\"https:\\\/\\\/www.grounddatabank.com\\\/referenties\\\/\"]}]},{\"@type\":\"ImageObject\",\"inLanguage\":\"tr\",\"@id\":\"https:\\\/\\\/www.grounddatabank.com\\\/referenties\\\/#primaryimage\",\"url\":\"https:\\\/\\\/www.grounddatabank.com\\\/wp-content\\\/uploads\\\/2021\\\/05\\\/spanje.jpg\",\"contentUrl\":\"https:\\\/\\\/www.grounddatabank.com\\\/wp-content\\\/uploads\\\/2021\\\/05\\\/spanje.jpg\"},{\"@type\":\"BreadcrumbList\",\"@id\":\"https:\\\/\\\/www.grounddatabank.com\\\/referenties\\\/#breadcrumb\",\"itemListElement\":[{\"@type\":\"ListItem\",\"position\":1,\"name\":\"Home\",\"item\":\"https:\\\/\\\/www.grounddatabank.com\\\/\"},{\"@type\":\"ListItem\",\"position\":2,\"name\":\"Referenties\"}]},{\"@type\":\"WebSite\",\"@id\":\"https:\\\/\\\/www.grounddatabank.com\\\/#website\",\"url\":\"https:\\\/\\\/www.grounddatabank.com\\\/\",\"name\":\"GroundDataBank\",\"description\":\"Grond is machtig, GroundDataBank is krachtig!\",\"publisher\":{\"@id\":\"https:\\\/\\\/www.grounddatabank.com\\\/#organization\"},\"potentialAction\":[{\"@type\":\"SearchAction\",\"target\":{\"@type\":\"EntryPoint\",\"urlTemplate\":\"https:\\\/\\\/www.grounddatabank.com\\\/?s={search_term_string}\"},\"query-input\":{\"@type\":\"PropertyValueSpecification\",\"valueRequired\":true,\"valueName\":\"search_term_string\"}}],\"inLanguage\":\"tr\"},{\"@type\":\"Organization\",\"@id\":\"https:\\\/\\\/www.grounddatabank.com\\\/#organization\",\"name\":\"GroundDataBank\",\"url\":\"https:\\\/\\\/www.grounddatabank.com\\\/\",\"logo\":{\"@type\":\"ImageObject\",\"inLanguage\":\"tr\",\"@id\":\"https:\\\/\\\/www.grounddatabank.com\\\/#\\\/schema\\\/logo\\\/image\\\/\",\"url\":\"https:\\\/\\\/www.grounddatabank.com\\\/wp-content\\\/uploads\\\/2021\\\/04\\\/logo_small_icon_only.png\",\"contentUrl\":\"https:\\\/\\\/www.grounddatabank.com\\\/wp-content\\\/uploads\\\/2021\\\/04\\\/logo_small_icon_only.png\",\"width\":300,\"height\":300,\"caption\":\"GroundDataBank\"},\"image\":{\"@id\":\"https:\\\/\\\/www.grounddatabank.com\\\/#\\\/schema\\\/logo\\\/image\\\/\"}}]}<\/script>\n<!-- \/ Yoast SEO plugin. -->","yoast_head_json":{"title":"Referenties - GroundDataBank","robots":{"index":"index","follow":"follow","max-snippet":"max-snippet:-1","max-image-preview":"max-image-preview:large","max-video-preview":"max-video-preview:-1"},"canonical":"https:\/\/www.grounddatabank.com\/tr\/referanslar\/","og_locale":"tr_TR","og_type":"article","og_title":"Referenties - GroundDataBank","og_description":"Referenties Door grondig onderzoek heeft GroundDataBank met verschillende bekende bouwers samengewerkt in diverse landen. De basis is gelegd in Nederland door Drost Project Groep. Drost Project Groep heeft verschillende projecten https:\/\/www.boondockvapes.com\/product\/sadboy-freebase-fruit-line-rainbow-blood-ice-100ml-vape-juice\/this hyperlinkcoque telephone louis vuittonelf bar elfa ontwikkeld in Nederland, Itali\u00eb, Spanje, Duitsland, Marokko, Kroati\u00eb en Turkije. Het project in Turkije \u2018Residence Riviera\u2019 is een...","og_url":"https:\/\/www.grounddatabank.com\/tr\/referanslar\/","og_site_name":"GroundDataBank","article_modified_time":"2024-02-26T03:18:30+00:00","og_image":[{"url":"https:\/\/www.grounddatabank.com\/wp-content\/uploads\/2021\/05\/spanje.jpg","type":"","width":"","height":""}],"twitter_card":"summary_large_image","twitter_misc":{"Tahmini okuma s\u00fcresi":"2 dakika"},"schema":{"@context":"https:\/\/schema.org","@graph":[{"@type":"WebPage","@id":"https:\/\/www.grounddatabank.com\/referenties\/","url":"https:\/\/www.grounddatabank.com\/referenties\/","name":"Referenties - GroundDataBank","isPartOf":{"@id":"https:\/\/www.grounddatabank.com\/#website"},"primaryImageOfPage":{"@id":"https:\/\/www.grounddatabank.com\/referenties\/#primaryimage"},"image":{"@id":"https:\/\/www.grounddatabank.com\/referenties\/#primaryimage"},"thumbnailUrl":"https:\/\/www.grounddatabank.com\/wp-content\/uploads\/2021\/05\/spanje.jpg","datePublished":"2021-04-02T14:13:06+00:00","dateModified":"2024-02-26T03:18:30+00:00","breadcrumb":{"@id":"https:\/\/www.grounddatabank.com\/referenties\/#breadcrumb"},"inLanguage":"tr","potentialAction":[{"@type":"ReadAction","target":["https:\/\/www.grounddatabank.com\/referenties\/"]}]},{"@type":"ImageObject","inLanguage":"tr","@id":"https:\/\/www.grounddatabank.com\/referenties\/#primaryimage","url":"https:\/\/www.grounddatabank.com\/wp-content\/uploads\/2021\/05\/spanje.jpg","contentUrl":"https:\/\/www.grounddatabank.com\/wp-content\/uploads\/2021\/05\/spanje.jpg"},{"@type":"BreadcrumbList","@id":"https:\/\/www.grounddatabank.com\/referenties\/#breadcrumb","itemListElement":[{"@type":"ListItem","position":1,"name":"Home","item":"https:\/\/www.grounddatabank.com\/"},{"@type":"ListItem","position":2,"name":"Referenties"}]},{"@type":"WebSite","@id":"https:\/\/www.grounddatabank.com\/#website","url":"https:\/\/www.grounddatabank.com\/","name":"GroundDataBank","description":"Grond is machtig, GroundDataBank is krachtig!","publisher":{"@id":"https:\/\/www.grounddatabank.com\/#organization"},"potentialAction":[{"@type":"SearchAction","target":{"@type":"EntryPoint","urlTemplate":"https:\/\/www.grounddatabank.com\/?s={search_term_string}"},"query-input":{"@type":"PropertyValueSpecification","valueRequired":true,"valueName":"search_term_string"}}],"inLanguage":"tr"},{"@type":"Organization","@id":"https:\/\/www.grounddatabank.com\/#organization","name":"GroundDataBank","url":"https:\/\/www.grounddatabank.com\/","logo":{"@type":"ImageObject","inLanguage":"tr","@id":"https:\/\/www.grounddatabank.com\/#\/schema\/logo\/image\/","url":"https:\/\/www.grounddatabank.com\/wp-content\/uploads\/2021\/04\/logo_small_icon_only.png","contentUrl":"https:\/\/www.grounddatabank.com\/wp-content\/uploads\/2021\/04\/logo_small_icon_only.png","width":300,"height":300,"caption":"GroundDataBank"},"image":{"@id":"https:\/\/www.grounddatabank.com\/#\/schema\/logo\/image\/"}}]}},"_links":{"self":[{"href":"https:\/\/www.grounddatabank.com\/tr\/wp-json\/wp\/v2\/pages\/1213","targetHints":{"allow":["GET"]}}],"collection":[{"href":"https:\/\/www.grounddatabank.com\/tr\/wp-json\/wp\/v2\/pages"}],"about":[{"href":"https:\/\/www.grounddatabank.com\/tr\/wp-json\/wp\/v2\/types\/page"}],"author":[{"embeddable":true,"href":"https:\/\/www.grounddatabank.com\/tr\/wp-json\/wp\/v2\/users\/1"}],"replies":[{"embeddable":true,"href":"https:\/\/www.grounddatabank.com\/tr\/wp-json\/wp\/v2\/comments?post=1213"}],"version-history":[{"count":89,"href":"https:\/\/www.grounddatabank.com\/tr\/wp-json\/wp\/v2\/pages\/1213\/revisions"}],"predecessor-version":[{"id":3787,"href":"https:\/\/www.grounddatabank.com\/tr\/wp-json\/wp\/v2\/pages\/1213\/revisions\/3787"}],"wp:attachment":[{"href":"https:\/\/www.grounddatabank.com\/tr\/wp-json\/wp\/v2\/media?parent=1213"}],"curies":[{"name":"wp","href":"https:\/\/api.w.org\/{rel}","templated":true}]}}