{"id":127,"date":"2017-06-05T09:13:38","date_gmt":"2017-06-05T09:13:38","guid":{"rendered":"http:\/\/realhomes.inspirythemes.com\/?page_id=127"},"modified":"2022-11-20T13:13:20","modified_gmt":"2022-11-20T13:13:20","slug":"columns","status":"publish","type":"page","link":"https:\/\/www.grounddatabank.com\/tr\/sutunlar\/","title":{"rendered":"S\u00fctunlar"},"content":{"rendered":"<p>Paralel platformlarda nesnel olarak g\u00fc\u00e7lendirilmi\u015f \u00fcretilmi\u015f \u00fcr\u00fcnlerde yenilik yap\u0131n. G\u00fcvenilir tedarik zincirleri i\u00e7in b\u00fct\u00fcnsel olarak bask\u0131n geni\u015fletilebilir test prosed\u00fcrleri. Son teknoloji \u00e7\u0131kt\u0131larla kar\u015f\u0131la\u015ft\u0131r\u0131ld\u0131\u011f\u0131nda birinci s\u0131n\u0131f web hizmetlerini \u00f6nemli \u00f6l\u00e7\u00fcde kullan\u0131n.<\/p>\n\n\n<div class=\"row-fluid\"><div class=\"span3\"><\/p>\n<h4>1\/4<\/h4>\n<p>Gran\u00fcler dahili veya &quot;organik&quot; kaynaklar\u0131 g\u00fcvenilir bir \u015fekilde yenilerken, web&#039;e haz\u0131r olma konusunda y\u00fcksek standartlar. Etkileyici deneyimler kar\u015f\u0131s\u0131nda gelece\u011fe d\u00f6n\u00fck temel yetkinlikleri sinerjik olarak \u00f6l\u00e7eklendirin. Entegre \u015femalar\u0131 optimum a\u011flarla dramatik bir \u015fekilde sentezleyin.<br \/>\n<\/div><div class=\"span3\"><\/p>\n<h4>1\/4<\/h4>\n<p>Gran\u00fcler dahili veya &quot;organik&quot; kaynaklar\u0131 g\u00fcvenilir bir \u015fekilde yenilerken, web&#039;e haz\u0131r olma konusunda y\u00fcksek standartlar. Etkileyici deneyimler kar\u015f\u0131s\u0131nda gelece\u011fe d\u00f6n\u00fck temel yetkinlikleri sinerjik olarak \u00f6l\u00e7eklendirin. Entegre \u015femalar\u0131 optimum a\u011flarla dramatik bir \u015fekilde sentezleyin.<\/div><div class=\"span3\"><\/p>\n<h4>1\/4<\/h4>\n<p>Gran\u00fcler dahili veya &quot;organik&quot; kaynaklar\u0131 g\u00fcvenilir bir \u015fekilde yenilerken, web&#039;e haz\u0131r olma konusunda y\u00fcksek standartlar. Etkileyici deneyimler kar\u015f\u0131s\u0131nda gelece\u011fe d\u00f6n\u00fck temel yetkinlikleri sinerjik olarak \u00f6l\u00e7eklendirin. Entegre \u015femalar\u0131 optimum a\u011flarla dramatik bir \u015fekilde sentezleyin.<\/div><div class=\"span3\"><\/p>\n<h4>1\/4<\/h4>\n<p>Gran\u00fcler dahili veya &quot;organik&quot; kaynaklar\u0131 g\u00fcvenilir bir \u015fekilde yenilerken, web&#039;e haz\u0131r olma konusunda y\u00fcksek standartlar. Etkileyici deneyimler kar\u015f\u0131s\u0131nda gelece\u011fe d\u00f6n\u00fck temel yetkinlikleri sinerjik olarak \u00f6l\u00e7eklendirin. Entegre \u015femalar\u0131 optimum a\u011flarla dramatik bir \u015fekilde sentezleyin.<\/div><\/div>\n\n\n<div class=\"row-fluid\"><div class=\"span6\"><\/p>\n<h4>1\/2<\/h4>\n<p>\u00dcst d\u00fczey genel bak\u0131\u015flar i\u00e7in sa\u011flam bir \u00f6zet sa\u011flamak \u00fczere \u00e7evik \u00e7er\u00e7evelerden yararlan\u0131n. Kurumsal stratejiye yinelemeli yakla\u015f\u0131mlar, genel de\u011fer \u00f6nermesini ilerletmek i\u00e7in i\u015fbirlik\u00e7i d\u00fc\u015f\u00fcnmeyi te\u015fvik eder. \u0130\u015f yeri \u00e7e\u015fitlili\u011fi ve yetkilendirme yoluyla y\u0131k\u0131c\u0131 yenili\u011fin b\u00fct\u00fcnsel d\u00fcnya g\u00f6r\u00fc\u015f\u00fcn\u00fc organik olarak b\u00fcy\u00fct\u00fcn.<\/div><div class=\"span6\"><\/p>\n<h4>1\/2<\/h4>\n<p>\u00dcst d\u00fczey genel bak\u0131\u015flar i\u00e7in sa\u011flam bir \u00f6zet sa\u011flamak \u00fczere \u00e7evik \u00e7er\u00e7evelerden yararlan\u0131n. Kurumsal stratejiye yinelemeli yakla\u015f\u0131mlar, genel de\u011fer \u00f6nermesini ilerletmek i\u00e7in i\u015fbirlik\u00e7i d\u00fc\u015f\u00fcnmeyi te\u015fvik eder. \u0130\u015f yeri \u00e7e\u015fitlili\u011fi ve yetkilendirme yoluyla y\u0131k\u0131c\u0131 yenili\u011fin b\u00fct\u00fcnsel d\u00fcnya g\u00f6r\u00fc\u015f\u00fcn\u00fc organik olarak b\u00fcy\u00fct\u00fcn.<\/div><\/div>\n\n\n<div class=\"row-fluid\"><div class=\"span4\"><\/p>\n<h4>1\/3<\/h4>\n<p>\u00dcst d\u00fczey genel bak\u0131\u015flar i\u00e7in sa\u011flam bir \u00f6zet sa\u011flamak \u00fczere \u00e7evik \u00e7er\u00e7evelerden yararlan\u0131n. Kurumsal stratejiye yinelemeli yakla\u015f\u0131mlar, genel de\u011fer \u00f6nermesini ilerletmek i\u00e7in i\u015fbirlik\u00e7i d\u00fc\u015f\u00fcnmeyi te\u015fvik eder. \u0130\u015f yeri \u00e7e\u015fitlili\u011fi ve yetkilendirme yoluyla y\u0131k\u0131c\u0131 yenili\u011fin b\u00fct\u00fcnsel d\u00fcnya g\u00f6r\u00fc\u015f\u00fcn\u00fc organik olarak b\u00fcy\u00fct\u00fcn.<\/div><div class=\"span4\"><\/p>\n<h4>1\/3<\/h4>\n<p>\u00dcst d\u00fczey genel bak\u0131\u015flar i\u00e7in sa\u011flam bir \u00f6zet sa\u011flamak \u00fczere \u00e7evik \u00e7er\u00e7evelerden yararlan\u0131n. Kurumsal stratejiye yinelemeli yakla\u015f\u0131mlar, genel de\u011fer \u00f6nermesini ilerletmek i\u00e7in i\u015fbirlik\u00e7i d\u00fc\u015f\u00fcnmeyi te\u015fvik eder. \u0130\u015f yeri \u00e7e\u015fitlili\u011fi ve yetkilendirme yoluyla y\u0131k\u0131c\u0131 yenili\u011fin b\u00fct\u00fcnsel d\u00fcnya g\u00f6r\u00fc\u015f\u00fcn\u00fc organik olarak b\u00fcy\u00fct\u00fcn.<\/div><div class=\"span4\"><\/p>\n<h4>1\/3<\/h4>\n<p>\u00dcst d\u00fczey genel bak\u0131\u015flar i\u00e7in sa\u011flam bir \u00f6zet sa\u011flamak \u00fczere \u00e7evik \u00e7er\u00e7evelerden yararlan\u0131n. Kurumsal stratejiye yinelemeli yakla\u015f\u0131mlar, genel de\u011fer \u00f6nermesini ilerletmek i\u00e7in i\u015fbirlik\u00e7i d\u00fc\u015f\u00fcnmeyi te\u015fvik eder. \u0130\u015f yeri \u00e7e\u015fitlili\u011fi ve yetkilendirme yoluyla y\u0131k\u0131c\u0131 yenili\u011fin b\u00fct\u00fcnsel d\u00fcnya g\u00f6r\u00fc\u015f\u00fcn\u00fc organik olarak b\u00fcy\u00fct\u00fcn.<\/div><\/div>\n\n\n<div class=\"row-fluid\"><div class=\"span3\"><\/p>\n<h4>1\/4<\/h4>\n<p>\u00dcst d\u00fczey genel bak\u0131\u015flar i\u00e7in sa\u011flam bir \u00f6zet sa\u011flamak \u00fczere \u00e7evik \u00e7er\u00e7evelerden yararlan\u0131n. Kurumsal stratejiye yinelemeli yakla\u015f\u0131mlar, genel de\u011fer \u00f6nermesini ilerletmek i\u00e7in i\u015fbirlik\u00e7i d\u00fc\u015f\u00fcnmeyi te\u015fvik eder. \u0130\u015f yeri \u00e7e\u015fitlili\u011fi ve yetkilendirme yoluyla y\u0131k\u0131c\u0131 yenili\u011fin b\u00fct\u00fcnsel d\u00fcnya g\u00f6r\u00fc\u015f\u00fcn\u00fc organik olarak b\u00fcy\u00fct\u00fcn.<\/div><div class=\"span3\"><\/p>\n<h4>1\/4<\/h4>\n<p>\u00dcst d\u00fczey genel bak\u0131\u015flar i\u00e7in sa\u011flam bir \u00f6zet sa\u011flamak \u00fczere \u00e7evik \u00e7er\u00e7evelerden yararlan\u0131n. Kurumsal stratejiye yinelemeli yakla\u015f\u0131mlar, genel de\u011fer \u00f6nermesini ilerletmek i\u00e7in i\u015fbirlik\u00e7i d\u00fc\u015f\u00fcnmeyi te\u015fvik eder. \u0130\u015f yeri \u00e7e\u015fitlili\u011fi ve yetkilendirme yoluyla y\u0131k\u0131c\u0131 yenili\u011fin b\u00fct\u00fcnsel d\u00fcnya g\u00f6r\u00fc\u015f\u00fcn\u00fc organik olarak b\u00fcy\u00fct\u00fcn.<\/div><div class=\"span6\"><\/p>\n<h4>1\/2<\/h4>\n<p>\u00dcst d\u00fczey genel bak\u0131\u015flar i\u00e7in sa\u011flam bir \u00f6zet sa\u011flamak \u00fczere \u00e7evik \u00e7er\u00e7evelerden yararlan\u0131n. Kurumsal stratejiye yinelemeli yakla\u015f\u0131mlar, genel de\u011fer \u00f6nermesini ilerletmek i\u00e7in i\u015fbirlik\u00e7i d\u00fc\u015f\u00fcnmeyi te\u015fvik eder. \u0130\u015f yeri \u00e7e\u015fitlili\u011fi ve yetkilendirme yoluyla y\u0131k\u0131c\u0131 yenili\u011fin b\u00fct\u00fcnsel d\u00fcnya g\u00f6r\u00fc\u015f\u00fcn\u00fc organik olarak b\u00fcy\u00fct\u00fcn.<\/div><\/div>\n\n\n<div class=\"row-fluid\"><div class=\"span2\"><\/p>\n<h4>1\/6<\/h4>\n<p>\u00dcst d\u00fczey genel bak\u0131\u015flar i\u00e7in sa\u011flam bir \u00f6zet sa\u011flamak \u00fczere \u00e7evik \u00e7er\u00e7evelerden yararlan\u0131n. Kurumsal stratejiye yinelemeli yakla\u015f\u0131mlar, genel de\u011fer \u00f6nermesini ilerletmek i\u00e7in i\u015fbirlik\u00e7i d\u00fc\u015f\u00fcnmeyi te\u015fvik eder. \u0130\u015f yeri \u00e7e\u015fitlili\u011fi ve yetkilendirme yoluyla y\u0131k\u0131c\u0131 yenili\u011fin b\u00fct\u00fcnsel d\u00fcnya g\u00f6r\u00fc\u015f\u00fcn\u00fc organik olarak b\u00fcy\u00fct\u00fcn.<\/div><div class=\"span2\"><\/p>\n<h4>1\/6<\/h4>\n<p>\u00dcst d\u00fczey genel bak\u0131\u015flar i\u00e7in sa\u011flam bir \u00f6zet sa\u011flamak \u00fczere \u00e7evik \u00e7er\u00e7evelerden yararlan\u0131n. Kurumsal stratejiye yinelemeli yakla\u015f\u0131mlar, genel de\u011fer \u00f6nermesini ilerletmek i\u00e7in i\u015fbirlik\u00e7i d\u00fc\u015f\u00fcnmeyi te\u015fvik eder. \u0130\u015f yeri \u00e7e\u015fitlili\u011fi ve yetkilendirme yoluyla y\u0131k\u0131c\u0131 yenili\u011fin b\u00fct\u00fcnsel d\u00fcnya g\u00f6r\u00fc\u015f\u00fcn\u00fc organik olarak b\u00fcy\u00fct\u00fcn.<\/div><div class=\"span2\"><\/p>\n<h4>1\/6<\/h4>\n<p>\u00dcst d\u00fczey genel bak\u0131\u015flar i\u00e7in sa\u011flam bir \u00f6zet sa\u011flamak \u00fczere \u00e7evik \u00e7er\u00e7evelerden yararlan\u0131n. Kurumsal stratejiye yinelemeli yakla\u015f\u0131mlar, genel de\u011fer \u00f6nermesini ilerletmek i\u00e7in i\u015fbirlik\u00e7i d\u00fc\u015f\u00fcnmeyi te\u015fvik eder. \u0130\u015f yeri \u00e7e\u015fitlili\u011fi ve yetkilendirme yoluyla y\u0131k\u0131c\u0131 yenili\u011fin b\u00fct\u00fcnsel d\u00fcnya g\u00f6r\u00fc\u015f\u00fcn\u00fc organik olarak b\u00fcy\u00fct\u00fcn.<\/div><div class=\"span2\"><\/p>\n<h4>1\/6<\/h4>\n<p>\u00dcst d\u00fczey genel bak\u0131\u015flar i\u00e7in sa\u011flam bir \u00f6zet sa\u011flamak \u00fczere \u00e7evik \u00e7er\u00e7evelerden yararlan\u0131n. Kurumsal stratejiye yinelemeli yakla\u015f\u0131mlar, genel de\u011fer \u00f6nermesini ilerletmek i\u00e7in i\u015fbirlik\u00e7i d\u00fc\u015f\u00fcnmeyi te\u015fvik eder. \u0130\u015f yeri \u00e7e\u015fitlili\u011fi ve yetkilendirme yoluyla y\u0131k\u0131c\u0131 yenili\u011fin b\u00fct\u00fcnsel d\u00fcnya g\u00f6r\u00fc\u015f\u00fcn\u00fc organik olarak b\u00fcy\u00fct\u00fcn.<\/div><div class=\"span2\"><\/p>\n<h4>1\/6<\/h4>\n<p>\u00dcst d\u00fczey genel bak\u0131\u015flar i\u00e7in sa\u011flam bir \u00f6zet sa\u011flamak \u00fczere \u00e7evik \u00e7er\u00e7evelerden yararlan\u0131n. Kurumsal stratejiye yinelemeli yakla\u015f\u0131mlar, genel de\u011fer \u00f6nermesini ilerletmek i\u00e7in i\u015fbirlik\u00e7i d\u00fc\u015f\u00fcnmeyi te\u015fvik eder. \u0130\u015f yeri \u00e7e\u015fitlili\u011fi ve yetkilendirme yoluyla y\u0131k\u0131c\u0131 yenili\u011fin b\u00fct\u00fcnsel d\u00fcnya g\u00f6r\u00fc\u015f\u00fcn\u00fc organik olarak b\u00fcy\u00fct\u00fcn.<\/div><div class=\"span2\"><\/p>\n<h4>1\/6<\/h4>\n<p>\u00dcst d\u00fczey genel bak\u0131\u015flar i\u00e7in sa\u011flam bir \u00f6zet sa\u011flamak \u00fczere \u00e7evik \u00e7er\u00e7evelerden yararlan\u0131n. Kurumsal stratejiye yinelemeli yakla\u015f\u0131mlar, genel de\u011fer \u00f6nermesini ilerletmek i\u00e7in i\u015fbirlik\u00e7i d\u00fc\u015f\u00fcnmeyi te\u015fvik eder. \u0130\u015f yeri \u00e7e\u015fitlili\u011fi ve yetkilendirme yoluyla y\u0131k\u0131c\u0131 yenili\u011fin b\u00fct\u00fcnsel d\u00fcnya g\u00f6r\u00fc\u015f\u00fcn\u00fc organik olarak b\u00fcy\u00fct\u00fcn.<\/div><\/div>","protected":false},"excerpt":{"rendered":"<p>Paralel platformlarda nesnel olarak g\u00fc\u00e7lendirilmi\u015f \u00fcretilmi\u015f \u00fcr\u00fcnlerde yenilik yap\u0131n. G\u00fcvenilir tedarik zincirleri i\u00e7in b\u00fct\u00fcnsel olarak bask\u0131n geni\u015fletilebilir test prosed\u00fcrleri. Son teknoloji \u00e7\u0131kt\u0131larla kar\u015f\u0131la\u015ft\u0131r\u0131ld\u0131\u011f\u0131nda birinci s\u0131n\u0131f web hizmetlerini \u00f6nemli \u00f6l\u00e7\u00fcde kullan\u0131n.<\/p>","protected":false},"author":1,"featured_media":0,"parent":0,"menu_order":0,"comment_status":"closed","ping_status":"closed","template":"templates\/full-width.php","meta":{"inline_featured_image":false,"footnotes":""},"class_list":["post-127","page","type-page","status-publish","hentry"],"yoast_head":"<!-- This site is optimized with the Yoast SEO plugin v27.5 - https:\/\/yoast.com\/product\/yoast-seo-wordpress\/ -->\n<title>Columns - GroundDataBank<\/title>\n<meta name=\"robots\" content=\"index, follow, max-snippet:-1, max-image-preview:large, max-video-preview:-1\" \/>\n<link rel=\"canonical\" href=\"https:\/\/www.grounddatabank.com\/tr\/sutunlar\/\" \/>\n<meta property=\"og:locale\" content=\"tr_TR\" \/>\n<meta property=\"og:type\" content=\"article\" \/>\n<meta property=\"og:title\" content=\"Columns - GroundDataBank\" \/>\n<meta property=\"og:description\" content=\"Objectively innovate empowered manufactured products whereas parallel platforms. Holistically predominate extensible testing procedures for reliable supply chains. Dramatically engage top-line web services vis-a-vis cutting-edge deliverables.\" \/>\n<meta property=\"og:url\" content=\"https:\/\/www.grounddatabank.com\/tr\/sutunlar\/\" \/>\n<meta property=\"og:site_name\" content=\"GroundDataBank\" \/>\n<meta property=\"article:modified_time\" content=\"2022-11-20T13:13:20+00:00\" \/>\n<meta property=\"og:image\" content=\"https:\/\/www.grounddatabank.com\/wp-content\/uploads\/2022\/11\/Grounddatabank-scaled.jpg\" \/>\n\t<meta property=\"og:image:width\" content=\"2560\" \/>\n\t<meta property=\"og:image:height\" content=\"1339\" \/>\n\t<meta property=\"og:image:type\" content=\"image\/jpeg\" \/>\n<meta name=\"twitter:card\" content=\"summary_large_image\" \/>\n<meta name=\"twitter:label1\" content=\"Tahmini okuma s\u00fcresi\" \/>\n\t<meta name=\"twitter:data1\" content=\"4 dakika\" \/>\n<script type=\"application\/ld+json\" class=\"yoast-schema-graph\">{\"@context\":\"https:\\\/\\\/schema.org\",\"@graph\":[{\"@type\":\"WebPage\",\"@id\":\"https:\\\/\\\/www.grounddatabank.com\\\/columns\\\/\",\"url\":\"https:\\\/\\\/www.grounddatabank.com\\\/columns\\\/\",\"name\":\"Columns - GroundDataBank\",\"isPartOf\":{\"@id\":\"https:\\\/\\\/www.grounddatabank.com\\\/#website\"},\"datePublished\":\"2017-06-05T09:13:38+00:00\",\"dateModified\":\"2022-11-20T13:13:20+00:00\",\"breadcrumb\":{\"@id\":\"https:\\\/\\\/www.grounddatabank.com\\\/columns\\\/#breadcrumb\"},\"inLanguage\":\"tr\",\"potentialAction\":[{\"@type\":\"ReadAction\",\"target\":[\"https:\\\/\\\/www.grounddatabank.com\\\/columns\\\/\"]}]},{\"@type\":\"BreadcrumbList\",\"@id\":\"https:\\\/\\\/www.grounddatabank.com\\\/columns\\\/#breadcrumb\",\"itemListElement\":[{\"@type\":\"ListItem\",\"position\":1,\"name\":\"Home\",\"item\":\"https:\\\/\\\/www.grounddatabank.com\\\/\"},{\"@type\":\"ListItem\",\"position\":2,\"name\":\"Columns\"}]},{\"@type\":\"WebSite\",\"@id\":\"https:\\\/\\\/www.grounddatabank.com\\\/#website\",\"url\":\"https:\\\/\\\/www.grounddatabank.com\\\/\",\"name\":\"GroundDataBank\",\"description\":\"Grond is machtig, GroundDataBank is krachtig!\",\"publisher\":{\"@id\":\"https:\\\/\\\/www.grounddatabank.com\\\/#organization\"},\"potentialAction\":[{\"@type\":\"SearchAction\",\"target\":{\"@type\":\"EntryPoint\",\"urlTemplate\":\"https:\\\/\\\/www.grounddatabank.com\\\/?s={search_term_string}\"},\"query-input\":{\"@type\":\"PropertyValueSpecification\",\"valueRequired\":true,\"valueName\":\"search_term_string\"}}],\"inLanguage\":\"tr\"},{\"@type\":\"Organization\",\"@id\":\"https:\\\/\\\/www.grounddatabank.com\\\/#organization\",\"name\":\"GroundDataBank\",\"url\":\"https:\\\/\\\/www.grounddatabank.com\\\/\",\"logo\":{\"@type\":\"ImageObject\",\"inLanguage\":\"tr\",\"@id\":\"https:\\\/\\\/www.grounddatabank.com\\\/#\\\/schema\\\/logo\\\/image\\\/\",\"url\":\"https:\\\/\\\/www.grounddatabank.com\\\/wp-content\\\/uploads\\\/2021\\\/04\\\/logo_small_icon_only.png\",\"contentUrl\":\"https:\\\/\\\/www.grounddatabank.com\\\/wp-content\\\/uploads\\\/2021\\\/04\\\/logo_small_icon_only.png\",\"width\":300,\"height\":300,\"caption\":\"GroundDataBank\"},\"image\":{\"@id\":\"https:\\\/\\\/www.grounddatabank.com\\\/#\\\/schema\\\/logo\\\/image\\\/\"}}]}<\/script>\n<!-- \/ Yoast SEO plugin. -->","yoast_head_json":{"title":"Columns - GroundDataBank","robots":{"index":"index","follow":"follow","max-snippet":"max-snippet:-1","max-image-preview":"max-image-preview:large","max-video-preview":"max-video-preview:-1"},"canonical":"https:\/\/www.grounddatabank.com\/tr\/sutunlar\/","og_locale":"tr_TR","og_type":"article","og_title":"Columns - GroundDataBank","og_description":"Objectively innovate empowered manufactured products whereas parallel platforms. Holistically predominate extensible testing procedures for reliable supply chains. Dramatically engage top-line web services vis-a-vis cutting-edge deliverables.","og_url":"https:\/\/www.grounddatabank.com\/tr\/sutunlar\/","og_site_name":"GroundDataBank","article_modified_time":"2022-11-20T13:13:20+00:00","og_image":[{"width":2560,"height":1339,"url":"https:\/\/www.grounddatabank.com\/wp-content\/uploads\/2022\/11\/Grounddatabank-scaled.jpg","type":"image\/jpeg"}],"twitter_card":"summary_large_image","twitter_misc":{"Tahmini okuma s\u00fcresi":"4 dakika"},"schema":{"@context":"https:\/\/schema.org","@graph":[{"@type":"WebPage","@id":"https:\/\/www.grounddatabank.com\/columns\/","url":"https:\/\/www.grounddatabank.com\/columns\/","name":"Columns - GroundDataBank","isPartOf":{"@id":"https:\/\/www.grounddatabank.com\/#website"},"datePublished":"2017-06-05T09:13:38+00:00","dateModified":"2022-11-20T13:13:20+00:00","breadcrumb":{"@id":"https:\/\/www.grounddatabank.com\/columns\/#breadcrumb"},"inLanguage":"tr","potentialAction":[{"@type":"ReadAction","target":["https:\/\/www.grounddatabank.com\/columns\/"]}]},{"@type":"BreadcrumbList","@id":"https:\/\/www.grounddatabank.com\/columns\/#breadcrumb","itemListElement":[{"@type":"ListItem","position":1,"name":"Home","item":"https:\/\/www.grounddatabank.com\/"},{"@type":"ListItem","position":2,"name":"Columns"}]},{"@type":"WebSite","@id":"https:\/\/www.grounddatabank.com\/#website","url":"https:\/\/www.grounddatabank.com\/","name":"GroundDataBank","description":"Grond is machtig, GroundDataBank is krachtig!","publisher":{"@id":"https:\/\/www.grounddatabank.com\/#organization"},"potentialAction":[{"@type":"SearchAction","target":{"@type":"EntryPoint","urlTemplate":"https:\/\/www.grounddatabank.com\/?s={search_term_string}"},"query-input":{"@type":"PropertyValueSpecification","valueRequired":true,"valueName":"search_term_string"}}],"inLanguage":"tr"},{"@type":"Organization","@id":"https:\/\/www.grounddatabank.com\/#organization","name":"GroundDataBank","url":"https:\/\/www.grounddatabank.com\/","logo":{"@type":"ImageObject","inLanguage":"tr","@id":"https:\/\/www.grounddatabank.com\/#\/schema\/logo\/image\/","url":"https:\/\/www.grounddatabank.com\/wp-content\/uploads\/2021\/04\/logo_small_icon_only.png","contentUrl":"https:\/\/www.grounddatabank.com\/wp-content\/uploads\/2021\/04\/logo_small_icon_only.png","width":300,"height":300,"caption":"GroundDataBank"},"image":{"@id":"https:\/\/www.grounddatabank.com\/#\/schema\/logo\/image\/"}}]}},"_links":{"self":[{"href":"https:\/\/www.grounddatabank.com\/tr\/wp-json\/wp\/v2\/pages\/127","targetHints":{"allow":["GET"]}}],"collection":[{"href":"https:\/\/www.grounddatabank.com\/tr\/wp-json\/wp\/v2\/pages"}],"about":[{"href":"https:\/\/www.grounddatabank.com\/tr\/wp-json\/wp\/v2\/types\/page"}],"author":[{"embeddable":true,"href":"https:\/\/www.grounddatabank.com\/tr\/wp-json\/wp\/v2\/users\/1"}],"replies":[{"embeddable":true,"href":"https:\/\/www.grounddatabank.com\/tr\/wp-json\/wp\/v2\/comments?post=127"}],"version-history":[{"count":1,"href":"https:\/\/www.grounddatabank.com\/tr\/wp-json\/wp\/v2\/pages\/127\/revisions"}],"predecessor-version":[{"id":1219,"href":"https:\/\/www.grounddatabank.com\/tr\/wp-json\/wp\/v2\/pages\/127\/revisions\/1219"}],"wp:attachment":[{"href":"https:\/\/www.grounddatabank.com\/tr\/wp-json\/wp\/v2\/media?parent=127"}],"curies":[{"name":"wp","href":"https:\/\/api.w.org\/{rel}","templated":true}]}}