{"id":1527,"date":"2021-04-25T17:26:14","date_gmt":"2021-04-25T17:26:14","guid":{"rendered":"https:\/\/www.grounddatabank.com\/?page_id=1527"},"modified":"2024-08-15T05:57:00","modified_gmt":"2024-08-15T05:57:00","slug":"persoonlijk-advies","status":"publish","type":"page","link":"https:\/\/www.grounddatabank.com\/tr\/kisisel-tavsiye\/","title":{"rendered":"Ki\u015fisel tavsiye"},"content":{"rendered":"<div data-elementor-type=\"wp-page\" data-elementor-id=\"1527\" class=\"elementor elementor-1527\">\n\t\t\t\t\t\t<section class=\"elementor-section elementor-top-section elementor-element elementor-element-b1817c5 elementor-section-boxed elementor-section-height-default elementor-section-height-default\" data-id=\"b1817c5\" data-element_type=\"section\">\n\t\t\t\t\t\t<div class=\"elementor-container elementor-column-gap-default\">\n\t\t\t\t\t<div class=\"elementor-column elementor-col-100 elementor-top-column elementor-element elementor-element-fda2f65\" data-id=\"fda2f65\" data-element_type=\"column\">\n\t\t\t<div class=\"elementor-widget-wrap elementor-element-populated\">\n\t\t\t\t\t\t<div class=\"elementor-element elementor-element-1d9ae43 elementor-widget elementor-widget-text-editor\" data-id=\"1d9ae43\" data-element_type=\"widget\" data-widget_type=\"text-editor.default\">\n\t\t\t\t<div class=\"elementor-widget-container\">\n\t\t\t\t\t\t\t<p style=\"font-size: 15px;\"><span style=\"color: rgb(64, 224, 208);\">Ki\u015fisel tavsiye<\/span><br>\u015eirketinizin ba\u015far\u0131s\u0131, do\u011fru i\u015f yerini se\u00e7meniz ile \u00e7ok belirleyicidir. GroundDataBank, \u015firket bilgilerinize dayal\u0131 analizler yard\u0131m\u0131 ile bu konuda size yard\u0131mc\u0131 olur. \n\nBu analizler, \u00f6zel kullan\u0131m i\u00e7in m\u00fckemmel bir arazi par\u00e7as\u0131 arayan \u00f6zel ki\u015filere sunulacak tavsiyelerde de kullan\u0131labilir<br>Bu analizler, \u00f6zel kullan\u0131m i\u00e7in m\u00fckemmel bir arazi par\u00e7as\u0131 arayan ki\u015filer i\u00e7in tavsiye olarak da kullan\u0131labilir.<\/p><p style=\"font-size: 15px;\">A\u015fa\u011f\u0131da ki hususlarda analizler yaparlar.<\/p><p style=\"font-size: 15px;\"><span style=\"color: rgb(64, 224, 208);\">Lojistik dan\u0131\u015fmanl\u0131\u011f\u0131 ve y\u00fck ta\u015f\u0131mac\u0131l\u0131\u011f\u0131<\/span><br>Sirketinizin eri\u015filebilirli\u011fi i\u00e7in \u00e7ok \u00f6nemlidir. Karayolu, demiryolu, su veya hava yoluyla ula\u015f\u0131m i\u015finiz i\u00e7in \u00e7ok \u00f6nemli olabilir. \nGroundDataBank, hayalinizdeki potansiyel konumun yak\u0131n\u0131nda \u00f6rne\u011fin suyollar\u0131, havaalanlar\u0131 ve demiryollar\u0131 \u00fczerinde analizler yaparak en ilgin\u00e7 yerleri g\u00f6rselle\u015ftirir.<\/p><p style=\"font-size: 15px;\"><span style=\"color: rgb(64, 224, 208);\">Eri\u015filebilirlik ve Personel<\/span><br>Uw stuk grond kan dan wel op een goede locatie gevestigd worden op logistiek gebied, maar het is ook uiterst belangrijk dat er inzicht gecre\u00eberd wordt in de arbeidspotentie van de locatie. GroundDataBank helpt hierbij door analyses te maken die inzicht geven in onder andere het beschikbare personeel in de buurt, hun opleidingsniveau en hoe het personeel op uw locatie kan komen. Dit artikel vermeldt jouw favoriet tegen super lage prijzen. Kies uit bezorging op dezelfde dag, bezorging op locatie of afhalen van bestellingen.<\/p><p style=\"font-size: 15px;\"><span style=\"color: rgb(64, 224, 208);\">Pazar Analizi &amp; Sat\u0131\u015f Alanlar\u0131<\/span><br>Yukar\u0131da bahsedilen analizlere ek olarak firman\u0131z i\u00e7in stratejik analizler de yap\u0131lmal\u0131d\u0131r. Bulundu\u011funuz yerin yak\u0131n\u0131nda potansiyel m\u00fc\u015fterilerin nerede bulundu\u011fu ve \u015firketinizin b\u00f6lgede ne kadar sat\u0131\u015f yapabilece\u011fi konusunda veri olu\u015fturulmas\u0131 \u00e7ok \u00f6nemlidir. Bu nedenle GroundDataBank taraf\u0131ndan end\u00fcstri ara\u015ft\u0131rmas\u0131 ve rekabet analizi gibi \u00e7e\u015fitli analizler ger\u00e7ekle\u015ftirilir.<\/p><p style=\"font-size: 15px;\"><span style=\"color: rgb(64, 224, 208);\">Ticari Gayrimenkul ve \u00c7evre<\/span><br>GroundDataBank ayr\u0131ca \u015firketiniz i\u00e7in mevcut t\u00fcm konumlar\u0131n gerekli t\u00fcm verilerine sahiptir. Bu, size kiralar\u0131n ve arazi fiyatlar\u0131n\u0131n ne oldu\u011funu, \u00e7e\u015fitli yerler i\u00e7in imar planlar\u0131n\u0131n ne oldu\u011fu ve toprak ko\u015fullar\u0131n\u0131n ve azot i\u00e7eri\u011finin ne oldu\u011funu netle\u015ftirir.<\/p>\t\t\t\t\t\t<\/div>\n\t\t\t\t<\/div>\n\t\t\t\t\t<\/div>\n\t\t<\/div>\n\t\t\t\t\t<\/div>\n\t\t<\/section>\n\t\t\t\t<section class=\"elementor-section elementor-top-section elementor-element elementor-element-49446170 elementor-section-content-middle elementor-section-boxed elementor-section-height-default elementor-section-height-default\" data-id=\"49446170\" data-element_type=\"section\">\n\t\t\t\t\t\t<div class=\"elementor-container elementor-column-gap-no\">\n\t\t\t\t\t<div class=\"elementor-column elementor-col-100 elementor-top-column elementor-element elementor-element-6dd79295\" data-id=\"6dd79295\" data-element_type=\"column\">\n\t\t\t<div class=\"elementor-widget-wrap elementor-element-populated\">\n\t\t\t\t\t\t<div class=\"elementor-element elementor-element-53e1222d elementor-widget elementor-widget-heading\" data-id=\"53e1222d\" data-element_type=\"widget\" data-widget_type=\"heading.default\">\n\t\t\t\t<div class=\"elementor-widget-container\">\n\t\t\t<h4 class=\"elementor-heading-title elementor-size-default\">Daha fazlas\u0131n\u0131 bilmek mi istiyorsunuz?<\/h4>\t\t<\/div>\n\t\t\t\t<\/div>\n\t\t\t\t<div class=\"elementor-element elementor-element-208b012f elementor-widget elementor-widget-text-editor\" data-id=\"208b012f\" data-element_type=\"widget\" data-widget_type=\"text-editor.default\">\n\t\t\t\t<div class=\"elementor-widget-container\">\n\t\t\t\t\t\t\t<p>L\u00fctfen GroundDataBank ile ileti\u015fime ge\u00e7mekten \u00e7ekinmeyiniz.<\/p>\t\t\t\t\t\t<\/div>\n\t\t\t\t<\/div>\n\t\t\t\t<div class=\"elementor-element elementor-element-59c3b9aa elementor-align-center elementor-widget elementor-widget-button\" data-id=\"59c3b9aa\" data-element_type=\"widget\" data-widget_type=\"button.default\">\n\t\t\t\t<div class=\"elementor-widget-container\">\n\t\t\t\t\t<div class=\"elementor-button-wrapper\">\n\t\t\t<a class=\"elementor-button elementor-button-link elementor-size-sm elementor-animation-grow\" href=\"https:\/\/www.grounddatabank.com\/tr\/iletisim\/\">\n\t\t\t\t\t\t<span class=\"elementor-button-content-wrapper\">\n\t\t\t\t\t\t\t\t\t<span class=\"elementor-button-text\">\u0130leti\u015fim<\/span>\n\t\t\t\t\t<\/span>\n\t\t\t\t\t<\/a>\n\t\t<\/div>\n\t\t\t\t<\/div>\n\t\t\t\t<\/div>\n\t\t\t\t\t<\/div>\n\t\t<\/div>\n\t\t\t\t\t<\/div>\n\t\t<\/section>\n\t\t\t\t<\/div>","protected":false},"excerpt":{"rendered":"<p>Persoonlijk adviesHet succes van uw onderneming is erg bepalend door de juiste vestigingslocatie te kiezen. GroundDataBank helpt u hiermee met behulp van analyses op basis van uw bedrijfsinformatie.Deze analyses kunnen ook worden toegepast bij het advies voor particulieren die op zoek zijn naar het perfecte stuk grond voor priv\u00e9 gebruik. Er worden analyses gemaakt op&#8230;<\/p>","protected":false},"author":4,"featured_media":0,"parent":0,"menu_order":0,"comment_status":"closed","ping_status":"closed","template":"","meta":{"inline_featured_image":false,"footnotes":""},"class_list":["post-1527","page","type-page","status-publish","hentry"],"yoast_head":"<!-- This site is optimized with the Yoast SEO plugin v27.6 - https:\/\/yoast.com\/product\/yoast-seo-wordpress\/ -->\n<title>Persoonlijk advies - GroundDataBank<\/title>\n<meta name=\"robots\" content=\"index, follow, max-snippet:-1, max-image-preview:large, max-video-preview:-1\" \/>\n<link rel=\"canonical\" href=\"https:\/\/www.grounddatabank.com\/tr\/kisisel-tavsiye\/\" \/>\n<meta property=\"og:locale\" content=\"tr_TR\" \/>\n<meta property=\"og:type\" content=\"article\" \/>\n<meta property=\"og:title\" content=\"Persoonlijk advies - GroundDataBank\" \/>\n<meta property=\"og:description\" content=\"Persoonlijk adviesHet succes van uw onderneming is erg bepalend door de juiste vestigingslocatie te kiezen. GroundDataBank helpt u hiermee met behulp van analyses op basis van uw bedrijfsinformatie.Deze analyses kunnen ook worden toegepast bij het advies voor particulieren die op zoek zijn naar het perfecte stuk grond voor priv\u00e9 gebruik. Er worden analyses gemaakt op...\" \/>\n<meta property=\"og:url\" content=\"https:\/\/www.grounddatabank.com\/tr\/kisisel-tavsiye\/\" \/>\n<meta property=\"og:site_name\" content=\"GroundDataBank\" \/>\n<meta property=\"article:modified_time\" content=\"2024-08-15T05:57:00+00:00\" \/>\n<meta property=\"og:image\" content=\"https:\/\/www.grounddatabank.com\/wp-content\/uploads\/2022\/11\/Grounddatabank-scaled.jpg\" \/>\n\t<meta property=\"og:image:width\" content=\"2560\" \/>\n\t<meta property=\"og:image:height\" content=\"1339\" \/>\n\t<meta property=\"og:image:type\" content=\"image\/jpeg\" \/>\n<meta name=\"twitter:card\" content=\"summary_large_image\" \/>\n<meta name=\"twitter:label1\" content=\"Tahmini okuma s\u00fcresi\" \/>\n\t<meta name=\"twitter:data1\" content=\"2 dakika\" \/>\n<script type=\"application\/ld+json\" class=\"yoast-schema-graph\">{\"@context\":\"https:\\\/\\\/schema.org\",\"@graph\":[{\"@type\":\"WebPage\",\"@id\":\"https:\\\/\\\/www.grounddatabank.com\\\/persoonlijk-advies\\\/\",\"url\":\"https:\\\/\\\/www.grounddatabank.com\\\/persoonlijk-advies\\\/\",\"name\":\"Persoonlijk advies - GroundDataBank\",\"isPartOf\":{\"@id\":\"https:\\\/\\\/www.grounddatabank.com\\\/#website\"},\"datePublished\":\"2021-04-25T17:26:14+00:00\",\"dateModified\":\"2024-08-15T05:57:00+00:00\",\"breadcrumb\":{\"@id\":\"https:\\\/\\\/www.grounddatabank.com\\\/persoonlijk-advies\\\/#breadcrumb\"},\"inLanguage\":\"tr\",\"potentialAction\":[{\"@type\":\"ReadAction\",\"target\":[\"https:\\\/\\\/www.grounddatabank.com\\\/persoonlijk-advies\\\/\"]}]},{\"@type\":\"BreadcrumbList\",\"@id\":\"https:\\\/\\\/www.grounddatabank.com\\\/persoonlijk-advies\\\/#breadcrumb\",\"itemListElement\":[{\"@type\":\"ListItem\",\"position\":1,\"name\":\"Home\",\"item\":\"https:\\\/\\\/www.grounddatabank.com\\\/\"},{\"@type\":\"ListItem\",\"position\":2,\"name\":\"Persoonlijk advies\"}]},{\"@type\":\"WebSite\",\"@id\":\"https:\\\/\\\/www.grounddatabank.com\\\/#website\",\"url\":\"https:\\\/\\\/www.grounddatabank.com\\\/\",\"name\":\"GroundDataBank\",\"description\":\"Grond is machtig, GroundDataBank is krachtig!\",\"publisher\":{\"@id\":\"https:\\\/\\\/www.grounddatabank.com\\\/#organization\"},\"potentialAction\":[{\"@type\":\"SearchAction\",\"target\":{\"@type\":\"EntryPoint\",\"urlTemplate\":\"https:\\\/\\\/www.grounddatabank.com\\\/?s={search_term_string}\"},\"query-input\":{\"@type\":\"PropertyValueSpecification\",\"valueRequired\":true,\"valueName\":\"search_term_string\"}}],\"inLanguage\":\"tr\"},{\"@type\":\"Organization\",\"@id\":\"https:\\\/\\\/www.grounddatabank.com\\\/#organization\",\"name\":\"GroundDataBank\",\"url\":\"https:\\\/\\\/www.grounddatabank.com\\\/\",\"logo\":{\"@type\":\"ImageObject\",\"inLanguage\":\"tr\",\"@id\":\"https:\\\/\\\/www.grounddatabank.com\\\/#\\\/schema\\\/logo\\\/image\\\/\",\"url\":\"https:\\\/\\\/www.grounddatabank.com\\\/wp-content\\\/uploads\\\/2021\\\/04\\\/logo_small_icon_only.png\",\"contentUrl\":\"https:\\\/\\\/www.grounddatabank.com\\\/wp-content\\\/uploads\\\/2021\\\/04\\\/logo_small_icon_only.png\",\"width\":300,\"height\":300,\"caption\":\"GroundDataBank\"},\"image\":{\"@id\":\"https:\\\/\\\/www.grounddatabank.com\\\/#\\\/schema\\\/logo\\\/image\\\/\"}}]}<\/script>\n<!-- \/ Yoast SEO plugin. -->","yoast_head_json":{"title":"Persoonlijk advies - GroundDataBank","robots":{"index":"index","follow":"follow","max-snippet":"max-snippet:-1","max-image-preview":"max-image-preview:large","max-video-preview":"max-video-preview:-1"},"canonical":"https:\/\/www.grounddatabank.com\/tr\/kisisel-tavsiye\/","og_locale":"tr_TR","og_type":"article","og_title":"Persoonlijk advies - GroundDataBank","og_description":"Persoonlijk adviesHet succes van uw onderneming is erg bepalend door de juiste vestigingslocatie te kiezen. GroundDataBank helpt u hiermee met behulp van analyses op basis van uw bedrijfsinformatie.Deze analyses kunnen ook worden toegepast bij het advies voor particulieren die op zoek zijn naar het perfecte stuk grond voor priv\u00e9 gebruik. Er worden analyses gemaakt op...","og_url":"https:\/\/www.grounddatabank.com\/tr\/kisisel-tavsiye\/","og_site_name":"GroundDataBank","article_modified_time":"2024-08-15T05:57:00+00:00","og_image":[{"width":2560,"height":1339,"url":"https:\/\/www.grounddatabank.com\/wp-content\/uploads\/2022\/11\/Grounddatabank-scaled.jpg","type":"image\/jpeg"}],"twitter_card":"summary_large_image","twitter_misc":{"Tahmini okuma s\u00fcresi":"2 dakika"},"schema":{"@context":"https:\/\/schema.org","@graph":[{"@type":"WebPage","@id":"https:\/\/www.grounddatabank.com\/persoonlijk-advies\/","url":"https:\/\/www.grounddatabank.com\/persoonlijk-advies\/","name":"Persoonlijk advies - GroundDataBank","isPartOf":{"@id":"https:\/\/www.grounddatabank.com\/#website"},"datePublished":"2021-04-25T17:26:14+00:00","dateModified":"2024-08-15T05:57:00+00:00","breadcrumb":{"@id":"https:\/\/www.grounddatabank.com\/persoonlijk-advies\/#breadcrumb"},"inLanguage":"tr","potentialAction":[{"@type":"ReadAction","target":["https:\/\/www.grounddatabank.com\/persoonlijk-advies\/"]}]},{"@type":"BreadcrumbList","@id":"https:\/\/www.grounddatabank.com\/persoonlijk-advies\/#breadcrumb","itemListElement":[{"@type":"ListItem","position":1,"name":"Home","item":"https:\/\/www.grounddatabank.com\/"},{"@type":"ListItem","position":2,"name":"Persoonlijk advies"}]},{"@type":"WebSite","@id":"https:\/\/www.grounddatabank.com\/#website","url":"https:\/\/www.grounddatabank.com\/","name":"GroundDataBank","description":"Grond is machtig, GroundDataBank is krachtig!","publisher":{"@id":"https:\/\/www.grounddatabank.com\/#organization"},"potentialAction":[{"@type":"SearchAction","target":{"@type":"EntryPoint","urlTemplate":"https:\/\/www.grounddatabank.com\/?s={search_term_string}"},"query-input":{"@type":"PropertyValueSpecification","valueRequired":true,"valueName":"search_term_string"}}],"inLanguage":"tr"},{"@type":"Organization","@id":"https:\/\/www.grounddatabank.com\/#organization","name":"GroundDataBank","url":"https:\/\/www.grounddatabank.com\/","logo":{"@type":"ImageObject","inLanguage":"tr","@id":"https:\/\/www.grounddatabank.com\/#\/schema\/logo\/image\/","url":"https:\/\/www.grounddatabank.com\/wp-content\/uploads\/2021\/04\/logo_small_icon_only.png","contentUrl":"https:\/\/www.grounddatabank.com\/wp-content\/uploads\/2021\/04\/logo_small_icon_only.png","width":300,"height":300,"caption":"GroundDataBank"},"image":{"@id":"https:\/\/www.grounddatabank.com\/#\/schema\/logo\/image\/"}}]}},"_links":{"self":[{"href":"https:\/\/www.grounddatabank.com\/tr\/wp-json\/wp\/v2\/pages\/1527","targetHints":{"allow":["GET"]}}],"collection":[{"href":"https:\/\/www.grounddatabank.com\/tr\/wp-json\/wp\/v2\/pages"}],"about":[{"href":"https:\/\/www.grounddatabank.com\/tr\/wp-json\/wp\/v2\/types\/page"}],"author":[{"embeddable":true,"href":"https:\/\/www.grounddatabank.com\/tr\/wp-json\/wp\/v2\/users\/4"}],"replies":[{"embeddable":true,"href":"https:\/\/www.grounddatabank.com\/tr\/wp-json\/wp\/v2\/comments?post=1527"}],"version-history":[{"count":43,"href":"https:\/\/www.grounddatabank.com\/tr\/wp-json\/wp\/v2\/pages\/1527\/revisions"}],"predecessor-version":[{"id":4068,"href":"https:\/\/www.grounddatabank.com\/tr\/wp-json\/wp\/v2\/pages\/1527\/revisions\/4068"}],"wp:attachment":[{"href":"https:\/\/www.grounddatabank.com\/tr\/wp-json\/wp\/v2\/media?parent=1527"}],"curies":[{"name":"wp","href":"https:\/\/api.w.org\/{rel}","templated":true}]}}