{"id":3038,"date":"2021-11-09T10:46:15","date_gmt":"2021-11-09T10:46:15","guid":{"rendered":"https:\/\/www.grounddatabank.com\/?page_id=3038"},"modified":"2022-11-20T13:13:20","modified_gmt":"2022-11-20T13:13:20","slug":"co2-compensatie","status":"publish","type":"page","link":"https:\/\/www.grounddatabank.com\/tr\/co2-telafisi\/","title":{"rendered":"CO2 telafisi"},"content":{"rendered":"<div data-elementor-type=\"wp-page\" data-elementor-id=\"3038\" class=\"elementor elementor-3038\">\n\t\t\t\t\t\t<section class=\"elementor-section elementor-top-section elementor-element elementor-element-26f907c elementor-section-boxed elementor-section-height-default elementor-section-height-default\" data-id=\"26f907c\" data-element_type=\"section\">\n\t\t\t\t\t\t<div class=\"elementor-container elementor-column-gap-default\">\n\t\t\t\t\t<div class=\"elementor-column elementor-col-100 elementor-top-column elementor-element elementor-element-dc0c8fe\" data-id=\"dc0c8fe\" data-element_type=\"column\">\n\t\t\t<div class=\"elementor-widget-wrap\">\n\t\t\t\t\t\t\t<\/div>\n\t\t<\/div>\n\t\t\t\t\t<\/div>\n\t\t<\/section>\n\t\t\t\t<section class=\"elementor-section elementor-top-section elementor-element elementor-element-58fd3942 elementor-section-content-middle elementor-section-boxed elementor-section-height-default elementor-section-height-default\" data-id=\"58fd3942\" data-element_type=\"section\">\n\t\t\t\t\t\t\t<div class=\"elementor-background-overlay\"><\/div>\n\t\t\t\t\t\t\t<div class=\"elementor-container elementor-column-gap-no\">\n\t\t\t\t\t<div class=\"elementor-column elementor-col-100 elementor-top-column elementor-element elementor-element-421a0eeb\" data-id=\"421a0eeb\" data-element_type=\"column\">\n\t\t\t<div class=\"elementor-widget-wrap elementor-element-populated\">\n\t\t\t\t\t\t<div class=\"elementor-element elementor-element-2462c2a2 elementor-view-default elementor-position-top elementor-mobile-position-top elementor-widget elementor-widget-icon-box\" data-id=\"2462c2a2\" data-element_type=\"widget\" data-widget_type=\"icon-box.default\">\n\t\t\t\t<div class=\"elementor-widget-container\">\n\t\t\t\t\t<div class=\"elementor-icon-box-wrapper\">\n\n\t\t\t\t\t\t<div class=\"elementor-icon-box-icon\">\n\t\t\t\t<span  class=\"elementor-icon elementor-animation-\">\n\t\t\t\t<i aria-hidden=\"true\" class=\"fas fa-tree\"><\/i>\t\t\t\t<\/span>\n\t\t\t<\/div>\n\t\t\t\n\t\t\t\t\t\t<div class=\"elementor-icon-box-content\">\n\n\t\t\t\t\t\t\t\t\t<h4 class=\"elementor-icon-box-title\">\n\t\t\t\t\t\t<span  >\n\t\t\t\t\t\t\tCO2 telafisi\t\t\t\t\t\t<\/span>\n\t\t\t\t\t<\/h4>\n\t\t\t\t\n\t\t\t\t\t\t\t\t\t<p class=\"elementor-icon-box-description\">\n\t\t\t\t\t\tDaha iyi bir d\u00fcnya i\u00e7in bize yard\u0131m edin!\t\t\t\t\t<\/p>\n\t\t\t\t\n\t\t\t<\/div>\n\t\t\t\n\t\t<\/div>\n\t\t\t\t<\/div>\n\t\t\t\t<\/div>\n\t\t\t\t<div class=\"elementor-element elementor-element-6ec9f63d elementor-widget elementor-widget-text-editor\" data-id=\"6ec9f63d\" data-element_type=\"widget\" data-widget_type=\"text-editor.default\">\n\t\t\t\t<div class=\"elementor-widget-container\">\n\t\t\t\t\t\t\t<p>\u0130klim de\u011fi\u015fikli\u011fiyle m\u00fccadele i\u00e7in bir a\u011fa\u00e7: PAULOWNIA'ya yat\u0131r\u0131m yap\u0131n!<\/p><p>\u0130klim Anla\u015fmas\u0131'n\u0131n ard\u0131ndan 2020'de Orman Stratejisi, ormanlar\u0131n ve a\u011fa\u00e7lar\u0131n atmosferden fazladan CO2 yakalamaya, iklim de\u011fi\u015fikli\u011fine kar\u015f\u0131 manzaray\u0131 g\u00fc\u00e7lendirmeye ve biyolojik \u00e7e\u015fitlili\u011fe nas\u0131l katk\u0131da bulunabilece\u011fini belirleyecek.<\/p><p>\u0130klim de\u011fi\u015fikli\u011fi ve k\u00fcresel \u0131s\u0131nma ile m\u00fccadelede \u00e7\u00f6z\u00fcm yollar\u0131ndan biri de ormanl\u0131k alanlar\u0131n artt\u0131r\u0131lmas\u0131d\u0131r.<\/p><p>Bunun nedeni, a\u011fa\u00e7lar\u0131n faaliyetlerimiz ve nakliyemiz s\u0131ras\u0131nda yayd\u0131\u011f\u0131m\u0131z CO2'yi emmesidir. Gezegende ne kadar \u00e7ok ye\u015fil alan varsa, o kadar fazla CO2 emilir.<\/p><p>Ormanlar\u0131 korumak ve d\u00f6n\u00fcmlerini art\u0131rmak gelece\u011fimiz i\u00e7in hayati \u00f6nem ta\u015f\u0131rken, insanlar kereste \u00fcretmek veya onlarla ticaret yapmak i\u00e7in onlar\u0131 yok etmekte \u0131srar ediyor. D\u00fcnyadaki t\u00fcm a\u011fa\u00e7 t\u00fcrleri aras\u0131nda, iklim de\u011fi\u015fikli\u011fine kar\u015f\u0131 m\u00fccadelede bize \u00e7ok yard\u0131mc\u0131 olabilecek \u00f6zellikle Paulownia!<\/p>\t\t\t\t\t\t<\/div>\n\t\t\t\t<\/div>\n\t\t\t\t\t<\/div>\n\t\t<\/div>\n\t\t\t\t\t<\/div>\n\t\t<\/section>\n\t\t\t\t<section class=\"elementor-section elementor-top-section elementor-element elementor-element-7f0fd7e7 elementor-section-content-middle elementor-section-boxed elementor-section-height-default elementor-section-height-default\" data-id=\"7f0fd7e7\" data-element_type=\"section\">\n\t\t\t\t\t\t<div class=\"elementor-container elementor-column-gap-no\">\n\t\t\t\t\t<div class=\"elementor-column elementor-col-100 elementor-top-column elementor-element elementor-element-e8e7a0a\" data-id=\"e8e7a0a\" data-element_type=\"column\">\n\t\t\t<div class=\"elementor-widget-wrap elementor-element-populated\">\n\t\t\t\t\t\t<div class=\"elementor-element elementor-element-75a0d618 elementor-widget elementor-widget-heading\" data-id=\"75a0d618\" data-element_type=\"widget\" data-widget_type=\"heading.default\">\n\t\t\t\t<div class=\"elementor-widget-container\">\n\t\t\t<h5 class=\"elementor-heading-title elementor-size-default\">\u0130leti\u015fim<\/h5>\t\t<\/div>\n\t\t\t\t<\/div>\n\t\t\t\t<div class=\"elementor-element elementor-element-4b05e6bf elementor-widget elementor-widget-heading\" data-id=\"4b05e6bf\" data-element_type=\"widget\" data-widget_type=\"heading.default\">\n\t\t\t\t<div class=\"elementor-widget-container\">\n\t\t\t<h6 class=\"elementor-heading-title elementor-size-default\">Daha fazla bilgi? O halde bizimle ileti\u015fime ge\u00e7in!<\/h6>\t\t<\/div>\n\t\t\t\t<\/div>\n\t\t\t\t<div class=\"elementor-element elementor-element-e6e036f elementor-widget elementor-widget-heading\" data-id=\"e6e036f\" data-element_type=\"widget\" data-widget_type=\"heading.default\">\n\t\t\t\t<div class=\"elementor-widget-container\">\n\t\t\t<h4 class=\"elementor-heading-title elementor-size-default\">info@grounddatabank.com<\/h4>\t\t<\/div>\n\t\t\t\t<\/div>\n\t\t\t\t\t<\/div>\n\t\t<\/div>\n\t\t\t\t\t<\/div>\n\t\t<\/section>\n\t\t\t\t<\/div>","protected":false},"excerpt":{"rendered":"<p>CO2 compensatie Help us for a better world! Een boom om klimaatverandering tegen te gaan: Investeer in PAULOWNIA! Naar aanleiding van het Klimaatakkoord is in 2020 in de Bossenstrategie vastgesteld hoe bos en bomen kunnen bijdragen aan het vastleggen van extra CO2 uit de atmosfeer, het landschap tegen klimaatverandering kunnen versterken en kunnen bijdragen aan&#8230;<\/p>","protected":false},"author":4,"featured_media":0,"parent":0,"menu_order":0,"comment_status":"closed","ping_status":"closed","template":"","meta":{"inline_featured_image":false,"footnotes":""},"class_list":["post-3038","page","type-page","status-publish","hentry"],"yoast_head":"<!-- This site is optimized with the Yoast SEO plugin v27.5 - https:\/\/yoast.com\/product\/yoast-seo-wordpress\/ -->\n<title>CO2 compensatie - GroundDataBank<\/title>\n<meta name=\"robots\" content=\"index, follow, max-snippet:-1, max-image-preview:large, max-video-preview:-1\" \/>\n<link rel=\"canonical\" href=\"https:\/\/www.grounddatabank.com\/tr\/co2-telafisi\/\" \/>\n<meta property=\"og:locale\" content=\"tr_TR\" \/>\n<meta property=\"og:type\" content=\"article\" \/>\n<meta property=\"og:title\" content=\"CO2 compensatie - GroundDataBank\" \/>\n<meta property=\"og:description\" content=\"CO2 compensatie Help us for a better world! Een boom om klimaatverandering tegen te gaan: Investeer in PAULOWNIA! Naar aanleiding van het Klimaatakkoord is in 2020 in de Bossenstrategie vastgesteld hoe bos en bomen kunnen bijdragen aan het vastleggen van extra CO2 uit de atmosfeer, het landschap tegen klimaatverandering kunnen versterken en kunnen bijdragen aan...\" \/>\n<meta property=\"og:url\" content=\"https:\/\/www.grounddatabank.com\/tr\/co2-telafisi\/\" \/>\n<meta property=\"og:site_name\" content=\"GroundDataBank\" \/>\n<meta property=\"article:modified_time\" content=\"2022-11-20T13:13:20+00:00\" \/>\n<meta property=\"og:image\" content=\"https:\/\/www.grounddatabank.com\/wp-content\/uploads\/2022\/11\/Grounddatabank-scaled.jpg\" \/>\n\t<meta property=\"og:image:width\" content=\"2560\" \/>\n\t<meta property=\"og:image:height\" content=\"1339\" \/>\n\t<meta property=\"og:image:type\" content=\"image\/jpeg\" \/>\n<meta name=\"twitter:card\" content=\"summary_large_image\" \/>\n<meta name=\"twitter:label1\" content=\"Tahmini okuma s\u00fcresi\" \/>\n\t<meta name=\"twitter:data1\" content=\"1 dakika\" \/>\n<script type=\"application\/ld+json\" class=\"yoast-schema-graph\">{\"@context\":\"https:\\\/\\\/schema.org\",\"@graph\":[{\"@type\":\"WebPage\",\"@id\":\"https:\\\/\\\/www.grounddatabank.com\\\/co2-compensatie\\\/\",\"url\":\"https:\\\/\\\/www.grounddatabank.com\\\/co2-compensatie\\\/\",\"name\":\"CO2 compensatie - GroundDataBank\",\"isPartOf\":{\"@id\":\"https:\\\/\\\/www.grounddatabank.com\\\/#website\"},\"datePublished\":\"2021-11-09T10:46:15+00:00\",\"dateModified\":\"2022-11-20T13:13:20+00:00\",\"breadcrumb\":{\"@id\":\"https:\\\/\\\/www.grounddatabank.com\\\/co2-compensatie\\\/#breadcrumb\"},\"inLanguage\":\"tr\",\"potentialAction\":[{\"@type\":\"ReadAction\",\"target\":[\"https:\\\/\\\/www.grounddatabank.com\\\/co2-compensatie\\\/\"]}]},{\"@type\":\"BreadcrumbList\",\"@id\":\"https:\\\/\\\/www.grounddatabank.com\\\/co2-compensatie\\\/#breadcrumb\",\"itemListElement\":[{\"@type\":\"ListItem\",\"position\":1,\"name\":\"Home\",\"item\":\"https:\\\/\\\/www.grounddatabank.com\\\/\"},{\"@type\":\"ListItem\",\"position\":2,\"name\":\"CO2 compensatie\"}]},{\"@type\":\"WebSite\",\"@id\":\"https:\\\/\\\/www.grounddatabank.com\\\/#website\",\"url\":\"https:\\\/\\\/www.grounddatabank.com\\\/\",\"name\":\"GroundDataBank\",\"description\":\"Grond is machtig, GroundDataBank is krachtig!\",\"publisher\":{\"@id\":\"https:\\\/\\\/www.grounddatabank.com\\\/#organization\"},\"potentialAction\":[{\"@type\":\"SearchAction\",\"target\":{\"@type\":\"EntryPoint\",\"urlTemplate\":\"https:\\\/\\\/www.grounddatabank.com\\\/?s={search_term_string}\"},\"query-input\":{\"@type\":\"PropertyValueSpecification\",\"valueRequired\":true,\"valueName\":\"search_term_string\"}}],\"inLanguage\":\"tr\"},{\"@type\":\"Organization\",\"@id\":\"https:\\\/\\\/www.grounddatabank.com\\\/#organization\",\"name\":\"GroundDataBank\",\"url\":\"https:\\\/\\\/www.grounddatabank.com\\\/\",\"logo\":{\"@type\":\"ImageObject\",\"inLanguage\":\"tr\",\"@id\":\"https:\\\/\\\/www.grounddatabank.com\\\/#\\\/schema\\\/logo\\\/image\\\/\",\"url\":\"https:\\\/\\\/www.grounddatabank.com\\\/wp-content\\\/uploads\\\/2021\\\/04\\\/logo_small_icon_only.png\",\"contentUrl\":\"https:\\\/\\\/www.grounddatabank.com\\\/wp-content\\\/uploads\\\/2021\\\/04\\\/logo_small_icon_only.png\",\"width\":300,\"height\":300,\"caption\":\"GroundDataBank\"},\"image\":{\"@id\":\"https:\\\/\\\/www.grounddatabank.com\\\/#\\\/schema\\\/logo\\\/image\\\/\"}}]}<\/script>\n<!-- \/ Yoast SEO plugin. -->","yoast_head_json":{"title":"CO2 compensatie - GroundDataBank","robots":{"index":"index","follow":"follow","max-snippet":"max-snippet:-1","max-image-preview":"max-image-preview:large","max-video-preview":"max-video-preview:-1"},"canonical":"https:\/\/www.grounddatabank.com\/tr\/co2-telafisi\/","og_locale":"tr_TR","og_type":"article","og_title":"CO2 compensatie - GroundDataBank","og_description":"CO2 compensatie Help us for a better world! Een boom om klimaatverandering tegen te gaan: Investeer in PAULOWNIA! Naar aanleiding van het Klimaatakkoord is in 2020 in de Bossenstrategie vastgesteld hoe bos en bomen kunnen bijdragen aan het vastleggen van extra CO2 uit de atmosfeer, het landschap tegen klimaatverandering kunnen versterken en kunnen bijdragen aan...","og_url":"https:\/\/www.grounddatabank.com\/tr\/co2-telafisi\/","og_site_name":"GroundDataBank","article_modified_time":"2022-11-20T13:13:20+00:00","og_image":[{"width":2560,"height":1339,"url":"https:\/\/www.grounddatabank.com\/wp-content\/uploads\/2022\/11\/Grounddatabank-scaled.jpg","type":"image\/jpeg"}],"twitter_card":"summary_large_image","twitter_misc":{"Tahmini okuma s\u00fcresi":"1 dakika"},"schema":{"@context":"https:\/\/schema.org","@graph":[{"@type":"WebPage","@id":"https:\/\/www.grounddatabank.com\/co2-compensatie\/","url":"https:\/\/www.grounddatabank.com\/co2-compensatie\/","name":"CO2 compensatie - GroundDataBank","isPartOf":{"@id":"https:\/\/www.grounddatabank.com\/#website"},"datePublished":"2021-11-09T10:46:15+00:00","dateModified":"2022-11-20T13:13:20+00:00","breadcrumb":{"@id":"https:\/\/www.grounddatabank.com\/co2-compensatie\/#breadcrumb"},"inLanguage":"tr","potentialAction":[{"@type":"ReadAction","target":["https:\/\/www.grounddatabank.com\/co2-compensatie\/"]}]},{"@type":"BreadcrumbList","@id":"https:\/\/www.grounddatabank.com\/co2-compensatie\/#breadcrumb","itemListElement":[{"@type":"ListItem","position":1,"name":"Home","item":"https:\/\/www.grounddatabank.com\/"},{"@type":"ListItem","position":2,"name":"CO2 compensatie"}]},{"@type":"WebSite","@id":"https:\/\/www.grounddatabank.com\/#website","url":"https:\/\/www.grounddatabank.com\/","name":"GroundDataBank","description":"Grond is machtig, GroundDataBank is krachtig!","publisher":{"@id":"https:\/\/www.grounddatabank.com\/#organization"},"potentialAction":[{"@type":"SearchAction","target":{"@type":"EntryPoint","urlTemplate":"https:\/\/www.grounddatabank.com\/?s={search_term_string}"},"query-input":{"@type":"PropertyValueSpecification","valueRequired":true,"valueName":"search_term_string"}}],"inLanguage":"tr"},{"@type":"Organization","@id":"https:\/\/www.grounddatabank.com\/#organization","name":"GroundDataBank","url":"https:\/\/www.grounddatabank.com\/","logo":{"@type":"ImageObject","inLanguage":"tr","@id":"https:\/\/www.grounddatabank.com\/#\/schema\/logo\/image\/","url":"https:\/\/www.grounddatabank.com\/wp-content\/uploads\/2021\/04\/logo_small_icon_only.png","contentUrl":"https:\/\/www.grounddatabank.com\/wp-content\/uploads\/2021\/04\/logo_small_icon_only.png","width":300,"height":300,"caption":"GroundDataBank"},"image":{"@id":"https:\/\/www.grounddatabank.com\/#\/schema\/logo\/image\/"}}]}},"_links":{"self":[{"href":"https:\/\/www.grounddatabank.com\/tr\/wp-json\/wp\/v2\/pages\/3038","targetHints":{"allow":["GET"]}}],"collection":[{"href":"https:\/\/www.grounddatabank.com\/tr\/wp-json\/wp\/v2\/pages"}],"about":[{"href":"https:\/\/www.grounddatabank.com\/tr\/wp-json\/wp\/v2\/types\/page"}],"author":[{"embeddable":true,"href":"https:\/\/www.grounddatabank.com\/tr\/wp-json\/wp\/v2\/users\/4"}],"replies":[{"embeddable":true,"href":"https:\/\/www.grounddatabank.com\/tr\/wp-json\/wp\/v2\/comments?post=3038"}],"version-history":[{"count":6,"href":"https:\/\/www.grounddatabank.com\/tr\/wp-json\/wp\/v2\/pages\/3038\/revisions"}],"predecessor-version":[{"id":3158,"href":"https:\/\/www.grounddatabank.com\/tr\/wp-json\/wp\/v2\/pages\/3038\/revisions\/3158"}],"wp:attachment":[{"href":"https:\/\/www.grounddatabank.com\/tr\/wp-json\/wp\/v2\/media?parent=3038"}],"curies":[{"name":"wp","href":"https:\/\/api.w.org\/{rel}","templated":true}]}}